{"id":3094,"date":"2020-08-31T15:18:54","date_gmt":"2020-08-31T13:18:54","guid":{"rendered":"https:\/\/erbetix.com\/ueber-uns\/"},"modified":"2020-08-31T15:21:58","modified_gmt":"2020-08-31T13:21:58","slug":"ueber-uns","status":"publish","type":"page","link":"https:\/\/erbetix.com\/de\/ueber-uns\/","title":{"rendered":"\u00dcber uns"},"content":{"rendered":"<div class=\"wpb-content-wrapper\"><p>[vc_row css=&#8221;.vc_custom_1597835718218{padding-top: 100px !important;padding-bottom: 80px !important;background-image: url(https:\/\/erbetix.com\/wp-content\/uploads\/2020\/08\/Asset-4@2x.png?id=2598) !important;background-position: center !important;background-repeat: no-repeat !important;background-size: cover !important;}&#8221;][vc_column][vc_column_text]<\/p>\n<h1>Was wir tun<\/h1>\n<p>[\/vc_column_text][\/vc_column][\/vc_row][vc_row wrap_container=&#8221;yes&#8221; css=&#8221;.vc_custom_1520146469968{margin-bottom: 30px !important;padding-top: 30px !important;padding-bottom: 30px !important;background-color: #ffffff !important;}&#8221;][vc_column][vc_column_text]<\/p>\n<h3><strong>Produkte und Services von h\u00f6chster Qualit\u00e4t in der Kr\u00e4uterindustrie<\/strong><\/h3>\n<p>Wir sind Experten in den Verfahren zur Gewinnung aller Arten von \u00e4therischen \u00d6len. Unsere Rohstoffe k\u00f6nnen im gesamten Spektrum mit Tr\u00e4ger\u00f6len verd\u00fcnnt werden, die ein Grundstoff f\u00fcr alle Produkte sein k\u00f6nnen, die wir herstellen: Tinkturen, weiche Gele, essbare Produkte, Produkte zur \u00e4u\u00dferen Anwendung oder Nahrungserg\u00e4nzungsmittel auf Cannabinoid-Basis.<\/p>\n<p>Die Marke ERBETIX bietet unseren Kunden alles &#8211; von der Extraktion \u00fcber die Fertigstellung, die Produktentwicklung bis zur Endverpackung.<\/p>\n<p>Die Aufgabe unseres Teams besteht darin, Partnerschaften aufzubauen, indem wir unser Fachwissen in den Bereichen Herstellung, Prozesskontrolle und Gesch\u00e4ftsentwicklung miteinander teilen.<\/p>\n<p>Unser Extraktionszentrum bietet wettbewerbsf\u00e4hige und flexible Vertr\u00e4ge f\u00fcr kundenspezifische Extraktions-Services.<\/p>\n<p>Wir verf\u00fcgen \u00fcber die Kapazit\u00e4t und F\u00e4higkeit, umfassende Dienstleistungen vom Rohextrakt bis hin zu einem vollst\u00e4ndig fertigen Produkt anzubieten.[\/vc_column_text][\/vc_column][\/vc_row]<\/p>\n<\/div>","protected":false},"excerpt":{"rendered":"<p>[vc_row css=&#8221;.vc_custom_1597835718218{padding-top: 100px !important;padding-bottom: 80px !important;background-image: url(https:\/\/erbetix.com\/wp-content\/uploads\/2020\/08\/Asset-4@2x.png?id=2598) !important;background-position: center !important;background-repeat: no-repeat !important;background-size: cover !important;}&#8221;][vc_column][vc_column_text] Was wir tun [\/vc_column_text][\/vc_column][\/vc_row][vc_row wrap_container=&#8221;yes&#8221; css=&#8221;.vc_custom_1520146469968{margin-bottom: 30px !important;padding-top: 30px !important;padding-bottom: 30px !important;background-color: #ffffff !important;}&#8221;][vc_column][vc_column_text] Produkte und Services von h\u00f6chster Qualit\u00e4t in der Kr\u00e4uterindustrie Wir sind Experten in den Verfahren zur Gewinnung aller Arten von \u00e4therischen \u00d6len. Unsere Rohstoffe k\u00f6nnen im gesamten [&hellip;]<\/p>\n","protected":false},"author":1,"featured_media":0,"parent":0,"menu_order":0,"comment_status":"closed","ping_status":"closed","template":"","meta":{"footnotes":""},"class_list":["post-3094","page","type-page","status-publish","hentry"],"yoast_head":"<!-- This site is optimized with the Yoast SEO plugin v27.3 - https:\/\/yoast.com\/product\/yoast-seo-wordpress\/ -->\n<title>\u00dcber uns - Erbetix<\/title>\n<meta name=\"robots\" content=\"index, follow, max-snippet:-1, max-image-preview:large, max-video-preview:-1\" \/>\n<link rel=\"canonical\" href=\"https:\/\/erbetix.com\/de\/ueber-uns\/\" \/>\n<meta property=\"og:locale\" content=\"de_DE\" \/>\n<meta property=\"og:type\" content=\"article\" \/>\n<meta property=\"og:title\" content=\"\u00dcber uns - Erbetix\" \/>\n<meta property=\"og:description\" content=\"[vc_row css=&#8221;.vc_custom_1597835718218{padding-top: 100px !important;padding-bottom: 80px !important;background-image: url(https:\/\/erbetix.com\/wp-content\/uploads\/2020\/08\/Asset-4@2x.png?id=2598) !important;background-position: center !important;background-repeat: no-repeat !important;background-size: cover !important;}&#8221;][vc_column][vc_column_text] Was wir tun [\/vc_column_text][\/vc_column][\/vc_row][vc_row wrap_container=&#8221;yes&#8221; css=&#8221;.vc_custom_1520146469968{margin-bottom: 30px !important;padding-top: 30px !important;padding-bottom: 30px !important;background-color: #ffffff !important;}&#8221;][vc_column][vc_column_text] Produkte und Services von h\u00f6chster Qualit\u00e4t in der Kr\u00e4uterindustrie Wir sind Experten in den Verfahren zur Gewinnung aller Arten von \u00e4therischen \u00d6len. Unsere Rohstoffe k\u00f6nnen im gesamten [&hellip;]\" \/>\n<meta property=\"og:url\" content=\"https:\/\/erbetix.com\/de\/ueber-uns\/\" \/>\n<meta property=\"og:site_name\" content=\"Erbetix\" \/>\n<meta property=\"article:modified_time\" content=\"2020-08-31T13:21:58+00:00\" \/>\n<meta name=\"twitter:card\" content=\"summary_large_image\" \/>\n<meta name=\"twitter:label1\" content=\"Gesch\u00e4tzte Lesezeit\" \/>\n\t<meta name=\"twitter:data1\" content=\"1\u00a0Minute\" \/>\n<script type=\"application\/ld+json\" class=\"yoast-schema-graph\">{\"@context\":\"https:\\\/\\\/schema.org\",\"@graph\":[{\"@type\":\"WebPage\",\"@id\":\"https:\\\/\\\/erbetix.com\\\/de\\\/ueber-uns\\\/\",\"url\":\"https:\\\/\\\/erbetix.com\\\/de\\\/ueber-uns\\\/\",\"name\":\"\u00dcber uns - Erbetix\",\"isPartOf\":{\"@id\":\"https:\\\/\\\/erbetix.com\\\/de\\\/#website\"},\"datePublished\":\"2020-08-31T13:18:54+00:00\",\"dateModified\":\"2020-08-31T13:21:58+00:00\",\"breadcrumb\":{\"@id\":\"https:\\\/\\\/erbetix.com\\\/de\\\/ueber-uns\\\/#breadcrumb\"},\"inLanguage\":\"de\",\"potentialAction\":[{\"@type\":\"ReadAction\",\"target\":[\"https:\\\/\\\/erbetix.com\\\/de\\\/ueber-uns\\\/\"]}]},{\"@type\":\"BreadcrumbList\",\"@id\":\"https:\\\/\\\/erbetix.com\\\/de\\\/ueber-uns\\\/#breadcrumb\",\"itemListElement\":[{\"@type\":\"ListItem\",\"position\":1,\"name\":\"Home\",\"item\":\"https:\\\/\\\/erbetix.com\\\/de\\\/\"},{\"@type\":\"ListItem\",\"position\":2,\"name\":\"\u00dcber uns\"}]},{\"@type\":\"WebSite\",\"@id\":\"https:\\\/\\\/erbetix.com\\\/de\\\/#website\",\"url\":\"https:\\\/\\\/erbetix.com\\\/de\\\/\",\"name\":\"Erbetix\",\"description\":\"The highest quality products and services in the herbal extract industry.\",\"potentialAction\":[{\"@type\":\"SearchAction\",\"target\":{\"@type\":\"EntryPoint\",\"urlTemplate\":\"https:\\\/\\\/erbetix.com\\\/de\\\/?s={search_term_string}\"},\"query-input\":{\"@type\":\"PropertyValueSpecification\",\"valueRequired\":true,\"valueName\":\"search_term_string\"}}],\"inLanguage\":\"de\"}]}<\/script>\n<!-- \/ Yoast SEO plugin. -->","yoast_head_json":{"title":"\u00dcber uns - Erbetix","robots":{"index":"index","follow":"follow","max-snippet":"max-snippet:-1","max-image-preview":"max-image-preview:large","max-video-preview":"max-video-preview:-1"},"canonical":"https:\/\/erbetix.com\/de\/ueber-uns\/","og_locale":"de_DE","og_type":"article","og_title":"\u00dcber uns - Erbetix","og_description":"[vc_row css=&#8221;.vc_custom_1597835718218{padding-top: 100px !important;padding-bottom: 80px !important;background-image: url(https:\/\/erbetix.com\/wp-content\/uploads\/2020\/08\/Asset-4@2x.png?id=2598) !important;background-position: center !important;background-repeat: no-repeat !important;background-size: cover !important;}&#8221;][vc_column][vc_column_text] Was wir tun [\/vc_column_text][\/vc_column][\/vc_row][vc_row wrap_container=&#8221;yes&#8221; css=&#8221;.vc_custom_1520146469968{margin-bottom: 30px !important;padding-top: 30px !important;padding-bottom: 30px !important;background-color: #ffffff !important;}&#8221;][vc_column][vc_column_text] Produkte und Services von h\u00f6chster Qualit\u00e4t in der Kr\u00e4uterindustrie Wir sind Experten in den Verfahren zur Gewinnung aller Arten von \u00e4therischen \u00d6len. Unsere Rohstoffe k\u00f6nnen im gesamten [&hellip;]","og_url":"https:\/\/erbetix.com\/de\/ueber-uns\/","og_site_name":"Erbetix","article_modified_time":"2020-08-31T13:21:58+00:00","twitter_card":"summary_large_image","twitter_misc":{"Gesch\u00e4tzte Lesezeit":"1\u00a0Minute"},"schema":{"@context":"https:\/\/schema.org","@graph":[{"@type":"WebPage","@id":"https:\/\/erbetix.com\/de\/ueber-uns\/","url":"https:\/\/erbetix.com\/de\/ueber-uns\/","name":"\u00dcber uns - Erbetix","isPartOf":{"@id":"https:\/\/erbetix.com\/de\/#website"},"datePublished":"2020-08-31T13:18:54+00:00","dateModified":"2020-08-31T13:21:58+00:00","breadcrumb":{"@id":"https:\/\/erbetix.com\/de\/ueber-uns\/#breadcrumb"},"inLanguage":"de","potentialAction":[{"@type":"ReadAction","target":["https:\/\/erbetix.com\/de\/ueber-uns\/"]}]},{"@type":"BreadcrumbList","@id":"https:\/\/erbetix.com\/de\/ueber-uns\/#breadcrumb","itemListElement":[{"@type":"ListItem","position":1,"name":"Home","item":"https:\/\/erbetix.com\/de\/"},{"@type":"ListItem","position":2,"name":"\u00dcber uns"}]},{"@type":"WebSite","@id":"https:\/\/erbetix.com\/de\/#website","url":"https:\/\/erbetix.com\/de\/","name":"Erbetix","description":"The highest quality products and services in the herbal extract industry.","potentialAction":[{"@type":"SearchAction","target":{"@type":"EntryPoint","urlTemplate":"https:\/\/erbetix.com\/de\/?s={search_term_string}"},"query-input":{"@type":"PropertyValueSpecification","valueRequired":true,"valueName":"search_term_string"}}],"inLanguage":"de"}]}},"_links":{"self":[{"href":"https:\/\/erbetix.com\/de\/wp-json\/wp\/v2\/pages\/3094","targetHints":{"allow":["GET"]}}],"collection":[{"href":"https:\/\/erbetix.com\/de\/wp-json\/wp\/v2\/pages"}],"about":[{"href":"https:\/\/erbetix.com\/de\/wp-json\/wp\/v2\/types\/page"}],"author":[{"embeddable":true,"href":"https:\/\/erbetix.com\/de\/wp-json\/wp\/v2\/users\/1"}],"replies":[{"embeddable":true,"href":"https:\/\/erbetix.com\/de\/wp-json\/wp\/v2\/comments?post=3094"}],"version-history":[{"count":4,"href":"https:\/\/erbetix.com\/de\/wp-json\/wp\/v2\/pages\/3094\/revisions"}],"predecessor-version":[{"id":3098,"href":"https:\/\/erbetix.com\/de\/wp-json\/wp\/v2\/pages\/3094\/revisions\/3098"}],"wp:attachment":[{"href":"https:\/\/erbetix.com\/de\/wp-json\/wp\/v2\/media?parent=3094"}],"curies":[{"name":"wp","href":"https:\/\/api.w.org\/{rel}","templated":true}]}}