{"id":3125,"date":"2020-08-31T16:17:32","date_gmt":"2020-08-31T14:17:32","guid":{"rendered":"https:\/\/erbetix.com\/?page_id=3125"},"modified":"2020-08-31T17:01:16","modified_gmt":"2020-08-31T15:01:16","slug":"datenschutzerklaerung","status":"publish","type":"page","link":"https:\/\/erbetix.com\/de\/datenschutzerklaerung\/","title":{"rendered":"Datenschutzerkl\u00e4rung"},"content":{"rendered":"\n<p>Hier bei EKO SITO Markenname von EKO SITO, erreichbar unter www.erbetix.com, ist die Privatsph\u00e4re unserer Besucher eine unserer Hauptpriorit\u00e4ten. Dieses Dokument zum Datenschutz enth\u00e4lt Arten von Informationen, die von EKO SITO gesammelt und aufgezeichnet werden und wie wir sie verwenden.<\/p>\n\n\n\n<p>Wenn Sie weitere Fragen haben oder weitere Informationen \u00fcber unsere Datenschutzerkl\u00e4rung ben\u00f6tigen, z\u00f6gern Sie nicht, uns per E-Mail unter info@erbetix.com zu kontaktieren.<\/p>\n\n\n\n<p><strong>Allgemeine Datenschutzverordnung (GDPR)<\/strong><\/p>\n\n\n\n<p>Wir sind verantwortlich f\u00fcr die Datenverarbeitung Ihrer Informationen.<\/p>\n\n\n\n<p>Die EKO SITO-Rechtsgrundlage f\u00fcr die Erfassung und Verwendung der in dieser Datenschutzrichtlinie beschriebenen pers\u00f6nlichen Informationen h\u00e4ngt von den von uns erfassten pers\u00f6nlichen Informationen und dem spezifischen Kontext ab, in dem wir die Informationen erfassen:<\/p>\n\n\n\n<p>&#8211; EKO SITO muss einen Vertrag mit Ihnen erf\u00fcllen<\/p>\n\n\n\n<p>&#8211; Sie haben EKO SITO die Erlaubnis erteilt, dies zu tun<\/p>\n\n\n\n<p>&#8211; Die Verarbeitung Ihrer pers\u00f6nlichen Daten liegt im berechtigten Interesse von EKO SITO<\/p>\n\n\n\n<p>&#8211; EKO SITO muss sich an das Gesetz halten<\/p>\n\n\n\n<p>EKO SITO bewahrt Ihre pers\u00f6nlichen Daten nur so lange auf, wie es f\u00fcr die in dieser Datenschutzerkl\u00e4rung dargelegten Zwecke erforderlich ist. Wir werden Ihre Daten in dem Umfang aufbewahren und nutzen, wie dies zur Erf\u00fcllung unserer rechtlichen Verpflichtungen, zur Beilegung von Streitigkeiten und zur Durchsetzung unserer Richtlinien erforderlich ist.<\/p>\n\n\n\n<p>Wenn Sie im Europ\u00e4ischen Wirtschaftsraum (EWR) ans\u00e4ssig sind, haben Sie bestimmte Datenschutzrechte. Wenn Sie dar\u00fcber informiert werden m\u00f6chten, welche pers\u00f6nlichen Daten wir \u00fcber Sie speichern, und wenn Sie m\u00f6chten, dass diese aus unseren Systemen entfernt werden, kontaktieren Sie uns bitte.<\/p>\n\n\n\n<p>Unter bestimmten Umst\u00e4nden haben Sie die folgenden Datenschutzrechte:<\/p>\n\n\n\n<p>&#8211; Das Recht, auf die Informationen, die wir \u00fcber Sie haben, zuzugreifen, sie zu aktualisieren oder zu l\u00f6schen.<\/p>\n\n\n\n<p>&#8211; Das Recht auf Berichtigung.<\/p>\n\n\n\n<p>&#8211; Das Recht auf Widerspruch.<\/p>\n\n\n\n<p>&#8211; Das Recht auf Einschr\u00e4nkung.<\/p>\n\n\n\n<p>&#8211; Das Recht auf Daten\u00fcbertragbarkeit<\/p>\n\n\n\n<p>&#8211; Das Recht auf Widerruf der Zustimmung<\/p>\n\n\n\n<p><strong>Log-Dateien<\/strong><\/p>\n\n\n\n<p>EKO SITO folgt einem Standardverfahren zur Verwendung von Protokolldateien. Diese Dateien protokollieren Besucher, wenn sie Websites besuchen. Alle Hosting-Unternehmen tun dies und einen Teil der Analysen der Hosting-Dienste. Die von den Protokolldateien gesammelten Informationen umfassen Internet-Protokolladressen (IP-Adressen), Browser-Typ, Internet Service Provider (ISP), Datums- und Zeitstempel, verweisende Seiten und m\u00f6glicherweise die Anzahl der Klicks. Diese sind nicht mit Informationen verkn\u00fcpft, die eine pers\u00f6nliche Identifizierung erm\u00f6glichen. Der Zweck der Informationen besteht darin, Trends zu analysieren, die Website zu verwalten, die Bewegungen der Benutzer auf der Website zu verfolgen und demographische Informationen zu sammeln.<\/p>\n\n\n\n<p><strong>Cookies und Web Beacons<\/strong><\/p>\n\n\n\n<p>Wie jede andere Website verwendet EKO SITO &#8216;Cookies&#8217;. Diese Cookies werden verwendet, um Informationen zu speichern, einschlie\u00dflich der Pr\u00e4ferenzen der Besucher und der Seiten auf der Website, auf die der Besucher zugegriffen oder die er besucht hat. Die Informationen werden verwendet, um die Erfahrung der Benutzer zu optimieren, indem der Inhalt unserer Webseite auf den Browsertyp des Besuchers und\/oder andere Informationen abgestimmt wird.<\/p>\n\n\n\n<p><strong>Datenschutz-Richtlinien<\/strong><\/p>\n\n\n\n<p>Sie k\u00f6nnen auf diese Liste zur\u00fcckgreifen, um die Datenschutzrichtlinien f\u00fcr jeden der Werbepartner von EKO SITO zu finden.<\/p>\n\n\n\n<p>Adserver oder Werbenetzwerke von Dritten verwenden Technologien wie Cookies, JavaScript oder Web Beacons, die in ihren jeweiligen Anzeigen und Links, die auf EKO SITO erscheinen und direkt an den Browser der Benutzer gesendet werden, verwendet werden. Sie erhalten automatisch Ihre IP-Adresse, wenn dies geschieht. Diese Technologien werden verwendet, um die Wirksamkeit ihrer Werbekampagnen zu messen und\/oder um den Werbeinhalt, den Sie auf den von Ihnen besuchten Websites sehen, zu personalisieren.<\/p>\n\n\n\n<p>Beachten Sie, dass EKO SITO keinen Zugang zu oder Kontrolle \u00fcber diese Cookies hat, die von Drittanbietern von Werbung verwendet werden.<\/p>\n\n\n\n<p><strong>Datenschutzrichtlinien von Drittparteien<\/strong><\/p>\n\n\n\n<p>Die Datenschutzerkl\u00e4rung von EKO SITO gilt nicht f\u00fcr andere Inserenten oder Websites. Daher raten wir Ihnen, f\u00fcr detailliertere Informationen die jeweiligen Datenschutzrichtlinien dieser Drittanbieter-Anzeigenserver zu konsultieren. Sie k\u00f6nnen deren Praktiken und Anleitungen zum Ausstieg aus bestimmten Optionen enthalten. Eine vollst\u00e4ndige Liste dieser Datenschutzrichtlinien und ihrer Links finden Sie hier: Links zu den Datenschutzrichtlinien.<\/p>\n\n\n\n<p>Sie k\u00f6nnen sich daf\u00fcr entscheiden, Cookies \u00fcber Ihre individuellen Browser-Optionen zu deaktivieren. Ausf\u00fchrlichere Informationen \u00fcber die Cookie-Verwaltung mit bestimmten Webbrowsern finden Sie auf den jeweiligen Websites der Browser. Was sind Cookies?<\/p>\n\n\n\n<p><strong>Informationen f\u00fcr Kinder<\/strong><\/p>\n\n\n\n<p>Ein weiterer Teil unserer Priorit\u00e4t ist der zus\u00e4tzliche Schutz von Kindern bei der Nutzung des Internets. Wir ermutigen Eltern und Erziehungsberechtigte, ihre Online-Aktivit\u00e4ten zu beobachten, an ihnen teilzunehmen und\/oder sie zu \u00fcberwachen und anzuleiten.<\/p>\n\n\n\n<p>EKO SITO sammelt wissentlich keine pers\u00f6nlichen, identifizierbaren Informationen von Kindern unter 13 Jahren. Wenn Sie der Meinung sind, dass Ihr Kind diese Art von Informationen auf unserer Website zur Verf\u00fcgung gestellt hat, empfehlen wir Ihnen dringend, uns sofort zu kontaktieren, und wir werden unser Bestes tun, um solche Informationen umgehend aus unseren Aufzeichnungen zu entfernen.<\/p>\n\n\n\n<p><strong>Nur Online-Datenschutzrichtlinie<\/strong><\/p>\n\n\n\n<p>Unsere Datenschutzbestimmungen gelten nur f\u00fcr unsere Online-Aktivit\u00e4ten und sind g\u00fcltig f\u00fcr Besucher unserer Website in Bezug auf die Informationen, die sie im EKO SITO geteilt und\/oder gesammelt haben. Diese Richtlinie gilt nicht f\u00fcr Informationen, die offline oder \u00fcber andere Kan\u00e4le als diese Website gesammelt werden.<\/p>\n\n\n\n<p><strong>Zustimmung<\/strong><\/p>\n\n\n\n<p>Durch die Nutzung unserer Website erkl\u00e4ren Sie sich hiermit mit unserer Datenschutzerkl\u00e4rung einverstanden und akzeptieren deren Bedingungen.<\/p>\n\n\n\n<p><strong>COOKIE-RICHTLINIE<\/strong><\/p>\n\n\n\n<p>Dies ist die Cookie-Richtlinie f\u00fcr den Markennamen Erbetix von EKO SITO, zug\u00e4nglich unter www.erbetix.com<\/p>\n\n\n\n<p><strong>Was sind Cookies?<\/strong><\/p>\n\n\n\n<p>Wie bei fast allen professionellen Websites \u00fcblich, verwendet diese Website Cookies, d.h. winzige Dateien, die auf Ihren Computer heruntergeladen werden, um Ihre Erfahrungen zu verbessern. Diese Seite beschreibt, welche Informationen sie sammeln, wie wir sie verwenden und warum wir diese Cookies manchmal speichern m\u00fcssen. Wir teilen Ihnen auch mit, wie Sie die Speicherung dieser Cookies verhindern k\u00f6nnen, jedoch kann dies bestimmte Elemente der Funktionalit\u00e4t der Website herabsetzen oder &#8216;kaputt&#8217; machen.<\/p>\n\n\n\n<p>Weitere allgemeine Informationen \u00fcber Cookies finden Sie im Wikipedia-Artikel \u00fcber HTTP-Cookies.<\/p>\n\n\n\n<p><strong>Wie wir Cookies verwenden<\/strong><\/p>\n\n\n\n<p>Wir verwenden Cookies aus einer Vielzahl von Gr\u00fcnden, die im Folgenden n\u00e4her erl\u00e4utert werden. Leider gibt es in den meisten F\u00e4llen keine Industriestandard-Optionen zur Deaktivierung von Cookies, ohne die Funktionalit\u00e4t und die Funktionen, die sie dieser Website hinzuf\u00fcgen, vollst\u00e4ndig zu deaktivieren. Es wird empfohlen, dass Sie alle Cookies eingeschaltet lassen, wenn Sie nicht sicher sind, ob Sie sie ben\u00f6tigen oder nicht, falls sie f\u00fcr die Bereitstellung eines von Ihnen genutzten Dienstes verwendet werden.<\/p>\n\n\n\n<p><strong>Deaktivieren von Cookies<\/strong><\/p>\n\n\n\n<p>Sie k\u00f6nnen das Setzen von Cookies verhindern, indem Sie die Einstellungen Ihres Browsers anpassen (wie das geht, erfahren Sie in der Hilfe Ihres Browsers). Beachten Sie, dass die Deaktivierung von Cookies die Funktionalit\u00e4t dieser und vieler anderer Websites, die Sie besuchen, beeintr\u00e4chtigt. Die Deaktivierung von Cookies hat in der Regel auch die Deaktivierung bestimmter Funktionen und Merkmale dieser Website zur Folge. Es wird daher empfohlen, Cookies nicht zu deaktivieren.<\/p>\n\n\n\n<p><strong>Die von uns gesetzten Cookies<\/strong><\/p>\n\n\n\n<p>Kontobezogene CookiesWenn Sie ein Konto bei uns einrichten, verwenden wir Cookies f\u00fcr die Verwaltung des Anmeldevorgangs und die allgemeine Verwaltung. Diese Cookies werden in der Regel gel\u00f6scht, wenn Sie sich abmelden. In einigen F\u00e4llen k\u00f6nnen sie jedoch auch danach noch vorhanden sein, um Ihre Website-Pr\u00e4ferenzen zu speichern, wenn Sie sich abmelden.<\/p>\n\n\n\n<p>Cookies im Zusammenhang mit E-Mail-NewsletternDiese Website bietet Newsletter- oder E-Mail-Abonnementdienste an. Cookies k\u00f6nnen verwendet werden, um sich zu merken, ob Sie bereits registriert sind und ob bestimmte Benachrichtigungen angezeigt werden sollen, die m\u00f6glicherweise nur f\u00fcr abonnierte\/abgemeldete Benutzer g\u00fcltig sind.<\/p>\n\n\n\n<p>Cookies f\u00fcr die Bearbeitung von BestellungenDiese Website bietet E-Commerce- oder Zahlungsm\u00f6glichkeiten, und einige Cookies sind unerl\u00e4sslich, um sicherzustellen, dass Ihre Bestellung zwischen den Seiten gespeichert wird, damit wir sie ordnungsgem\u00e4\u00df bearbeiten k\u00f6nnen.<\/p>\n\n\n\n<p><strong>Cookies von Dritten<\/strong><\/p>\n\n\n\n<p>In einigen besonderen F\u00e4llen verwenden wir auch Cookies, die von vertrauensw\u00fcrdigen Dritten zur Verf\u00fcgung gestellt werden. Im folgenden Abschnitt erfahren Sie, auf welche Cookies von Drittanbietern Sie \u00fcber diese Website sto\u00dfen k\u00f6nnen.<\/p>\n\n\n\n<p>Diese Website verwendet Google Analytics, eine der am weitesten verbreiteten und vertrauensw\u00fcrdigsten Analysel\u00f6sungen im Web, die uns dabei hilft zu verstehen, wie Sie die Website nutzen und wie wir Ihre Erfahrung verbessern k\u00f6nnen. Diese Cookies k\u00f6nnen z. B. die Verweildauer auf der Website und die von Ihnen besuchten Seiten verfolgen, damit wir weiterhin ansprechenden Content produzieren k\u00f6nnen. Weitere Informationen zu Google Analytics-Cookies finden Sie auf der offiziellen Google Analytics-Seite.<\/p>\n\n\n\n<p><strong>Weitere Informationen<\/strong><\/p>\n\n\n\n<p>Hoffentlich hat das die Dinge f\u00fcr Sie gekl\u00e4rt, und wie bereits erw\u00e4hnt, ist es, wenn Sie sich nicht sicher sind, ob Sie etwas brauchen oder nicht, normalerweise sicherer, Cookies aktiviert zu lassen, falls sie mit einer der Funktionen, die Sie auf unserer Website verwenden, interagieren. Diese Cookie-Richtlinie wurde mit Hilfe des Cookies Policy Template Generator und der AGB-Vorlage<\/p>\n\n\n\n<p>Wenn Sie jedoch noch weitere Informationen suchen, k\u00f6nnen Sie uns \u00fcber eine unserer bevorzugten Kontaktm\u00f6glichkeiten erreichen:<\/p>\n\n\n\n<p>E-Mail: <a href=\"mailto:info@erbetix.com\">info@erbetix.com<\/a><\/p>\n","protected":false},"excerpt":{"rendered":"<p>Hier bei EKO SITO Markenname von EKO SITO, erreichbar unter www.erbetix.com, ist die Privatsph\u00e4re unserer Besucher eine unserer Hauptpriorit\u00e4ten. Dieses Dokument zum Datenschutz enth\u00e4lt Arten von Informationen, die von EKO SITO gesammelt und aufgezeichnet werden und wie wir sie verwenden. Wenn Sie weitere Fragen haben oder weitere Informationen \u00fcber unsere Datenschutzerkl\u00e4rung ben\u00f6tigen, z\u00f6gern Sie nicht, [&hellip;]<\/p>\n","protected":false},"author":1,"featured_media":0,"parent":0,"menu_order":0,"comment_status":"closed","ping_status":"open","template":"","meta":{"footnotes":""},"class_list":["post-3125","page","type-page","status-publish","hentry"],"yoast_head":"<!-- This site is optimized with the Yoast SEO plugin v27.3 - https:\/\/yoast.com\/product\/yoast-seo-wordpress\/ -->\n<title>Datenschutzerkl\u00e4rung - Erbetix<\/title>\n<meta name=\"robots\" content=\"index, follow, max-snippet:-1, max-image-preview:large, max-video-preview:-1\" \/>\n<link rel=\"canonical\" href=\"https:\/\/erbetix.com\/de\/datenschutzerklaerung\/\" \/>\n<meta property=\"og:locale\" content=\"de_DE\" \/>\n<meta property=\"og:type\" content=\"article\" \/>\n<meta property=\"og:title\" content=\"Datenschutzerkl\u00e4rung - Erbetix\" \/>\n<meta property=\"og:description\" content=\"Hier bei EKO SITO Markenname von EKO SITO, erreichbar unter www.erbetix.com, ist die Privatsph\u00e4re unserer Besucher eine unserer Hauptpriorit\u00e4ten. Dieses Dokument zum Datenschutz enth\u00e4lt Arten von Informationen, die von EKO SITO gesammelt und aufgezeichnet werden und wie wir sie verwenden. Wenn Sie weitere Fragen haben oder weitere Informationen \u00fcber unsere Datenschutzerkl\u00e4rung ben\u00f6tigen, z\u00f6gern Sie nicht, [&hellip;]\" \/>\n<meta property=\"og:url\" content=\"https:\/\/erbetix.com\/de\/datenschutzerklaerung\/\" \/>\n<meta property=\"og:site_name\" content=\"Erbetix\" \/>\n<meta property=\"article:modified_time\" content=\"2020-08-31T15:01:16+00:00\" \/>\n<meta name=\"twitter:card\" content=\"summary_large_image\" \/>\n<meta name=\"twitter:label1\" content=\"Gesch\u00e4tzte Lesezeit\" \/>\n\t<meta name=\"twitter:data1\" content=\"7\u00a0Minuten\" \/>\n<script type=\"application\/ld+json\" class=\"yoast-schema-graph\">{\"@context\":\"https:\\\/\\\/schema.org\",\"@graph\":[{\"@type\":\"WebPage\",\"@id\":\"https:\\\/\\\/erbetix.com\\\/de\\\/datenschutzerklaerung\\\/\",\"url\":\"https:\\\/\\\/erbetix.com\\\/de\\\/datenschutzerklaerung\\\/\",\"name\":\"Datenschutzerkl\u00e4rung - Erbetix\",\"isPartOf\":{\"@id\":\"https:\\\/\\\/erbetix.com\\\/de\\\/#website\"},\"datePublished\":\"2020-08-31T14:17:32+00:00\",\"dateModified\":\"2020-08-31T15:01:16+00:00\",\"breadcrumb\":{\"@id\":\"https:\\\/\\\/erbetix.com\\\/de\\\/datenschutzerklaerung\\\/#breadcrumb\"},\"inLanguage\":\"de\",\"potentialAction\":[{\"@type\":\"ReadAction\",\"target\":[\"https:\\\/\\\/erbetix.com\\\/de\\\/datenschutzerklaerung\\\/\"]}]},{\"@type\":\"BreadcrumbList\",\"@id\":\"https:\\\/\\\/erbetix.com\\\/de\\\/datenschutzerklaerung\\\/#breadcrumb\",\"itemListElement\":[{\"@type\":\"ListItem\",\"position\":1,\"name\":\"Home\",\"item\":\"https:\\\/\\\/erbetix.com\\\/de\\\/\"},{\"@type\":\"ListItem\",\"position\":2,\"name\":\"Datenschutzerkl\u00e4rung\"}]},{\"@type\":\"WebSite\",\"@id\":\"https:\\\/\\\/erbetix.com\\\/de\\\/#website\",\"url\":\"https:\\\/\\\/erbetix.com\\\/de\\\/\",\"name\":\"Erbetix\",\"description\":\"The highest quality products and services in the herbal extract industry.\",\"potentialAction\":[{\"@type\":\"SearchAction\",\"target\":{\"@type\":\"EntryPoint\",\"urlTemplate\":\"https:\\\/\\\/erbetix.com\\\/de\\\/?s={search_term_string}\"},\"query-input\":{\"@type\":\"PropertyValueSpecification\",\"valueRequired\":true,\"valueName\":\"search_term_string\"}}],\"inLanguage\":\"de\"}]}<\/script>\n<!-- \/ Yoast SEO plugin. -->","yoast_head_json":{"title":"Datenschutzerkl\u00e4rung - Erbetix","robots":{"index":"index","follow":"follow","max-snippet":"max-snippet:-1","max-image-preview":"max-image-preview:large","max-video-preview":"max-video-preview:-1"},"canonical":"https:\/\/erbetix.com\/de\/datenschutzerklaerung\/","og_locale":"de_DE","og_type":"article","og_title":"Datenschutzerkl\u00e4rung - Erbetix","og_description":"Hier bei EKO SITO Markenname von EKO SITO, erreichbar unter www.erbetix.com, ist die Privatsph\u00e4re unserer Besucher eine unserer Hauptpriorit\u00e4ten. Dieses Dokument zum Datenschutz enth\u00e4lt Arten von Informationen, die von EKO SITO gesammelt und aufgezeichnet werden und wie wir sie verwenden. Wenn Sie weitere Fragen haben oder weitere Informationen \u00fcber unsere Datenschutzerkl\u00e4rung ben\u00f6tigen, z\u00f6gern Sie nicht, [&hellip;]","og_url":"https:\/\/erbetix.com\/de\/datenschutzerklaerung\/","og_site_name":"Erbetix","article_modified_time":"2020-08-31T15:01:16+00:00","twitter_card":"summary_large_image","twitter_misc":{"Gesch\u00e4tzte Lesezeit":"7\u00a0Minuten"},"schema":{"@context":"https:\/\/schema.org","@graph":[{"@type":"WebPage","@id":"https:\/\/erbetix.com\/de\/datenschutzerklaerung\/","url":"https:\/\/erbetix.com\/de\/datenschutzerklaerung\/","name":"Datenschutzerkl\u00e4rung - Erbetix","isPartOf":{"@id":"https:\/\/erbetix.com\/de\/#website"},"datePublished":"2020-08-31T14:17:32+00:00","dateModified":"2020-08-31T15:01:16+00:00","breadcrumb":{"@id":"https:\/\/erbetix.com\/de\/datenschutzerklaerung\/#breadcrumb"},"inLanguage":"de","potentialAction":[{"@type":"ReadAction","target":["https:\/\/erbetix.com\/de\/datenschutzerklaerung\/"]}]},{"@type":"BreadcrumbList","@id":"https:\/\/erbetix.com\/de\/datenschutzerklaerung\/#breadcrumb","itemListElement":[{"@type":"ListItem","position":1,"name":"Home","item":"https:\/\/erbetix.com\/de\/"},{"@type":"ListItem","position":2,"name":"Datenschutzerkl\u00e4rung"}]},{"@type":"WebSite","@id":"https:\/\/erbetix.com\/de\/#website","url":"https:\/\/erbetix.com\/de\/","name":"Erbetix","description":"The highest quality products and services in the herbal extract industry.","potentialAction":[{"@type":"SearchAction","target":{"@type":"EntryPoint","urlTemplate":"https:\/\/erbetix.com\/de\/?s={search_term_string}"},"query-input":{"@type":"PropertyValueSpecification","valueRequired":true,"valueName":"search_term_string"}}],"inLanguage":"de"}]}},"_links":{"self":[{"href":"https:\/\/erbetix.com\/de\/wp-json\/wp\/v2\/pages\/3125","targetHints":{"allow":["GET"]}}],"collection":[{"href":"https:\/\/erbetix.com\/de\/wp-json\/wp\/v2\/pages"}],"about":[{"href":"https:\/\/erbetix.com\/de\/wp-json\/wp\/v2\/types\/page"}],"author":[{"embeddable":true,"href":"https:\/\/erbetix.com\/de\/wp-json\/wp\/v2\/users\/1"}],"replies":[{"embeddable":true,"href":"https:\/\/erbetix.com\/de\/wp-json\/wp\/v2\/comments?post=3125"}],"version-history":[{"count":2,"href":"https:\/\/erbetix.com\/de\/wp-json\/wp\/v2\/pages\/3125\/revisions"}],"predecessor-version":[{"id":3165,"href":"https:\/\/erbetix.com\/de\/wp-json\/wp\/v2\/pages\/3125\/revisions\/3165"}],"wp:attachment":[{"href":"https:\/\/erbetix.com\/de\/wp-json\/wp\/v2\/media?parent=3125"}],"curies":[{"name":"wp","href":"https:\/\/api.w.org\/{rel}","templated":true}]}}