{"id":3113,"date":"2020-07-15T06:56:04","date_gmt":"2020-07-15T04:56:04","guid":{"rendered":"https:\/\/erbetix.com\/product\/cbd-drops-5-10ml\/"},"modified":"2024-12-09T00:07:40","modified_gmt":"2024-12-08T23:07:40","slug":"cbd-tropfen-6-10ml","status":"publish","type":"product","link":"https:\/\/erbetix.com\/de\/produkt\/cbd-tropfen-6-10ml\/","title":{"rendered":"CBD Tropfen 6% [10ml]"},"content":{"rendered":"<p><strong>ERBETIX CBD-Tropfen<\/strong> werden aus hochwertigem Hanfextrakt (Cannabis sativa) und Raps\u00f6l hergestellt, das speziell f\u00fcr einen besseren Geschmack und eine bessere Absorption ausgew\u00e4hlt wurde.<\/p>\n<p><strong>EIGENSCHAFTEN:<\/strong><\/p>\n<ul class=\"alineja\">\n<li>durch die fortschrittlichste Extraktionsmethode erhalten, wobei ein m\u00f6glichst breites Spektrum an Terpenen und Cannabinoiden erhalten bleibt<\/li>\n<li>Aufgrund ihres niedrigen THC-Gehalts wirken sie nicht psychoaktiv<\/li>\n<li>in Slowenien hergestellt und abgef\u00fcllt<\/li>\n<li>Das Produkt ist im Labor getestet und entspricht den strengen europ\u00e4ischen Vorschriften<\/li>\n<li>frei von GVO, Gluten, k\u00fcnstlichen Farbstoffen und Aromen<\/li>\n<li>ein Produkt f\u00fcr Veganer<\/li>\n<\/ul>\n<p><strong>GEBRAUCHSANWEISUNG:<\/strong><\/p>\n<ul class=\"alineja\">\n<li>Eine Pipette sorgt f\u00fcr eine sichere und genaue Dosierung<\/li>\n<li>1 Tropfen = 2mg CBD<\/li>\n<li>Verwenden Sie das Produkt nach Bedarf mehrmals t\u00e4glich<\/li>\n<li>Die Dosierung h\u00e4ngt vom Organismus jedes Einzelnen ab<\/li>\n<li>Bei \u00dcberempfindlichkeit die Einnahme abbrechen<\/li>\n<li>An einem dunklen und k\u00fchlen Ort aufbewahren<\/li>\n<li>Von Kindern fern halten<\/li>\n<li>Haltbarkeit: 18 Monate<\/li>\n<\/ul>\n","protected":false},"excerpt":{"rendered":"<p>CBD-Tropfen sind ein nat\u00fcrlicher Extrakt bzw. Extrakt aus biologisch angebautem Hanf das den vollst\u00e4ndigen Spektrum an Wirkstoffen (Cannabinoiden) beinhaltet, die in kaltgepresstem Raps\u00f6l gel\u00f6st sind, wobei der Schwerpunkt auf einer h\u00f6heren Konzentration von Cannabidiol (CBD) liegt.<\/p>\n<ul class=\"alineja\">\n<li><strong>1 (Tropfen) = 2mg CBD<\/strong><\/li>\n<li><strong>THC &lt;0,2%, wirkt nicht psychoaktiv<\/strong><\/li>\n<li><strong>aus biologischem Anbau mit vollem Pflanzenspektrum<\/strong><\/li>\n<li><strong>Slowenisches Produkt<\/strong><\/li>\n<\/ul>\n","protected":false},"featured_media":3866,"comment_status":"closed","ping_status":"closed","template":"","meta":[],"product_brand":[],"product_cat":[141,132],"product_tag":[],"class_list":{"0":"post-3113","1":"product","2":"type-product","3":"status-publish","4":"has-post-thumbnail","6":"product_cat-cbd-tropfen","7":"product_cat-erbeoils-de","9":"first","10":"instock","11":"taxable","12":"shipping-taxable","13":"purchasable","14":"product-type-simple"},"yoast_head":"<!-- This site is optimized with the Yoast SEO plugin v27.3 - https:\/\/yoast.com\/product\/yoast-seo-wordpress\/ -->\n<title>CBD Tropfen 6% [10ml] - Erbetix<\/title>\n<meta name=\"robots\" content=\"index, follow, max-snippet:-1, max-image-preview:large, max-video-preview:-1\" \/>\n<link rel=\"canonical\" href=\"https:\/\/erbetix.com\/de\/produkt\/cbd-tropfen-6-10ml\/\" \/>\n<meta property=\"og:locale\" content=\"de_DE\" \/>\n<meta property=\"og:type\" content=\"article\" \/>\n<meta property=\"og:title\" content=\"CBD Tropfen 6% [10ml] - Erbetix\" \/>\n<meta property=\"og:description\" content=\"CBD-Tropfen sind ein nat\u00fcrlicher Extrakt bzw. Extrakt aus biologisch angebautem Hanf das den vollst\u00e4ndigen Spektrum an Wirkstoffen (Cannabinoiden) beinhaltet, die in kaltgepresstem Raps\u00f6l gel\u00f6st sind, wobei der Schwerpunkt auf einer h\u00f6heren Konzentration von Cannabidiol (CBD) liegt.   1 (Tropfen) = 2mg CBD  THC &lt;0,2%, wirkt nicht psychoaktiv  aus biologischem Anbau mit vollem Pflanzenspektrum  Slowenisches Produkt\" \/>\n<meta property=\"og:url\" content=\"https:\/\/erbetix.com\/de\/produkt\/cbd-tropfen-6-10ml\/\" \/>\n<meta property=\"og:site_name\" content=\"Erbetix\" \/>\n<meta property=\"article:modified_time\" content=\"2024-12-08T23:07:40+00:00\" \/>\n<meta property=\"og:image\" content=\"https:\/\/erbetix.com\/wp-content\/uploads\/2020\/07\/Erbetix_CBD-6-ger.jpg\" \/>\n\t<meta property=\"og:image:width\" content=\"800\" \/>\n\t<meta property=\"og:image:height\" content=\"800\" \/>\n\t<meta property=\"og:image:type\" content=\"image\/jpeg\" \/>\n<meta name=\"twitter:card\" content=\"summary_large_image\" \/>\n<meta name=\"twitter:label1\" content=\"Gesch\u00e4tzte Lesezeit\" \/>\n\t<meta name=\"twitter:data1\" content=\"1\u00a0Minute\" \/>\n<script type=\"application\/ld+json\" class=\"yoast-schema-graph\">{\"@context\":\"https:\\\/\\\/schema.org\",\"@graph\":[{\"@type\":\"WebPage\",\"@id\":\"https:\\\/\\\/erbetix.com\\\/de\\\/produkt\\\/cbd-tropfen-6-10ml\\\/\",\"url\":\"https:\\\/\\\/erbetix.com\\\/de\\\/produkt\\\/cbd-tropfen-6-10ml\\\/\",\"name\":\"CBD Tropfen 6% [10ml] - Erbetix\",\"isPartOf\":{\"@id\":\"https:\\\/\\\/erbetix.com\\\/de\\\/#website\"},\"primaryImageOfPage\":{\"@id\":\"https:\\\/\\\/erbetix.com\\\/de\\\/produkt\\\/cbd-tropfen-6-10ml\\\/#primaryimage\"},\"image\":{\"@id\":\"https:\\\/\\\/erbetix.com\\\/de\\\/produkt\\\/cbd-tropfen-6-10ml\\\/#primaryimage\"},\"thumbnailUrl\":\"https:\\\/\\\/erbetix.com\\\/wp-content\\\/uploads\\\/2020\\\/07\\\/Erbetix_CBD-6-ger.jpg\",\"datePublished\":\"2020-07-15T04:56:04+00:00\",\"dateModified\":\"2024-12-08T23:07:40+00:00\",\"breadcrumb\":{\"@id\":\"https:\\\/\\\/erbetix.com\\\/de\\\/produkt\\\/cbd-tropfen-6-10ml\\\/#breadcrumb\"},\"inLanguage\":\"de\",\"potentialAction\":[{\"@type\":\"ReadAction\",\"target\":[\"https:\\\/\\\/erbetix.com\\\/de\\\/produkt\\\/cbd-tropfen-6-10ml\\\/\"]}]},{\"@type\":\"ImageObject\",\"inLanguage\":\"de\",\"@id\":\"https:\\\/\\\/erbetix.com\\\/de\\\/produkt\\\/cbd-tropfen-6-10ml\\\/#primaryimage\",\"url\":\"https:\\\/\\\/erbetix.com\\\/wp-content\\\/uploads\\\/2020\\\/07\\\/Erbetix_CBD-6-ger.jpg\",\"contentUrl\":\"https:\\\/\\\/erbetix.com\\\/wp-content\\\/uploads\\\/2020\\\/07\\\/Erbetix_CBD-6-ger.jpg\",\"width\":800,\"height\":800},{\"@type\":\"BreadcrumbList\",\"@id\":\"https:\\\/\\\/erbetix.com\\\/de\\\/produkt\\\/cbd-tropfen-6-10ml\\\/#breadcrumb\",\"itemListElement\":[{\"@type\":\"ListItem\",\"position\":1,\"name\":\"Home\",\"item\":\"https:\\\/\\\/erbetix.com\\\/de\\\/\"},{\"@type\":\"ListItem\",\"position\":2,\"name\":\"Gesch\u00e4ft\",\"item\":\"https:\\\/\\\/erbetix.com\\\/shop\\\/\"},{\"@type\":\"ListItem\",\"position\":3,\"name\":\"CBD Tropfen 6% [10ml]\"}]},{\"@type\":\"WebSite\",\"@id\":\"https:\\\/\\\/erbetix.com\\\/de\\\/#website\",\"url\":\"https:\\\/\\\/erbetix.com\\\/de\\\/\",\"name\":\"Erbetix\",\"description\":\"The highest quality products and services in the herbal extract industry.\",\"potentialAction\":[{\"@type\":\"SearchAction\",\"target\":{\"@type\":\"EntryPoint\",\"urlTemplate\":\"https:\\\/\\\/erbetix.com\\\/de\\\/?s={search_term_string}\"},\"query-input\":{\"@type\":\"PropertyValueSpecification\",\"valueRequired\":true,\"valueName\":\"search_term_string\"}}],\"inLanguage\":\"de\"}]}<\/script>\n<!-- \/ Yoast SEO plugin. -->","yoast_head_json":{"title":"CBD Tropfen 6% [10ml] - Erbetix","robots":{"index":"index","follow":"follow","max-snippet":"max-snippet:-1","max-image-preview":"max-image-preview:large","max-video-preview":"max-video-preview:-1"},"canonical":"https:\/\/erbetix.com\/de\/produkt\/cbd-tropfen-6-10ml\/","og_locale":"de_DE","og_type":"article","og_title":"CBD Tropfen 6% [10ml] - Erbetix","og_description":"CBD-Tropfen sind ein nat\u00fcrlicher Extrakt bzw. Extrakt aus biologisch angebautem Hanf das den vollst\u00e4ndigen Spektrum an Wirkstoffen (Cannabinoiden) beinhaltet, die in kaltgepresstem Raps\u00f6l gel\u00f6st sind, wobei der Schwerpunkt auf einer h\u00f6heren Konzentration von Cannabidiol (CBD) liegt.   1 (Tropfen) = 2mg CBD  THC &lt;0,2%, wirkt nicht psychoaktiv  aus biologischem Anbau mit vollem Pflanzenspektrum  Slowenisches Produkt","og_url":"https:\/\/erbetix.com\/de\/produkt\/cbd-tropfen-6-10ml\/","og_site_name":"Erbetix","article_modified_time":"2024-12-08T23:07:40+00:00","og_image":[{"width":800,"height":800,"url":"https:\/\/erbetix.com\/wp-content\/uploads\/2020\/07\/Erbetix_CBD-6-ger.jpg","type":"image\/jpeg"}],"twitter_card":"summary_large_image","twitter_misc":{"Gesch\u00e4tzte Lesezeit":"1\u00a0Minute"},"schema":{"@context":"https:\/\/schema.org","@graph":[{"@type":"WebPage","@id":"https:\/\/erbetix.com\/de\/produkt\/cbd-tropfen-6-10ml\/","url":"https:\/\/erbetix.com\/de\/produkt\/cbd-tropfen-6-10ml\/","name":"CBD Tropfen 6% [10ml] - Erbetix","isPartOf":{"@id":"https:\/\/erbetix.com\/de\/#website"},"primaryImageOfPage":{"@id":"https:\/\/erbetix.com\/de\/produkt\/cbd-tropfen-6-10ml\/#primaryimage"},"image":{"@id":"https:\/\/erbetix.com\/de\/produkt\/cbd-tropfen-6-10ml\/#primaryimage"},"thumbnailUrl":"https:\/\/erbetix.com\/wp-content\/uploads\/2020\/07\/Erbetix_CBD-6-ger.jpg","datePublished":"2020-07-15T04:56:04+00:00","dateModified":"2024-12-08T23:07:40+00:00","breadcrumb":{"@id":"https:\/\/erbetix.com\/de\/produkt\/cbd-tropfen-6-10ml\/#breadcrumb"},"inLanguage":"de","potentialAction":[{"@type":"ReadAction","target":["https:\/\/erbetix.com\/de\/produkt\/cbd-tropfen-6-10ml\/"]}]},{"@type":"ImageObject","inLanguage":"de","@id":"https:\/\/erbetix.com\/de\/produkt\/cbd-tropfen-6-10ml\/#primaryimage","url":"https:\/\/erbetix.com\/wp-content\/uploads\/2020\/07\/Erbetix_CBD-6-ger.jpg","contentUrl":"https:\/\/erbetix.com\/wp-content\/uploads\/2020\/07\/Erbetix_CBD-6-ger.jpg","width":800,"height":800},{"@type":"BreadcrumbList","@id":"https:\/\/erbetix.com\/de\/produkt\/cbd-tropfen-6-10ml\/#breadcrumb","itemListElement":[{"@type":"ListItem","position":1,"name":"Home","item":"https:\/\/erbetix.com\/de\/"},{"@type":"ListItem","position":2,"name":"Gesch\u00e4ft","item":"https:\/\/erbetix.com\/shop\/"},{"@type":"ListItem","position":3,"name":"CBD Tropfen 6% [10ml]"}]},{"@type":"WebSite","@id":"https:\/\/erbetix.com\/de\/#website","url":"https:\/\/erbetix.com\/de\/","name":"Erbetix","description":"The highest quality products and services in the herbal extract industry.","potentialAction":[{"@type":"SearchAction","target":{"@type":"EntryPoint","urlTemplate":"https:\/\/erbetix.com\/de\/?s={search_term_string}"},"query-input":{"@type":"PropertyValueSpecification","valueRequired":true,"valueName":"search_term_string"}}],"inLanguage":"de"}]}},"_links":{"self":[{"href":"https:\/\/erbetix.com\/de\/wp-json\/wp\/v2\/product\/3113","targetHints":{"allow":["GET"]}}],"collection":[{"href":"https:\/\/erbetix.com\/de\/wp-json\/wp\/v2\/product"}],"about":[{"href":"https:\/\/erbetix.com\/de\/wp-json\/wp\/v2\/types\/product"}],"replies":[{"embeddable":true,"href":"https:\/\/erbetix.com\/de\/wp-json\/wp\/v2\/comments?post=3113"}],"wp:featuredmedia":[{"embeddable":true,"href":"https:\/\/erbetix.com\/de\/wp-json\/wp\/v2\/media\/3866"}],"wp:attachment":[{"href":"https:\/\/erbetix.com\/de\/wp-json\/wp\/v2\/media?parent=3113"}],"wp:term":[{"taxonomy":"product_brand","embeddable":true,"href":"https:\/\/erbetix.com\/de\/wp-json\/wp\/v2\/product_brand?post=3113"},{"taxonomy":"product_cat","embeddable":true,"href":"https:\/\/erbetix.com\/de\/wp-json\/wp\/v2\/product_cat?post=3113"},{"taxonomy":"product_tag","embeddable":true,"href":"https:\/\/erbetix.com\/de\/wp-json\/wp\/v2\/product_tag?post=3113"}],"curies":[{"name":"wp","href":"https:\/\/api.w.org\/{rel}","templated":true}]}}