{"id":3566,"date":"2020-12-04T11:14:20","date_gmt":"2020-12-04T10:14:20","guid":{"rendered":"https:\/\/erbetix.com\/?post_type=product&#038;p=3566"},"modified":"2026-03-12T07:44:03","modified_gmt":"2026-03-12T06:44:03","slug":"artemisia-annua-einjaehriger-beifuss-extrakt-artemisia-annua-l","status":"publish","type":"product","link":"https:\/\/erbetix.com\/de\/produkt\/artemisia-annua-einjaehriger-beifuss-extrakt-artemisia-annua-l\/","title":{"rendered":"Artemisia annua, einj\u00e4hriger Beifu\u00df, Extrakt (Artemisia annua L.)"},"content":{"rendered":"<p><strong>ERBETIX Beifu\u00df (Artemisia)<\/strong> sind ganz nat\u00fcrlich hergestellte Premium-Tropfen mit Beifu\u00df (Artemisia) Extrakt, die auf den sonnigen Ebenen in Steiermark angebaut und sorgf\u00e4ltig von Hand gepfl\u00fcckt werden. Der Extrakt wird unter dem wachsamen Auge eines renommierten Experten in unserem modernem Extraktionszentrum gewonnen. Die idealen nat\u00fcrlichen Bedingungen f\u00fcr den Anbau von Str\u00e4uchern und ein bew\u00e4hrtes Extraktionsverfahren gew\u00e4hrleisten einen extrem hohen Gehalt an Artemisinin, dem begehrtesten Wirkstoff in Beifu\u00df (Artemisia).<\/p>\n<p>Beifu\u00df (Artemisia) ist derzeit eine der gefragtesten Heilpflanzen der Welt, und seine wohltuenden Wirkungen sind in der traditionellen chinesischen Medizin seit Tausenden von Jahren bekannt. Traditionelle Weisheit wurde 2015 von der modernen Wissenschaft best\u00e4tigt, als sie den chinesischen Pharmakologen Joujou Tu mit dem Nobelpreis ausgezeichnete. Ihre Forschung f\u00fchrte zur Entdeckung von Artemisinin, dem Hauptwirkstoff in Wermut, dessen Derivat erfolgreich als Malariamedikament eingesetzt wurde. Da das gesamte Spektrum der pflanzlichen Wirkstoffe von Beifu\u00df (Artemisia) auch viele andere vorteilhafte Eigenschaften aufweist, nimmt es auch in unserer ERBETIX-Linie von Kr\u00e4uterextrakten einen besonderen Platz ein.<\/p>\n<p><strong>EIGENSCHAFTEN:<\/strong><\/p>\n<ul class=\"alineja\">\n<li>erhalten durch die neueste Extraktionsmethode, die das gesamte Pflanzenspektrum sowie die Frische und den starken Duft der Pflanze bewahrt<\/li>\n<li>100% pflanzlicher Ursprung<\/li>\n<li>in Slowenien hergestellt und abgef\u00fcllt<\/li>\n<li>hoher Gehalt an Artemisinin, dem Hauptwirkstoff, und allen anderen n\u00fctzlichen Substanzen<\/li>\n<li>handverlesene und behandelte Pflanzen<\/li>\n<li>frei von GVO, Konservierungsstoffen, Gluten und k\u00fcnstlichen S\u00fc\u00dfungsmitteln<\/li>\n<li>Geeignet f\u00fcr Veganer<\/li>\n<li>Das Produkt ist im Labor getestet und entspricht den strengen europ\u00e4ischen Vorschriften<\/li>\n<li>frei von Alkohol oder L\u00f6sungsmittelresten<\/li>\n<li>Artemisinin Inhalt wurde quantifiziert<\/li>\n<\/ul>\n<p><strong>GEBRAUCHSANWEISUNG:<\/strong><\/p>\n<ul class=\"alineja\">\n<li>\u00bd Tropfen 2 bis 4 mal am Tag<\/li>\n<li>An einem dunklen und k\u00fchlen Ort aufbewahren<\/li>\n<\/ul>\n<p><strong>WARNHINWEISE:<\/strong><br \/>\nDas Produkt ist nicht zum Verzehr bestimmt. Die empfohlene Tagesdosis darf nicht \u00fcberschritten werden. Das Produkt dient nicht der Vorbeugung oder Behandlung von Krankheiten oder Beschwerden. Verwenden Sie das Produkt nicht, wenn Sie gegen einen der Inhaltsstoffe allergisch sind. Brechen Sie die Anwendung ab, wenn \u00dcberempfindlichkeitsreaktionen auftreten. Das Produkt ist nicht f\u00fcr Schwangere und Stillende geeignet. Das Produkt ist nicht f\u00fcr Kinder und Jugendliche unter 18 Jahren geeignet.<\/p>\n","protected":false},"excerpt":{"rendered":"<p>Erbetix-Tropfen mit Beifu\u00df (Artemisia) haben einen ausgepr\u00e4gten Geruch und Geschmack und beinhalten eine breite Palette an pflanzlichen Inhaltsstoffen. Der Extrakt wird in nat\u00fcrlichem, kaltgepresstem Raps\u00f6l gel\u00f6st. Eine 50-ml-Flasche enth\u00e4lt 50 mg Artemisinin.<\/p>\n<p>Das Produkt ist kein Nahrungserg\u00e4nzungsmittel und ist nicht zum Verzehr bestimmt.<\/p>\n<p>Beifu\u00df (Artemisia) war in den letzten Jahren Gegenstand zahlreicher Forschungen und wurde auch im traditionellen Gebrauch gut beschrieben.<\/p>\n<ul class=\"alineja\">\n<li><strong>Eine 50-ml-Flasche enth\u00e4lt 50 mg Artemisinin<\/strong><\/li>\n<li><strong>aus biologischem Anbau mit vollem Pflanzenspektrum<\/strong><\/li>\n<li><strong>Slowenisches Produkt<\/strong><\/li>\n<li><strong>enth\u00e4lt keinen Alkohol oder andere L\u00f6sungsmittelr\u00fcckst\u00e4nde<\/strong><\/li>\n<li><strong>frei von GVO, Gluten, k\u00fcnstlichen Farbstoffen und Aromen<\/strong><\/li>\n<li><strong>Geeignet f\u00fcr Vegetarier und Veganer<\/strong><\/li>\n<\/ul>\n","protected":false},"featured_media":3903,"comment_status":"open","ping_status":"closed","template":"","meta":[],"product_brand":[],"product_cat":[132,240],"product_tag":[],"class_list":{"0":"post-3566","1":"product","2":"type-product","3":"status-publish","4":"has-post-thumbnail","6":"product_cat-erbeoils-de","7":"product_cat-suser-wermut","9":"first","10":"instock","11":"featured","12":"taxable","13":"shipping-taxable","14":"purchasable","15":"product-type-simple"},"yoast_head":"<!-- This site is optimized with the Yoast SEO plugin v27.3 - https:\/\/yoast.com\/product\/yoast-seo-wordpress\/ -->\n<title>Einj\u00e4hriger Beifu\u00df Tropfen - Artemisia Annua Extrakt - online kaufen @Erbetix<\/title>\n<meta name=\"description\" content=\"Einj\u00e4hriger Beifu\u00df Tropfen - Artemisia Annua Extrakt - Online kaufen @Erbetix.com - 100% nat\u00fcrlich - Geeignet f\u00fcr Vegetarier und Veganer - hoher Gehalt an Artemisinin\" \/>\n<meta name=\"robots\" content=\"index, follow, max-snippet:-1, max-image-preview:large, max-video-preview:-1\" \/>\n<link rel=\"canonical\" href=\"https:\/\/erbetix.com\/de\/produkt\/artemisia-annua-einjaehriger-beifuss-extrakt-artemisia-annua-l\/\" \/>\n<meta property=\"og:locale\" content=\"de_DE\" \/>\n<meta property=\"og:type\" content=\"article\" \/>\n<meta property=\"og:title\" content=\"Einj\u00e4hriger Beifu\u00df Tropfen - Artemisia Annua Extrakt - online kaufen @Erbetix\" \/>\n<meta property=\"og:description\" content=\"Einj\u00e4hriger Beifu\u00df Tropfen - Artemisia Annua Extrakt - Online kaufen @Erbetix.com - 100% nat\u00fcrlich - Geeignet f\u00fcr Vegetarier und Veganer - hoher Gehalt an Artemisinin\" \/>\n<meta property=\"og:url\" content=\"https:\/\/erbetix.com\/de\/produkt\/artemisia-annua-einjaehriger-beifuss-extrakt-artemisia-annua-l\/\" \/>\n<meta property=\"og:site_name\" content=\"Erbetix\" \/>\n<meta property=\"article:modified_time\" content=\"2026-03-12T06:44:03+00:00\" \/>\n<meta property=\"og:image\" content=\"https:\/\/erbetix.com\/wp-content\/uploads\/2021\/02\/Erbetix_pelin-ger.jpg\" \/>\n\t<meta property=\"og:image:width\" content=\"800\" \/>\n\t<meta property=\"og:image:height\" content=\"800\" \/>\n\t<meta property=\"og:image:type\" content=\"image\/jpeg\" \/>\n<meta name=\"twitter:card\" content=\"summary_large_image\" \/>\n<meta name=\"twitter:label1\" content=\"Gesch\u00e4tzte Lesezeit\" \/>\n\t<meta name=\"twitter:data1\" content=\"2\u00a0Minuten\" \/>\n<script type=\"application\/ld+json\" class=\"yoast-schema-graph\">{\"@context\":\"https:\\\/\\\/schema.org\",\"@graph\":[{\"@type\":\"WebPage\",\"@id\":\"https:\\\/\\\/erbetix.com\\\/de\\\/produkt\\\/artemisia-annua-einjaehriger-beifuss-extrakt-artemisia-annua-l\\\/\",\"url\":\"https:\\\/\\\/erbetix.com\\\/de\\\/produkt\\\/artemisia-annua-einjaehriger-beifuss-extrakt-artemisia-annua-l\\\/\",\"name\":\"Einj\u00e4hriger Beifu\u00df Tropfen - Artemisia Annua Extrakt - online kaufen @Erbetix\",\"isPartOf\":{\"@id\":\"https:\\\/\\\/erbetix.com\\\/de\\\/#website\"},\"primaryImageOfPage\":{\"@id\":\"https:\\\/\\\/erbetix.com\\\/de\\\/produkt\\\/artemisia-annua-einjaehriger-beifuss-extrakt-artemisia-annua-l\\\/#primaryimage\"},\"image\":{\"@id\":\"https:\\\/\\\/erbetix.com\\\/de\\\/produkt\\\/artemisia-annua-einjaehriger-beifuss-extrakt-artemisia-annua-l\\\/#primaryimage\"},\"thumbnailUrl\":\"https:\\\/\\\/erbetix.com\\\/wp-content\\\/uploads\\\/2021\\\/02\\\/Erbetix_pelin-ger.jpg\",\"datePublished\":\"2020-12-04T10:14:20+00:00\",\"dateModified\":\"2026-03-12T06:44:03+00:00\",\"description\":\"Einj\u00e4hriger Beifu\u00df Tropfen - Artemisia Annua Extrakt - Online kaufen @Erbetix.com - 100% nat\u00fcrlich - Geeignet f\u00fcr Vegetarier und Veganer - hoher Gehalt an Artemisinin\",\"breadcrumb\":{\"@id\":\"https:\\\/\\\/erbetix.com\\\/de\\\/produkt\\\/artemisia-annua-einjaehriger-beifuss-extrakt-artemisia-annua-l\\\/#breadcrumb\"},\"inLanguage\":\"de\",\"potentialAction\":[{\"@type\":\"ReadAction\",\"target\":[\"https:\\\/\\\/erbetix.com\\\/de\\\/produkt\\\/artemisia-annua-einjaehriger-beifuss-extrakt-artemisia-annua-l\\\/\"]}]},{\"@type\":\"ImageObject\",\"inLanguage\":\"de\",\"@id\":\"https:\\\/\\\/erbetix.com\\\/de\\\/produkt\\\/artemisia-annua-einjaehriger-beifuss-extrakt-artemisia-annua-l\\\/#primaryimage\",\"url\":\"https:\\\/\\\/erbetix.com\\\/wp-content\\\/uploads\\\/2021\\\/02\\\/Erbetix_pelin-ger.jpg\",\"contentUrl\":\"https:\\\/\\\/erbetix.com\\\/wp-content\\\/uploads\\\/2021\\\/02\\\/Erbetix_pelin-ger.jpg\",\"width\":800,\"height\":800,\"caption\":\"einj\u00e4hriger beifu\u00df tropfen Artemisia Annua extrakt kaufen\"},{\"@type\":\"BreadcrumbList\",\"@id\":\"https:\\\/\\\/erbetix.com\\\/de\\\/produkt\\\/artemisia-annua-einjaehriger-beifuss-extrakt-artemisia-annua-l\\\/#breadcrumb\",\"itemListElement\":[{\"@type\":\"ListItem\",\"position\":1,\"name\":\"Home\",\"item\":\"https:\\\/\\\/erbetix.com\\\/de\\\/\"},{\"@type\":\"ListItem\",\"position\":2,\"name\":\"Gesch\u00e4ft\",\"item\":\"https:\\\/\\\/erbetix.com\\\/shop\\\/\"},{\"@type\":\"ListItem\",\"position\":3,\"name\":\"Artemisia annua, einj\u00e4hriger Beifu\u00df, Extrakt (Artemisia annua L.)\"}]},{\"@type\":\"WebSite\",\"@id\":\"https:\\\/\\\/erbetix.com\\\/de\\\/#website\",\"url\":\"https:\\\/\\\/erbetix.com\\\/de\\\/\",\"name\":\"Erbetix\",\"description\":\"The highest quality products and services in the herbal extract industry.\",\"potentialAction\":[{\"@type\":\"SearchAction\",\"target\":{\"@type\":\"EntryPoint\",\"urlTemplate\":\"https:\\\/\\\/erbetix.com\\\/de\\\/?s={search_term_string}\"},\"query-input\":{\"@type\":\"PropertyValueSpecification\",\"valueRequired\":true,\"valueName\":\"search_term_string\"}}],\"inLanguage\":\"de\"}]}<\/script>\n<!-- \/ Yoast SEO plugin. -->","yoast_head_json":{"title":"Einj\u00e4hriger Beifu\u00df Tropfen - Artemisia Annua Extrakt - online kaufen @Erbetix","description":"Einj\u00e4hriger Beifu\u00df Tropfen - Artemisia Annua Extrakt - Online kaufen @Erbetix.com - 100% nat\u00fcrlich - Geeignet f\u00fcr Vegetarier und Veganer - hoher Gehalt an Artemisinin","robots":{"index":"index","follow":"follow","max-snippet":"max-snippet:-1","max-image-preview":"max-image-preview:large","max-video-preview":"max-video-preview:-1"},"canonical":"https:\/\/erbetix.com\/de\/produkt\/artemisia-annua-einjaehriger-beifuss-extrakt-artemisia-annua-l\/","og_locale":"de_DE","og_type":"article","og_title":"Einj\u00e4hriger Beifu\u00df Tropfen - Artemisia Annua Extrakt - online kaufen @Erbetix","og_description":"Einj\u00e4hriger Beifu\u00df Tropfen - Artemisia Annua Extrakt - Online kaufen @Erbetix.com - 100% nat\u00fcrlich - Geeignet f\u00fcr Vegetarier und Veganer - hoher Gehalt an Artemisinin","og_url":"https:\/\/erbetix.com\/de\/produkt\/artemisia-annua-einjaehriger-beifuss-extrakt-artemisia-annua-l\/","og_site_name":"Erbetix","article_modified_time":"2026-03-12T06:44:03+00:00","og_image":[{"width":800,"height":800,"url":"https:\/\/erbetix.com\/wp-content\/uploads\/2021\/02\/Erbetix_pelin-ger.jpg","type":"image\/jpeg"}],"twitter_card":"summary_large_image","twitter_misc":{"Gesch\u00e4tzte Lesezeit":"2\u00a0Minuten"},"schema":{"@context":"https:\/\/schema.org","@graph":[{"@type":"WebPage","@id":"https:\/\/erbetix.com\/de\/produkt\/artemisia-annua-einjaehriger-beifuss-extrakt-artemisia-annua-l\/","url":"https:\/\/erbetix.com\/de\/produkt\/artemisia-annua-einjaehriger-beifuss-extrakt-artemisia-annua-l\/","name":"Einj\u00e4hriger Beifu\u00df Tropfen - Artemisia Annua Extrakt - online kaufen @Erbetix","isPartOf":{"@id":"https:\/\/erbetix.com\/de\/#website"},"primaryImageOfPage":{"@id":"https:\/\/erbetix.com\/de\/produkt\/artemisia-annua-einjaehriger-beifuss-extrakt-artemisia-annua-l\/#primaryimage"},"image":{"@id":"https:\/\/erbetix.com\/de\/produkt\/artemisia-annua-einjaehriger-beifuss-extrakt-artemisia-annua-l\/#primaryimage"},"thumbnailUrl":"https:\/\/erbetix.com\/wp-content\/uploads\/2021\/02\/Erbetix_pelin-ger.jpg","datePublished":"2020-12-04T10:14:20+00:00","dateModified":"2026-03-12T06:44:03+00:00","description":"Einj\u00e4hriger Beifu\u00df Tropfen - Artemisia Annua Extrakt - Online kaufen @Erbetix.com - 100% nat\u00fcrlich - Geeignet f\u00fcr Vegetarier und Veganer - hoher Gehalt an Artemisinin","breadcrumb":{"@id":"https:\/\/erbetix.com\/de\/produkt\/artemisia-annua-einjaehriger-beifuss-extrakt-artemisia-annua-l\/#breadcrumb"},"inLanguage":"de","potentialAction":[{"@type":"ReadAction","target":["https:\/\/erbetix.com\/de\/produkt\/artemisia-annua-einjaehriger-beifuss-extrakt-artemisia-annua-l\/"]}]},{"@type":"ImageObject","inLanguage":"de","@id":"https:\/\/erbetix.com\/de\/produkt\/artemisia-annua-einjaehriger-beifuss-extrakt-artemisia-annua-l\/#primaryimage","url":"https:\/\/erbetix.com\/wp-content\/uploads\/2021\/02\/Erbetix_pelin-ger.jpg","contentUrl":"https:\/\/erbetix.com\/wp-content\/uploads\/2021\/02\/Erbetix_pelin-ger.jpg","width":800,"height":800,"caption":"einj\u00e4hriger beifu\u00df tropfen Artemisia Annua extrakt kaufen"},{"@type":"BreadcrumbList","@id":"https:\/\/erbetix.com\/de\/produkt\/artemisia-annua-einjaehriger-beifuss-extrakt-artemisia-annua-l\/#breadcrumb","itemListElement":[{"@type":"ListItem","position":1,"name":"Home","item":"https:\/\/erbetix.com\/de\/"},{"@type":"ListItem","position":2,"name":"Gesch\u00e4ft","item":"https:\/\/erbetix.com\/shop\/"},{"@type":"ListItem","position":3,"name":"Artemisia annua, einj\u00e4hriger Beifu\u00df, Extrakt (Artemisia annua L.)"}]},{"@type":"WebSite","@id":"https:\/\/erbetix.com\/de\/#website","url":"https:\/\/erbetix.com\/de\/","name":"Erbetix","description":"The highest quality products and services in the herbal extract industry.","potentialAction":[{"@type":"SearchAction","target":{"@type":"EntryPoint","urlTemplate":"https:\/\/erbetix.com\/de\/?s={search_term_string}"},"query-input":{"@type":"PropertyValueSpecification","valueRequired":true,"valueName":"search_term_string"}}],"inLanguage":"de"}]}},"_links":{"self":[{"href":"https:\/\/erbetix.com\/de\/wp-json\/wp\/v2\/product\/3566","targetHints":{"allow":["GET"]}}],"collection":[{"href":"https:\/\/erbetix.com\/de\/wp-json\/wp\/v2\/product"}],"about":[{"href":"https:\/\/erbetix.com\/de\/wp-json\/wp\/v2\/types\/product"}],"replies":[{"embeddable":true,"href":"https:\/\/erbetix.com\/de\/wp-json\/wp\/v2\/comments?post=3566"}],"wp:featuredmedia":[{"embeddable":true,"href":"https:\/\/erbetix.com\/de\/wp-json\/wp\/v2\/media\/3903"}],"wp:attachment":[{"href":"https:\/\/erbetix.com\/de\/wp-json\/wp\/v2\/media?parent=3566"}],"wp:term":[{"taxonomy":"product_brand","embeddable":true,"href":"https:\/\/erbetix.com\/de\/wp-json\/wp\/v2\/product_brand?post=3566"},{"taxonomy":"product_cat","embeddable":true,"href":"https:\/\/erbetix.com\/de\/wp-json\/wp\/v2\/product_cat?post=3566"},{"taxonomy":"product_tag","embeddable":true,"href":"https:\/\/erbetix.com\/de\/wp-json\/wp\/v2\/product_tag?post=3566"}],"curies":[{"name":"wp","href":"https:\/\/api.w.org\/{rel}","templated":true}]}}