{"id":3672,"date":"2021-01-14T09:08:16","date_gmt":"2021-01-14T08:08:16","guid":{"rendered":"https:\/\/erbetix.com\/?post_type=product&#038;p=3672"},"modified":"2024-12-09T00:07:40","modified_gmt":"2024-12-08T23:07:40","slug":"kuerbiskern-oel-serum-10ml","status":"publish","type":"product","link":"https:\/\/erbetix.com\/de\/produkt\/kuerbiskern-oel-serum-10ml\/","title":{"rendered":"K\u00fcrbiskern \u00d6l Serum [10ml]"},"content":{"rendered":"<p>ERBETIX K\u00fcrbiskern\u00f6lserum wird durch eine hochtechnologische, harmlose Extraktionsmethode gewonnen, ist 100% nat\u00fcrlich und ohne Zusatzstoffe. Es besteht ausschlie\u00dflich aus essentiellen, n\u00fctzlichen Substanzen aus K\u00fcrbiskernen und ist ein reiner Extrakt. Obwohl kaltgepresstes K\u00fcrbiskern\u00f6l zweifellos seine Beliebtheit wert ist, ist das Serum eine signifikante Erweiterung, das durch ein moderneres Extraktionsverfahren bereitgestellt wird. Das Serum enth\u00e4lt mehr Mineralien (Magnesium, Kalzium, Silizium, Selen und Zink) und Vitamine (A, B1, B2, C, D und E) und ist daher noch n\u00fctzlicher und wirksamer als K\u00fcrbiskern\u00f6l.<\/p>\n<p>K\u00fcrbiskern\u00f6l hat bereits einen besonderen Platz in der Tradition unserer Umwelt, daher ist es h\u00f6chste Zeit, die wesentlichen Bestandteile von K\u00fcrbiskernen noch besser zu nutzen. Das Serum kommt mit den gleichen Beschwerden wie K\u00fcrbis-\u00f6l zurecht, nur l\u00f6st es sie noch effektiver. Das K\u00fcrbiskernserum verbindet somit die Weisheit der Tradition mit modernster Technologie. ERBETIX K\u00fcrbiskernserum steht f\u00fcr Vielseitigkeit und zielt darauf ab, die Verwendung von K\u00fcrbisextrakten aus der traditionellen K\u00fcche zu erweitern, um ihr volles Potenzial auszusch\u00f6pfen.<\/p>\n<p>Die Qualit\u00e4t des ERBETIX-Serums aus K\u00fcrbiskernen ist das Ergebnis aller Produktionsstufen. Von der Ernte \u00fcber die Auswahl der Samen bis hin zur Lagerung und Extraktion nach dem neuesten Stand der Technik. Nur so k\u00f6nnen wir einen Extrakt aus K\u00fcrbiskernen erhalten bzw. Serum, das in Bezug auf Inhaltsstoffe und Wirkstoffe ein echtes nat\u00fcrliches Elixier ist.<\/p>\n<p><strong>EIGENSCHAFTEN:<\/strong><\/p>\n<ul class=\"alineja\">\n<li>erhalten durch die neueste Extraktionsmethode, die das gesamte Pflanzenspektrum bewahrt<\/li>\n<li>100% pflanzlichen Ursprungs<\/li>\n<li>in Slowenien hergestellt und abgef\u00fcllt<\/li>\n<li>hoher Gehalt an Antioxidanten Vitamin E und Vitamin A, B1, B2, C, D und E.<\/li>\n<li>hoher Gehalt an unges\u00e4ttigten Fetts\u00e4uren<\/li>\n<li>handverlesen und verarbeitet<\/li>\n<li>frei von GVO, Konservierungsstoffen, Gluten und k\u00fcnstlichen S\u00fc\u00dfungsmitteln<\/li>\n<li>Das Produkt ist im Labor getestet und entspricht den strengen europ\u00e4ischen Vorschriften<\/li>\n<li>frei von Alkohol oder L\u00f6sungsmittelresten<\/li>\n<li>Das Serum ist ungiftig und hypoallergen<\/li>\n<\/ul>\n<p><strong>GEBRAUCHSANWEISUNG:<\/strong><\/p>\n<ul class=\"alineja\">\n<li>ein Tropfen allein oder als Zusatz zu Cremen<\/li>\n<li>An einem dunklen und k\u00fchlen Ort aufbewahren<\/li>\n<li>Verwenden Sie das Produkt nach Bedarf mehrmals t\u00e4glich<\/li>\n<li>Haltbarkeit: 18 Monate<\/li>\n<\/ul>\n<p><strong>WARNHINWEISE:<\/strong><br \/>\nVerwenden Sie das Produkt nicht, wenn Sie gegen einen der Inhaltsstoffe allergisch sind. Brechen Sie die Einnahme ab, wenn Sie \u00fcberempfindlich sind. Empfohlene Tagesmengen sollen nicht \u00fcberschritten werden. Das Nahrungserg\u00e4nzungsmittel ist nicht zur Vorbeugung und Behandlung von Krankheiten und Zust\u00e4nden bestimmt.<\/p>\n","protected":false},"excerpt":{"rendered":"<p>K\u00fcrbiskern-\u00f6lserum ist ein 100% iges Serum aus ausgew\u00e4hlten K\u00fcrbiskernen, das mit der neuesten Technologie gewonnen wurde. Im Gegensatz zum ansonsten hervorragenden K\u00fcrbiskern\u00f6l weist das Serum ein noch vollst\u00e4ndigeres und reichhaltigeres Profil an Vitaminen, Mineralien und vor allem essentiellen unges\u00e4ttigten Fetts\u00e4uren auf.<\/p>\n<ul class=\"alineja\">\n<li><strong>aus biologischem Anbau<\/strong><\/li>\n<li><strong>Slowenisches Produkt<\/strong><\/li>\n<li><strong>au\u00dferordentliche Absorption<\/strong><\/li>\n<li><strong>hoher Gehalt an Antioxidantien Vitamin E und Vitamin A, B1, B2, C, D und E.<\/strong><\/li>\n<li><strong>senkt den Cholesterinspiegel<\/strong><\/li>\n<li><strong>enth\u00e4lt keinen Alkohol und keine anderen L\u00f6sungsmittelr\u00fcckst\u00e4nde<\/strong><\/li>\n<\/ul>\n","protected":false},"featured_media":4133,"comment_status":"open","ping_status":"closed","template":"","meta":[],"product_brand":[],"product_cat":[133,145],"product_tag":[],"class_list":{"0":"post-3672","1":"product","2":"type-product","3":"status-publish","4":"has-post-thumbnail","6":"product_cat-erbecare-de","7":"product_cat-olserum","9":"first","10":"instock","11":"taxable","12":"shipping-taxable","13":"purchasable","14":"product-type-simple"},"yoast_head":"<!-- This site is optimized with the Yoast SEO plugin v27.6 - https:\/\/yoast.com\/product\/yoast-seo-wordpress\/ -->\n<title>K\u00fcrbiskernextrakt - K\u00fcrbiskern\u00f6l Extrakt - Naturliche \u00d6l Tropfen - Erbetix<\/title>\n<meta name=\"description\" content=\"K\u00fcrbiskernextrakt - K\u00fcrbiskern\u00f6l Extrakt - Naturliche \u00d6l Tropfen [20ml] - 100% pflanzlichen Ursprungs - Premium Qualit\u00e4t - Erbetix.com\" \/>\n<meta name=\"robots\" content=\"index, follow, max-snippet:-1, max-image-preview:large, max-video-preview:-1\" \/>\n<link rel=\"canonical\" href=\"https:\/\/erbetix.com\/de\/produkt\/kuerbiskern-oel-serum-10ml\/\" \/>\n<meta property=\"og:locale\" content=\"de_DE\" \/>\n<meta property=\"og:type\" content=\"article\" \/>\n<meta property=\"og:title\" content=\"K\u00fcrbiskernextrakt - K\u00fcrbiskern\u00f6l Extrakt - Naturliche \u00d6l Tropfen - Erbetix\" \/>\n<meta property=\"og:description\" content=\"K\u00fcrbiskernextrakt - K\u00fcrbiskern\u00f6l Extrakt - Naturliche \u00d6l Tropfen [20ml] - 100% pflanzlichen Ursprungs - Premium Qualit\u00e4t - Erbetix.com\" \/>\n<meta property=\"og:url\" content=\"https:\/\/erbetix.com\/de\/produkt\/kuerbiskern-oel-serum-10ml\/\" \/>\n<meta property=\"og:site_name\" content=\"Erbetix\" \/>\n<meta property=\"article:modified_time\" content=\"2024-12-08T23:07:40+00:00\" \/>\n<meta property=\"og:image\" content=\"https:\/\/erbetix.com\/wp-content\/uploads\/2021\/01\/Pumpkin-2-1.jpg\" \/>\n\t<meta property=\"og:image:width\" content=\"800\" \/>\n\t<meta property=\"og:image:height\" content=\"800\" \/>\n\t<meta property=\"og:image:type\" content=\"image\/jpeg\" \/>\n<meta name=\"twitter:card\" content=\"summary_large_image\" \/>\n<meta name=\"twitter:label1\" content=\"Gesch\u00e4tzte Lesezeit\" \/>\n\t<meta name=\"twitter:data1\" content=\"2\u00a0Minuten\" \/>\n<script type=\"application\/ld+json\" class=\"yoast-schema-graph\">{\"@context\":\"https:\\\/\\\/schema.org\",\"@graph\":[{\"@type\":\"WebPage\",\"@id\":\"https:\\\/\\\/erbetix.com\\\/de\\\/produkt\\\/kuerbiskern-oel-serum-10ml\\\/\",\"url\":\"https:\\\/\\\/erbetix.com\\\/de\\\/produkt\\\/kuerbiskern-oel-serum-10ml\\\/\",\"name\":\"K\u00fcrbiskernextrakt - K\u00fcrbiskern\u00f6l Extrakt - Naturliche \u00d6l Tropfen - Erbetix\",\"isPartOf\":{\"@id\":\"https:\\\/\\\/erbetix.com\\\/de\\\/#website\"},\"primaryImageOfPage\":{\"@id\":\"https:\\\/\\\/erbetix.com\\\/de\\\/produkt\\\/kuerbiskern-oel-serum-10ml\\\/#primaryimage\"},\"image\":{\"@id\":\"https:\\\/\\\/erbetix.com\\\/de\\\/produkt\\\/kuerbiskern-oel-serum-10ml\\\/#primaryimage\"},\"thumbnailUrl\":\"https:\\\/\\\/erbetix.com\\\/wp-content\\\/uploads\\\/2021\\\/01\\\/Pumpkin-2-1.jpg\",\"datePublished\":\"2021-01-14T08:08:16+00:00\",\"dateModified\":\"2024-12-08T23:07:40+00:00\",\"description\":\"K\u00fcrbiskernextrakt - K\u00fcrbiskern\u00f6l Extrakt - Naturliche \u00d6l Tropfen [20ml] - 100% pflanzlichen Ursprungs - Premium Qualit\u00e4t - Erbetix.com\",\"breadcrumb\":{\"@id\":\"https:\\\/\\\/erbetix.com\\\/de\\\/produkt\\\/kuerbiskern-oel-serum-10ml\\\/#breadcrumb\"},\"inLanguage\":\"de\",\"potentialAction\":[{\"@type\":\"ReadAction\",\"target\":[\"https:\\\/\\\/erbetix.com\\\/de\\\/produkt\\\/kuerbiskern-oel-serum-10ml\\\/\"]}]},{\"@type\":\"ImageObject\",\"inLanguage\":\"de\",\"@id\":\"https:\\\/\\\/erbetix.com\\\/de\\\/produkt\\\/kuerbiskern-oel-serum-10ml\\\/#primaryimage\",\"url\":\"https:\\\/\\\/erbetix.com\\\/wp-content\\\/uploads\\\/2021\\\/01\\\/Pumpkin-2-1.jpg\",\"contentUrl\":\"https:\\\/\\\/erbetix.com\\\/wp-content\\\/uploads\\\/2021\\\/01\\\/Pumpkin-2-1.jpg\",\"width\":800,\"height\":800},{\"@type\":\"BreadcrumbList\",\"@id\":\"https:\\\/\\\/erbetix.com\\\/de\\\/produkt\\\/kuerbiskern-oel-serum-10ml\\\/#breadcrumb\",\"itemListElement\":[{\"@type\":\"ListItem\",\"position\":1,\"name\":\"Home\",\"item\":\"https:\\\/\\\/erbetix.com\\\/de\\\/\"},{\"@type\":\"ListItem\",\"position\":2,\"name\":\"Gesch\u00e4ft\",\"item\":\"https:\\\/\\\/erbetix.com\\\/shop\\\/\"},{\"@type\":\"ListItem\",\"position\":3,\"name\":\"K\u00fcrbiskern \u00d6l Serum [10ml]\"}]},{\"@type\":\"WebSite\",\"@id\":\"https:\\\/\\\/erbetix.com\\\/de\\\/#website\",\"url\":\"https:\\\/\\\/erbetix.com\\\/de\\\/\",\"name\":\"Erbetix\",\"description\":\"The highest quality products and services in the herbal extract industry.\",\"potentialAction\":[{\"@type\":\"SearchAction\",\"target\":{\"@type\":\"EntryPoint\",\"urlTemplate\":\"https:\\\/\\\/erbetix.com\\\/de\\\/?s={search_term_string}\"},\"query-input\":{\"@type\":\"PropertyValueSpecification\",\"valueRequired\":true,\"valueName\":\"search_term_string\"}}],\"inLanguage\":\"de\"}]}<\/script>\n<!-- \/ Yoast SEO plugin. -->","yoast_head_json":{"title":"K\u00fcrbiskernextrakt - K\u00fcrbiskern\u00f6l Extrakt - Naturliche \u00d6l Tropfen - Erbetix","description":"K\u00fcrbiskernextrakt - K\u00fcrbiskern\u00f6l Extrakt - Naturliche \u00d6l Tropfen [20ml] - 100% pflanzlichen Ursprungs - Premium Qualit\u00e4t - Erbetix.com","robots":{"index":"index","follow":"follow","max-snippet":"max-snippet:-1","max-image-preview":"max-image-preview:large","max-video-preview":"max-video-preview:-1"},"canonical":"https:\/\/erbetix.com\/de\/produkt\/kuerbiskern-oel-serum-10ml\/","og_locale":"de_DE","og_type":"article","og_title":"K\u00fcrbiskernextrakt - K\u00fcrbiskern\u00f6l Extrakt - Naturliche \u00d6l Tropfen - Erbetix","og_description":"K\u00fcrbiskernextrakt - K\u00fcrbiskern\u00f6l Extrakt - Naturliche \u00d6l Tropfen [20ml] - 100% pflanzlichen Ursprungs - Premium Qualit\u00e4t - Erbetix.com","og_url":"https:\/\/erbetix.com\/de\/produkt\/kuerbiskern-oel-serum-10ml\/","og_site_name":"Erbetix","article_modified_time":"2024-12-08T23:07:40+00:00","og_image":[{"width":800,"height":800,"url":"https:\/\/erbetix.com\/wp-content\/uploads\/2021\/01\/Pumpkin-2-1.jpg","type":"image\/jpeg"}],"twitter_card":"summary_large_image","twitter_misc":{"Gesch\u00e4tzte Lesezeit":"2\u00a0Minuten"},"schema":{"@context":"https:\/\/schema.org","@graph":[{"@type":"WebPage","@id":"https:\/\/erbetix.com\/de\/produkt\/kuerbiskern-oel-serum-10ml\/","url":"https:\/\/erbetix.com\/de\/produkt\/kuerbiskern-oel-serum-10ml\/","name":"K\u00fcrbiskernextrakt - K\u00fcrbiskern\u00f6l Extrakt - Naturliche \u00d6l Tropfen - Erbetix","isPartOf":{"@id":"https:\/\/erbetix.com\/de\/#website"},"primaryImageOfPage":{"@id":"https:\/\/erbetix.com\/de\/produkt\/kuerbiskern-oel-serum-10ml\/#primaryimage"},"image":{"@id":"https:\/\/erbetix.com\/de\/produkt\/kuerbiskern-oel-serum-10ml\/#primaryimage"},"thumbnailUrl":"https:\/\/erbetix.com\/wp-content\/uploads\/2021\/01\/Pumpkin-2-1.jpg","datePublished":"2021-01-14T08:08:16+00:00","dateModified":"2024-12-08T23:07:40+00:00","description":"K\u00fcrbiskernextrakt - K\u00fcrbiskern\u00f6l Extrakt - Naturliche \u00d6l Tropfen [20ml] - 100% pflanzlichen Ursprungs - Premium Qualit\u00e4t - Erbetix.com","breadcrumb":{"@id":"https:\/\/erbetix.com\/de\/produkt\/kuerbiskern-oel-serum-10ml\/#breadcrumb"},"inLanguage":"de","potentialAction":[{"@type":"ReadAction","target":["https:\/\/erbetix.com\/de\/produkt\/kuerbiskern-oel-serum-10ml\/"]}]},{"@type":"ImageObject","inLanguage":"de","@id":"https:\/\/erbetix.com\/de\/produkt\/kuerbiskern-oel-serum-10ml\/#primaryimage","url":"https:\/\/erbetix.com\/wp-content\/uploads\/2021\/01\/Pumpkin-2-1.jpg","contentUrl":"https:\/\/erbetix.com\/wp-content\/uploads\/2021\/01\/Pumpkin-2-1.jpg","width":800,"height":800},{"@type":"BreadcrumbList","@id":"https:\/\/erbetix.com\/de\/produkt\/kuerbiskern-oel-serum-10ml\/#breadcrumb","itemListElement":[{"@type":"ListItem","position":1,"name":"Home","item":"https:\/\/erbetix.com\/de\/"},{"@type":"ListItem","position":2,"name":"Gesch\u00e4ft","item":"https:\/\/erbetix.com\/shop\/"},{"@type":"ListItem","position":3,"name":"K\u00fcrbiskern \u00d6l Serum [10ml]"}]},{"@type":"WebSite","@id":"https:\/\/erbetix.com\/de\/#website","url":"https:\/\/erbetix.com\/de\/","name":"Erbetix","description":"The highest quality products and services in the herbal extract industry.","potentialAction":[{"@type":"SearchAction","target":{"@type":"EntryPoint","urlTemplate":"https:\/\/erbetix.com\/de\/?s={search_term_string}"},"query-input":{"@type":"PropertyValueSpecification","valueRequired":true,"valueName":"search_term_string"}}],"inLanguage":"de"}]}},"_links":{"self":[{"href":"https:\/\/erbetix.com\/de\/wp-json\/wp\/v2\/product\/3672","targetHints":{"allow":["GET"]}}],"collection":[{"href":"https:\/\/erbetix.com\/de\/wp-json\/wp\/v2\/product"}],"about":[{"href":"https:\/\/erbetix.com\/de\/wp-json\/wp\/v2\/types\/product"}],"replies":[{"embeddable":true,"href":"https:\/\/erbetix.com\/de\/wp-json\/wp\/v2\/comments?post=3672"}],"wp:featuredmedia":[{"embeddable":true,"href":"https:\/\/erbetix.com\/de\/wp-json\/wp\/v2\/media\/4133"}],"wp:attachment":[{"href":"https:\/\/erbetix.com\/de\/wp-json\/wp\/v2\/media?parent=3672"}],"wp:term":[{"taxonomy":"product_brand","embeddable":true,"href":"https:\/\/erbetix.com\/de\/wp-json\/wp\/v2\/product_brand?post=3672"},{"taxonomy":"product_cat","embeddable":true,"href":"https:\/\/erbetix.com\/de\/wp-json\/wp\/v2\/product_cat?post=3672"},{"taxonomy":"product_tag","embeddable":true,"href":"https:\/\/erbetix.com\/de\/wp-json\/wp\/v2\/product_tag?post=3672"}],"curies":[{"name":"wp","href":"https:\/\/api.w.org\/{rel}","templated":true}]}}