{"id":3682,"date":"2021-01-14T09:34:30","date_gmt":"2021-01-14T08:34:30","guid":{"rendered":"https:\/\/erbetix.com\/?post_type=product&#038;p=3682"},"modified":"2025-04-13T03:03:30","modified_gmt":"2025-04-13T01:03:30","slug":"himbeeren-kern-rubus-idaeus-oel-serum-10ml","status":"publish","type":"product","link":"https:\/\/erbetix.com\/de\/produkt\/himbeeren-kern-rubus-idaeus-oel-serum-10ml\/","title":{"rendered":"Himbeeren-kern (Rubus idaeus) \u00d6l Serum [10ml]"},"content":{"rendered":"<p>ERBETIX Himbeer\u00f6lserum wird aus Himbeersamen hergestellt und nach einem High-Tech-Verfahren gewonnen.<\/p>\n<p>Das Serum ist v\u00f6llig nat\u00fcrlich und ohne Zusatzstoffe. Es ist sozusagen eine reine Substanz, gleichzeitig ein nat\u00fcrliches Konservierungsmittel und eine vollst\u00e4ndige Fundgrube essentieller Inhaltsstoffe. Aufgrund der gew\u00e4hlten Extraktionsmethode ist das Serum ein reichhaltigerer und vollerer Extrakt als kaltgepresstes \u00d6l. In letzterem werden viele Schl\u00fcsselkomponenten durch mechanische Kompression zerst\u00f6rt.<\/p>\n<p>Die im Serum enthaltenen Vitamine A und E bieten antioxidative Eigenschaften, und Himbeeren gelten allgemein als der beste nat\u00fcrliche Schutz gegen UV-Strahlen. Das Profil der n\u00fctzlichen Inhaltsstoffe wird durch essentielle Fetts\u00e4uren (Linols\u00e4ure (Omega-6), Oleins\u00e4ure (Omega-9), Alpha-Linolens\u00e4ure (Omega-3)), Mineralien Kupfer, Eisen und Kalium sowie Keton-, Phytosterol-, Cumarin- und Fols\u00e4ureverbindungen erg\u00e4nzt.<\/p>\n<p>Die niedermolekulare Zusammensetzung des Serums sorgt f\u00fcr eine optimale Absorption und damit f\u00fcr den hohen N\u00e4hrwert dieses au\u00dfergew\u00f6hnlichen Extrakts.<\/p>\n<p><strong>EIGENSCHAFTEN:<\/strong><\/p>\n<ul class=\"alineja\">\n<li>erhalten durch die neueste Extraktionsmethode, die das gesamte Pflanzenspektrum bewahrt<\/li>\n<li>100% pflanzlichen Ursprungs<\/li>\n<li>in Slowenien hergestellt und abgef\u00fcllt<\/li>\n<li>hoher Gehalt an Vitamin A und E sowie anderen Mineralien und essentiellen Fetts\u00e4uren<\/li>\n<li>handverlesen und verarbeitet<\/li>\n<li>frei von GVO, Konservierungsstoffen, Gluten und k\u00fcnstlichen S\u00fc\u00dfungsmitteln<\/li>\n<li>Das Produkt ist im Labor getestet und entspricht den strengen europ\u00e4ischen Vorschriften<\/li>\n<li>frei von Alkohol oder L\u00f6sungsmittelresten<\/li>\n<\/ul>\n<p><strong>GEBRAUCHSANWEISUNG:<\/strong><\/p>\n<ul class=\"alineja\">\n<li>ein Tropfen allein oder als Zusatz zu Cremen<\/li>\n<li>An einem dunklen und k\u00fchlen Ort aufbewahren<\/li>\n<li>Verwenden Sie das Produkt nach Bedarf mehrmals t\u00e4glich<\/li>\n<li>Haltbarkeit: 18 Monate<\/li>\n<\/ul>\n<p><strong>WARNHINWEISE:<\/strong><br \/>\nVerwenden Sie das Produkt nicht, wenn Sie gegen einen der Inhaltsstoffe allergisch sind. Brechen Sie die Einnahme ab, wenn Sie \u00fcberempfindlich sind. Empfohlene Tagesmengen sollen nicht \u00fcberschritten werden. Das Nahrungserg\u00e4nzungsmittel ist nicht zur Vorbeugung und Behandlung von Krankheiten und Zust\u00e4nden bestimmt.<\/p>\n","protected":false},"excerpt":{"rendered":"<p>Himbeer\u00f6l-Serum ist ein nat\u00fcrliches Serum, das ausschlie\u00dflich aus keimenden, gesunden Himbeersamen und ohne Zusatzstoffe gewonnen wird. Das Extraktionsverfahren nach dem Stand der Technik bewahrt ein reichhaltigeres Spektrum an essentiellen Wirkstoffen als gew\u00f6hnliche kaltgepresste \u00d6le.<\/p>\n<ul class=\"alineja\">\n<li><strong>Slowenisches Produkt<\/strong><\/li>\n<li><strong>F\u00fcr trockene oder reife Haut <\/strong><\/li>\n<li><strong>Entz\u00fcndungshemmende Wirkung <\/strong><\/li>\n<li><strong>au\u00dferordentliche Absorption<\/strong><\/li>\n<li><strong>hoher Gehalt an Vitamin A und E<\/strong><\/li>\n<li><strong>enth\u00e4lt keinen Alkohol und keine anderen L\u00f6sungsmittelr\u00fcckst\u00e4nde<\/strong><\/li>\n<\/ul>\n","protected":false},"featured_media":4137,"comment_status":"open","ping_status":"closed","template":"","meta":[],"product_brand":[],"product_cat":[133,145],"product_tag":[],"class_list":{"0":"post-3682","1":"product","2":"type-product","3":"status-publish","4":"has-post-thumbnail","6":"product_cat-erbecare-de","7":"product_cat-olserum","9":"first","10":"instock","11":"taxable","12":"shipping-taxable","13":"purchasable","14":"product-type-simple"},"yoast_head":"<!-- This site is optimized with the Yoast SEO plugin v27.3 - https:\/\/yoast.com\/product\/yoast-seo-wordpress\/ -->\n<title>Himbeersamen Extrakt - Rubus idaeus Tropfen - Himbeerkerne - Erbetix<\/title>\n<meta name=\"description\" content=\"Himbeersamen Extrakt - Rubus idaeus Tropfen - Himbeerkerne Serum [20ml] - 100% nat\u00fcrlich - Geeignet f\u00fcr Vegetarier und Veganer - Erbetix.com\" \/>\n<meta name=\"robots\" content=\"index, follow, max-snippet:-1, max-image-preview:large, max-video-preview:-1\" \/>\n<link rel=\"canonical\" href=\"https:\/\/erbetix.com\/de\/produkt\/himbeeren-kern-rubus-idaeus-oel-serum-10ml\/\" \/>\n<meta property=\"og:locale\" content=\"de_DE\" \/>\n<meta property=\"og:type\" content=\"article\" \/>\n<meta property=\"og:title\" content=\"Himbeersamen Extrakt - Rubus idaeus Tropfen - Himbeerkerne - Erbetix\" \/>\n<meta property=\"og:description\" content=\"Himbeersamen Extrakt - Rubus idaeus Tropfen - Himbeerkerne Serum [20ml] - 100% nat\u00fcrlich - Geeignet f\u00fcr Vegetarier und Veganer - Erbetix.com\" \/>\n<meta property=\"og:url\" content=\"https:\/\/erbetix.com\/de\/produkt\/himbeeren-kern-rubus-idaeus-oel-serum-10ml\/\" \/>\n<meta property=\"og:site_name\" content=\"Erbetix\" \/>\n<meta property=\"article:modified_time\" content=\"2025-04-13T01:03:30+00:00\" \/>\n<meta property=\"og:image\" content=\"https:\/\/erbetix.com\/wp-content\/uploads\/2021\/01\/Raspberry-2-1.jpg\" \/>\n\t<meta property=\"og:image:width\" content=\"800\" \/>\n\t<meta property=\"og:image:height\" content=\"800\" \/>\n\t<meta property=\"og:image:type\" content=\"image\/jpeg\" \/>\n<meta name=\"twitter:card\" content=\"summary_large_image\" \/>\n<meta name=\"twitter:label1\" content=\"Gesch\u00e4tzte Lesezeit\" \/>\n\t<meta name=\"twitter:data1\" content=\"2\u00a0Minuten\" \/>\n<script type=\"application\/ld+json\" class=\"yoast-schema-graph\">{\"@context\":\"https:\\\/\\\/schema.org\",\"@graph\":[{\"@type\":\"WebPage\",\"@id\":\"https:\\\/\\\/erbetix.com\\\/de\\\/produkt\\\/himbeeren-kern-rubus-idaeus-oel-serum-10ml\\\/\",\"url\":\"https:\\\/\\\/erbetix.com\\\/de\\\/produkt\\\/himbeeren-kern-rubus-idaeus-oel-serum-10ml\\\/\",\"name\":\"Himbeersamen Extrakt - Rubus idaeus Tropfen - Himbeerkerne - Erbetix\",\"isPartOf\":{\"@id\":\"https:\\\/\\\/erbetix.com\\\/de\\\/#website\"},\"primaryImageOfPage\":{\"@id\":\"https:\\\/\\\/erbetix.com\\\/de\\\/produkt\\\/himbeeren-kern-rubus-idaeus-oel-serum-10ml\\\/#primaryimage\"},\"image\":{\"@id\":\"https:\\\/\\\/erbetix.com\\\/de\\\/produkt\\\/himbeeren-kern-rubus-idaeus-oel-serum-10ml\\\/#primaryimage\"},\"thumbnailUrl\":\"https:\\\/\\\/erbetix.com\\\/wp-content\\\/uploads\\\/2021\\\/01\\\/Raspberry-2-1.jpg\",\"datePublished\":\"2021-01-14T08:34:30+00:00\",\"dateModified\":\"2025-04-13T01:03:30+00:00\",\"description\":\"Himbeersamen Extrakt - Rubus idaeus Tropfen - Himbeerkerne Serum [20ml] - 100% nat\u00fcrlich - Geeignet f\u00fcr Vegetarier und Veganer - Erbetix.com\",\"breadcrumb\":{\"@id\":\"https:\\\/\\\/erbetix.com\\\/de\\\/produkt\\\/himbeeren-kern-rubus-idaeus-oel-serum-10ml\\\/#breadcrumb\"},\"inLanguage\":\"de\",\"potentialAction\":[{\"@type\":\"ReadAction\",\"target\":[\"https:\\\/\\\/erbetix.com\\\/de\\\/produkt\\\/himbeeren-kern-rubus-idaeus-oel-serum-10ml\\\/\"]}]},{\"@type\":\"ImageObject\",\"inLanguage\":\"de\",\"@id\":\"https:\\\/\\\/erbetix.com\\\/de\\\/produkt\\\/himbeeren-kern-rubus-idaeus-oel-serum-10ml\\\/#primaryimage\",\"url\":\"https:\\\/\\\/erbetix.com\\\/wp-content\\\/uploads\\\/2021\\\/01\\\/Raspberry-2-1.jpg\",\"contentUrl\":\"https:\\\/\\\/erbetix.com\\\/wp-content\\\/uploads\\\/2021\\\/01\\\/Raspberry-2-1.jpg\",\"width\":800,\"height\":800},{\"@type\":\"BreadcrumbList\",\"@id\":\"https:\\\/\\\/erbetix.com\\\/de\\\/produkt\\\/himbeeren-kern-rubus-idaeus-oel-serum-10ml\\\/#breadcrumb\",\"itemListElement\":[{\"@type\":\"ListItem\",\"position\":1,\"name\":\"Home\",\"item\":\"https:\\\/\\\/erbetix.com\\\/de\\\/\"},{\"@type\":\"ListItem\",\"position\":2,\"name\":\"Gesch\u00e4ft\",\"item\":\"https:\\\/\\\/erbetix.com\\\/shop\\\/\"},{\"@type\":\"ListItem\",\"position\":3,\"name\":\"Himbeeren-kern (Rubus idaeus) \u00d6l Serum [10ml]\"}]},{\"@type\":\"WebSite\",\"@id\":\"https:\\\/\\\/erbetix.com\\\/de\\\/#website\",\"url\":\"https:\\\/\\\/erbetix.com\\\/de\\\/\",\"name\":\"Erbetix\",\"description\":\"The highest quality products and services in the herbal extract industry.\",\"potentialAction\":[{\"@type\":\"SearchAction\",\"target\":{\"@type\":\"EntryPoint\",\"urlTemplate\":\"https:\\\/\\\/erbetix.com\\\/de\\\/?s={search_term_string}\"},\"query-input\":{\"@type\":\"PropertyValueSpecification\",\"valueRequired\":true,\"valueName\":\"search_term_string\"}}],\"inLanguage\":\"de\"}]}<\/script>\n<!-- \/ Yoast SEO plugin. -->","yoast_head_json":{"title":"Himbeersamen Extrakt - Rubus idaeus Tropfen - Himbeerkerne - Erbetix","description":"Himbeersamen Extrakt - Rubus idaeus Tropfen - Himbeerkerne Serum [20ml] - 100% nat\u00fcrlich - Geeignet f\u00fcr Vegetarier und Veganer - Erbetix.com","robots":{"index":"index","follow":"follow","max-snippet":"max-snippet:-1","max-image-preview":"max-image-preview:large","max-video-preview":"max-video-preview:-1"},"canonical":"https:\/\/erbetix.com\/de\/produkt\/himbeeren-kern-rubus-idaeus-oel-serum-10ml\/","og_locale":"de_DE","og_type":"article","og_title":"Himbeersamen Extrakt - Rubus idaeus Tropfen - Himbeerkerne - Erbetix","og_description":"Himbeersamen Extrakt - Rubus idaeus Tropfen - Himbeerkerne Serum [20ml] - 100% nat\u00fcrlich - Geeignet f\u00fcr Vegetarier und Veganer - Erbetix.com","og_url":"https:\/\/erbetix.com\/de\/produkt\/himbeeren-kern-rubus-idaeus-oel-serum-10ml\/","og_site_name":"Erbetix","article_modified_time":"2025-04-13T01:03:30+00:00","og_image":[{"width":800,"height":800,"url":"https:\/\/erbetix.com\/wp-content\/uploads\/2021\/01\/Raspberry-2-1.jpg","type":"image\/jpeg"}],"twitter_card":"summary_large_image","twitter_misc":{"Gesch\u00e4tzte Lesezeit":"2\u00a0Minuten"},"schema":{"@context":"https:\/\/schema.org","@graph":[{"@type":"WebPage","@id":"https:\/\/erbetix.com\/de\/produkt\/himbeeren-kern-rubus-idaeus-oel-serum-10ml\/","url":"https:\/\/erbetix.com\/de\/produkt\/himbeeren-kern-rubus-idaeus-oel-serum-10ml\/","name":"Himbeersamen Extrakt - Rubus idaeus Tropfen - Himbeerkerne - Erbetix","isPartOf":{"@id":"https:\/\/erbetix.com\/de\/#website"},"primaryImageOfPage":{"@id":"https:\/\/erbetix.com\/de\/produkt\/himbeeren-kern-rubus-idaeus-oel-serum-10ml\/#primaryimage"},"image":{"@id":"https:\/\/erbetix.com\/de\/produkt\/himbeeren-kern-rubus-idaeus-oel-serum-10ml\/#primaryimage"},"thumbnailUrl":"https:\/\/erbetix.com\/wp-content\/uploads\/2021\/01\/Raspberry-2-1.jpg","datePublished":"2021-01-14T08:34:30+00:00","dateModified":"2025-04-13T01:03:30+00:00","description":"Himbeersamen Extrakt - Rubus idaeus Tropfen - Himbeerkerne Serum [20ml] - 100% nat\u00fcrlich - Geeignet f\u00fcr Vegetarier und Veganer - Erbetix.com","breadcrumb":{"@id":"https:\/\/erbetix.com\/de\/produkt\/himbeeren-kern-rubus-idaeus-oel-serum-10ml\/#breadcrumb"},"inLanguage":"de","potentialAction":[{"@type":"ReadAction","target":["https:\/\/erbetix.com\/de\/produkt\/himbeeren-kern-rubus-idaeus-oel-serum-10ml\/"]}]},{"@type":"ImageObject","inLanguage":"de","@id":"https:\/\/erbetix.com\/de\/produkt\/himbeeren-kern-rubus-idaeus-oel-serum-10ml\/#primaryimage","url":"https:\/\/erbetix.com\/wp-content\/uploads\/2021\/01\/Raspberry-2-1.jpg","contentUrl":"https:\/\/erbetix.com\/wp-content\/uploads\/2021\/01\/Raspberry-2-1.jpg","width":800,"height":800},{"@type":"BreadcrumbList","@id":"https:\/\/erbetix.com\/de\/produkt\/himbeeren-kern-rubus-idaeus-oel-serum-10ml\/#breadcrumb","itemListElement":[{"@type":"ListItem","position":1,"name":"Home","item":"https:\/\/erbetix.com\/de\/"},{"@type":"ListItem","position":2,"name":"Gesch\u00e4ft","item":"https:\/\/erbetix.com\/shop\/"},{"@type":"ListItem","position":3,"name":"Himbeeren-kern (Rubus idaeus) \u00d6l Serum [10ml]"}]},{"@type":"WebSite","@id":"https:\/\/erbetix.com\/de\/#website","url":"https:\/\/erbetix.com\/de\/","name":"Erbetix","description":"The highest quality products and services in the herbal extract industry.","potentialAction":[{"@type":"SearchAction","target":{"@type":"EntryPoint","urlTemplate":"https:\/\/erbetix.com\/de\/?s={search_term_string}"},"query-input":{"@type":"PropertyValueSpecification","valueRequired":true,"valueName":"search_term_string"}}],"inLanguage":"de"}]}},"_links":{"self":[{"href":"https:\/\/erbetix.com\/de\/wp-json\/wp\/v2\/product\/3682","targetHints":{"allow":["GET"]}}],"collection":[{"href":"https:\/\/erbetix.com\/de\/wp-json\/wp\/v2\/product"}],"about":[{"href":"https:\/\/erbetix.com\/de\/wp-json\/wp\/v2\/types\/product"}],"replies":[{"embeddable":true,"href":"https:\/\/erbetix.com\/de\/wp-json\/wp\/v2\/comments?post=3682"}],"wp:featuredmedia":[{"embeddable":true,"href":"https:\/\/erbetix.com\/de\/wp-json\/wp\/v2\/media\/4137"}],"wp:attachment":[{"href":"https:\/\/erbetix.com\/de\/wp-json\/wp\/v2\/media?parent=3682"}],"wp:term":[{"taxonomy":"product_brand","embeddable":true,"href":"https:\/\/erbetix.com\/de\/wp-json\/wp\/v2\/product_brand?post=3682"},{"taxonomy":"product_cat","embeddable":true,"href":"https:\/\/erbetix.com\/de\/wp-json\/wp\/v2\/product_cat?post=3682"},{"taxonomy":"product_tag","embeddable":true,"href":"https:\/\/erbetix.com\/de\/wp-json\/wp\/v2\/product_tag?post=3682"}],"curies":[{"name":"wp","href":"https:\/\/api.w.org\/{rel}","templated":true}]}}