{"id":3689,"date":"2021-01-14T09:57:44","date_gmt":"2021-01-14T08:57:44","guid":{"rendered":"https:\/\/erbetix.com\/?post_type=product&#038;p=3689"},"modified":"2024-12-09T00:07:39","modified_gmt":"2024-12-08T23:07:39","slug":"traubenkern-oel-serum-10ml","status":"publish","type":"product","link":"https:\/\/erbetix.com\/de\/produkt\/traubenkern-oel-serum-10ml\/","title":{"rendered":"Traubenkern \u00d6l Serum [10ml]"},"content":{"rendered":"<p>ERBETIX Traubenkern\u00f6lserum wird aus Traubenkernen hergestellt. Es wird durch ein High-Tech-Extraktionsverfahren erhalten. Das Serum ist v\u00f6llig nat\u00fcrlich und ohne Zusatzstoffe, da es diese als reine Substanz nicht ben\u00f6tigt. Es ist ein nat\u00fcrliches Konservierungsmittel und gleichzeitig eine Fundgrube an essentiellen Inhaltsstoffen. Aufgrund einer speziellen Extraktionsmethode ist es reicher und voller als kaltgepresstes \u00d6l, bei dem viele wichtige Inhaltsstoffe durch mechanisches Pressen zerst\u00f6rt werden.<\/p>\n<p>Traubenkern\u00f6lserum ist haupts\u00e4chlich mit einem hohen Gehalt an Vitamin E und C sowie A geschm\u00fcckt, das eine au\u00dfergew\u00f6hnliche Anti-oxidative Wirkung hat. Die Kombination von Vitaminen erm\u00f6glicht eine 20-mal st\u00e4rkere Wirkung als Vitamin C allein und eine 50-mal h\u00f6here Wirkung als Vitamin E alleine.<\/p>\n<p>Traubenkern\u00f6le werden seit der Antike aus einem bestimmten Grund verwendet. Die fortschrittliche Extraktionsmethode erm\u00f6glicht zus\u00e4tzliche R\u00fcckgewinnung, da das Serum so viel st\u00e4rker und voller als das \u00d6l selbst ist. Die Schale der Samen ist extrem stark und sch\u00fctzt die essentiellen Inhaltsstoffe gut vor \u00e4u\u00dferen Faktoren (verschiedene Schadstoffe und andere Toxine). Dies macht das Serum auch als Samenextrakt st\u00e4rker und sauberer.<\/p>\n<p>Zus\u00e4tzlich zu den bereits aufgef\u00fchrten Vitaminen enth\u00e4lt das Serum viele andere Mineralien und nicht zuletzt einen gro\u00dfen Vorrat an unges\u00e4ttigten Fetts\u00e4uren (Omega 6 und Omega 9), die f\u00fcr unseren K\u00f6rper \u00e4u\u00dferst hilfreich sind. Es enth\u00e4lt viele Flavonoide, Linols\u00e4ure (Omega 6) und Inhaltsstoffe, die Procyanidine genannt werden (auch bekannt als Tannine, Pycnogenole und oligomere Proanthocyanidine). Ein sehr wichtiges Antioxidans (Bioflavonoid) in Traubenkernen ist OPC (oligomerer Proanthocyanidin-Komplex). Es ist ein wasserl\u00f6sliches Antioxidans, das schnell absorbiert und im ganzen K\u00f6rper verteilt wird.<\/p>\n<p>Der gr\u00f6\u00dfte Vorteil von Trauben-Kern\u00f6l liegt definitiv im hohen Gehalt an Vitamin E und Omega-6- und Omega-9-Fetts\u00e4uren. Freie Radikale, die durch Sonne, Wind und verschiedene Schadstoffe verursacht werden, sch\u00e4digen unsere Haut. Omega-6- und Omega-9-Fetts\u00e4uren sind \u00e4u\u00dferst wichtig f\u00fcr die reibungslose Regeneration und das Erscheinungsbild der Haut. Wenn wir der Haut all dies geben wollen, gibt es keine bessere Wahl als das au\u00dfergew\u00f6hnliche ERBETIX-Traubenkern-Serum.<\/p>\n<p><strong>EIGENSCHAFTEN:<\/strong><\/p>\n<ul class=\"alineja\">\n<li>erhalten durch die neueste Extraktionsmethode, die das gesamte Pflanzenspektrum bewahrt<\/li>\n<li>100% pflanzlichen Ursprungs<\/li>\n<li>in Slowenien hergestellt und abgef\u00fcllt<\/li>\n<li>hoher Gehalt an Vitamin C, E und A und anderen Mineralien und essentielle Fetts\u00e4uren<\/li>\n<li>handverlesen und verarbeitet<\/li>\n<li>frei von GVO, Konservierungsstoffen, Gluten und k\u00fcnstlichen S\u00fc\u00dfungsmitteln<\/li>\n<li>Das Produkt ist im Labor getestet und entspricht den strengen europ\u00e4ischen Vorschriften<\/li>\n<li>frei von Alkohol oder L\u00f6sungsmittelresten<\/li>\n<li>Das Serum ist ungiftig und hypoallergen<\/li>\n<\/ul>\n<p><strong>GEBRAUCHSANWEISUNG:<\/strong><\/p>\n<ul class=\"alineja\">\n<li>ein Tropfen allein oder als Zusatz zu Cremen<\/li>\n<li>An einem dunklen und k\u00fchlen Ort aufbewahren<\/li>\n<li>Verwenden Sie das Produkt nach Bedarf mehrmals t\u00e4glich<\/li>\n<li>Haltbarkeit: 18 Monate<\/li>\n<\/ul>\n<p><strong>WARNHINWEISE:<br \/>\n<\/strong>Verwenden Sie das Produkt nicht, wenn Sie gegen einen der Inhaltsstoffe allergisch sind. Brechen Sie die Einnahme ab, wenn Sie \u00fcberempfindlich sind. Empfohlene Tagesmengen sollen nicht \u00fcberschritten werden. Das Nahrungserg\u00e4nzungsmittel ist nicht zur Vorbeugung und Behandlung von Krankheiten und Zust\u00e4nden bestimmt. Das Serum sollte nicht konsumiert werden wenn unter dem Einfluss von Alkohol oder Drogen, da diese Kombination ein starkes Stimulans darstellt.<\/p>\n","protected":false},"excerpt":{"rendered":"<p>Traubenkern\u00f6lserum ist ein eigenst\u00e4ndiges Serum aus Traubenkernen. Der Extrakt wird mit modernster Technologie gewonnen und ist v\u00f6llig nat\u00fcrlich. Im Gegensatz zu dem seit der Antike bekannten \u00d6l ist das Serum viel vollst\u00e4ndiger und mit Vitaminen, Mineralien und anderen N\u00e4hrstoffen angereichert.<\/p>\n<ul class=\"alineja\">\n<li><strong>aus biologischem Anbau<\/strong><\/li>\n<li><strong>Slowenisches Produkt<\/strong><\/li>\n<li><strong>au\u00dferordentliche Absorption<\/strong><\/li>\n<li><strong>hoher Gehalt an Antioxidantien Vitamin E, C und A<\/strong><\/li>\n<li><strong>beschleunigt die Kollagenbildung<\/strong><\/li>\n<li><strong>enth\u00e4lt keinen Alkohol und keine anderen L\u00f6sungsmittelr\u00fcckst\u00e4nde<\/strong><\/li>\n<\/ul>\n","protected":false},"featured_media":4141,"comment_status":"closed","ping_status":"closed","template":"","meta":[],"product_brand":[],"product_cat":[133,145],"product_tag":[],"class_list":{"0":"post-3689","1":"product","2":"type-product","3":"status-publish","4":"has-post-thumbnail","6":"product_cat-erbecare-de","7":"product_cat-olserum","9":"first","10":"instock","11":"featured","12":"taxable","13":"shipping-taxable","14":"purchasable","15":"product-type-simple"},"yoast_head":"<!-- This site is optimized with the Yoast SEO plugin v27.3 - https:\/\/yoast.com\/product\/yoast-seo-wordpress\/ -->\n<title>Traubenkernextrakt - OPC - Tropfen - Online kaufen @ Erbetix.com<\/title>\n<meta name=\"description\" content=\"Traubenkernextrakt - OPC - Tropfen [20ml] - Geeignet f\u00fcr Vegetarier und Veganer - Premium Qualit\u00e4t - Online kaufen @ Erbetix.com\" \/>\n<meta name=\"robots\" content=\"index, follow, max-snippet:-1, max-image-preview:large, max-video-preview:-1\" \/>\n<link rel=\"canonical\" href=\"https:\/\/erbetix.com\/de\/produkt\/traubenkern-oel-serum-10ml\/\" \/>\n<meta property=\"og:locale\" content=\"de_DE\" \/>\n<meta property=\"og:type\" content=\"article\" \/>\n<meta property=\"og:title\" content=\"Traubenkernextrakt - OPC - Tropfen - Online kaufen @ Erbetix.com\" \/>\n<meta property=\"og:description\" content=\"Traubenkernextrakt - OPC - Tropfen [20ml] - Geeignet f\u00fcr Vegetarier und Veganer - Premium Qualit\u00e4t - Online kaufen @ Erbetix.com\" \/>\n<meta property=\"og:url\" content=\"https:\/\/erbetix.com\/de\/produkt\/traubenkern-oel-serum-10ml\/\" \/>\n<meta property=\"og:site_name\" content=\"Erbetix\" \/>\n<meta property=\"article:modified_time\" content=\"2024-12-08T23:07:39+00:00\" \/>\n<meta property=\"og:image\" content=\"https:\/\/erbetix.com\/wp-content\/uploads\/2021\/01\/Red-Grapes-2-1.jpg\" \/>\n\t<meta property=\"og:image:width\" content=\"800\" \/>\n\t<meta property=\"og:image:height\" content=\"800\" \/>\n\t<meta property=\"og:image:type\" content=\"image\/jpeg\" \/>\n<meta name=\"twitter:card\" content=\"summary_large_image\" \/>\n<meta name=\"twitter:label1\" content=\"Gesch\u00e4tzte Lesezeit\" \/>\n\t<meta name=\"twitter:data1\" content=\"3\u00a0Minuten\" \/>\n<script type=\"application\/ld+json\" class=\"yoast-schema-graph\">{\"@context\":\"https:\\\/\\\/schema.org\",\"@graph\":[{\"@type\":\"WebPage\",\"@id\":\"https:\\\/\\\/erbetix.com\\\/de\\\/produkt\\\/traubenkern-oel-serum-10ml\\\/\",\"url\":\"https:\\\/\\\/erbetix.com\\\/de\\\/produkt\\\/traubenkern-oel-serum-10ml\\\/\",\"name\":\"Traubenkernextrakt - OPC - Tropfen - Online kaufen @ Erbetix.com\",\"isPartOf\":{\"@id\":\"https:\\\/\\\/erbetix.com\\\/de\\\/#website\"},\"primaryImageOfPage\":{\"@id\":\"https:\\\/\\\/erbetix.com\\\/de\\\/produkt\\\/traubenkern-oel-serum-10ml\\\/#primaryimage\"},\"image\":{\"@id\":\"https:\\\/\\\/erbetix.com\\\/de\\\/produkt\\\/traubenkern-oel-serum-10ml\\\/#primaryimage\"},\"thumbnailUrl\":\"https:\\\/\\\/erbetix.com\\\/wp-content\\\/uploads\\\/2021\\\/01\\\/Red-Grapes-2-1.jpg\",\"datePublished\":\"2021-01-14T08:57:44+00:00\",\"dateModified\":\"2024-12-08T23:07:39+00:00\",\"description\":\"Traubenkernextrakt - OPC - Tropfen [20ml] - Geeignet f\u00fcr Vegetarier und Veganer - Premium Qualit\u00e4t - Online kaufen @ Erbetix.com\",\"breadcrumb\":{\"@id\":\"https:\\\/\\\/erbetix.com\\\/de\\\/produkt\\\/traubenkern-oel-serum-10ml\\\/#breadcrumb\"},\"inLanguage\":\"de\",\"potentialAction\":[{\"@type\":\"ReadAction\",\"target\":[\"https:\\\/\\\/erbetix.com\\\/de\\\/produkt\\\/traubenkern-oel-serum-10ml\\\/\"]}]},{\"@type\":\"ImageObject\",\"inLanguage\":\"de\",\"@id\":\"https:\\\/\\\/erbetix.com\\\/de\\\/produkt\\\/traubenkern-oel-serum-10ml\\\/#primaryimage\",\"url\":\"https:\\\/\\\/erbetix.com\\\/wp-content\\\/uploads\\\/2021\\\/01\\\/Red-Grapes-2-1.jpg\",\"contentUrl\":\"https:\\\/\\\/erbetix.com\\\/wp-content\\\/uploads\\\/2021\\\/01\\\/Red-Grapes-2-1.jpg\",\"width\":800,\"height\":800},{\"@type\":\"BreadcrumbList\",\"@id\":\"https:\\\/\\\/erbetix.com\\\/de\\\/produkt\\\/traubenkern-oel-serum-10ml\\\/#breadcrumb\",\"itemListElement\":[{\"@type\":\"ListItem\",\"position\":1,\"name\":\"Home\",\"item\":\"https:\\\/\\\/erbetix.com\\\/de\\\/\"},{\"@type\":\"ListItem\",\"position\":2,\"name\":\"Gesch\u00e4ft\",\"item\":\"https:\\\/\\\/erbetix.com\\\/shop\\\/\"},{\"@type\":\"ListItem\",\"position\":3,\"name\":\"Traubenkern \u00d6l Serum [10ml]\"}]},{\"@type\":\"WebSite\",\"@id\":\"https:\\\/\\\/erbetix.com\\\/de\\\/#website\",\"url\":\"https:\\\/\\\/erbetix.com\\\/de\\\/\",\"name\":\"Erbetix\",\"description\":\"The highest quality products and services in the herbal extract industry.\",\"potentialAction\":[{\"@type\":\"SearchAction\",\"target\":{\"@type\":\"EntryPoint\",\"urlTemplate\":\"https:\\\/\\\/erbetix.com\\\/de\\\/?s={search_term_string}\"},\"query-input\":{\"@type\":\"PropertyValueSpecification\",\"valueRequired\":true,\"valueName\":\"search_term_string\"}}],\"inLanguage\":\"de\"}]}<\/script>\n<!-- \/ Yoast SEO plugin. -->","yoast_head_json":{"title":"Traubenkernextrakt - OPC - Tropfen - Online kaufen @ Erbetix.com","description":"Traubenkernextrakt - OPC - Tropfen [20ml] - Geeignet f\u00fcr Vegetarier und Veganer - Premium Qualit\u00e4t - Online kaufen @ Erbetix.com","robots":{"index":"index","follow":"follow","max-snippet":"max-snippet:-1","max-image-preview":"max-image-preview:large","max-video-preview":"max-video-preview:-1"},"canonical":"https:\/\/erbetix.com\/de\/produkt\/traubenkern-oel-serum-10ml\/","og_locale":"de_DE","og_type":"article","og_title":"Traubenkernextrakt - OPC - Tropfen - Online kaufen @ Erbetix.com","og_description":"Traubenkernextrakt - OPC - Tropfen [20ml] - Geeignet f\u00fcr Vegetarier und Veganer - Premium Qualit\u00e4t - Online kaufen @ Erbetix.com","og_url":"https:\/\/erbetix.com\/de\/produkt\/traubenkern-oel-serum-10ml\/","og_site_name":"Erbetix","article_modified_time":"2024-12-08T23:07:39+00:00","og_image":[{"width":800,"height":800,"url":"https:\/\/erbetix.com\/wp-content\/uploads\/2021\/01\/Red-Grapes-2-1.jpg","type":"image\/jpeg"}],"twitter_card":"summary_large_image","twitter_misc":{"Gesch\u00e4tzte Lesezeit":"3\u00a0Minuten"},"schema":{"@context":"https:\/\/schema.org","@graph":[{"@type":"WebPage","@id":"https:\/\/erbetix.com\/de\/produkt\/traubenkern-oel-serum-10ml\/","url":"https:\/\/erbetix.com\/de\/produkt\/traubenkern-oel-serum-10ml\/","name":"Traubenkernextrakt - OPC - Tropfen - Online kaufen @ Erbetix.com","isPartOf":{"@id":"https:\/\/erbetix.com\/de\/#website"},"primaryImageOfPage":{"@id":"https:\/\/erbetix.com\/de\/produkt\/traubenkern-oel-serum-10ml\/#primaryimage"},"image":{"@id":"https:\/\/erbetix.com\/de\/produkt\/traubenkern-oel-serum-10ml\/#primaryimage"},"thumbnailUrl":"https:\/\/erbetix.com\/wp-content\/uploads\/2021\/01\/Red-Grapes-2-1.jpg","datePublished":"2021-01-14T08:57:44+00:00","dateModified":"2024-12-08T23:07:39+00:00","description":"Traubenkernextrakt - OPC - Tropfen [20ml] - Geeignet f\u00fcr Vegetarier und Veganer - Premium Qualit\u00e4t - Online kaufen @ Erbetix.com","breadcrumb":{"@id":"https:\/\/erbetix.com\/de\/produkt\/traubenkern-oel-serum-10ml\/#breadcrumb"},"inLanguage":"de","potentialAction":[{"@type":"ReadAction","target":["https:\/\/erbetix.com\/de\/produkt\/traubenkern-oel-serum-10ml\/"]}]},{"@type":"ImageObject","inLanguage":"de","@id":"https:\/\/erbetix.com\/de\/produkt\/traubenkern-oel-serum-10ml\/#primaryimage","url":"https:\/\/erbetix.com\/wp-content\/uploads\/2021\/01\/Red-Grapes-2-1.jpg","contentUrl":"https:\/\/erbetix.com\/wp-content\/uploads\/2021\/01\/Red-Grapes-2-1.jpg","width":800,"height":800},{"@type":"BreadcrumbList","@id":"https:\/\/erbetix.com\/de\/produkt\/traubenkern-oel-serum-10ml\/#breadcrumb","itemListElement":[{"@type":"ListItem","position":1,"name":"Home","item":"https:\/\/erbetix.com\/de\/"},{"@type":"ListItem","position":2,"name":"Gesch\u00e4ft","item":"https:\/\/erbetix.com\/shop\/"},{"@type":"ListItem","position":3,"name":"Traubenkern \u00d6l Serum [10ml]"}]},{"@type":"WebSite","@id":"https:\/\/erbetix.com\/de\/#website","url":"https:\/\/erbetix.com\/de\/","name":"Erbetix","description":"The highest quality products and services in the herbal extract industry.","potentialAction":[{"@type":"SearchAction","target":{"@type":"EntryPoint","urlTemplate":"https:\/\/erbetix.com\/de\/?s={search_term_string}"},"query-input":{"@type":"PropertyValueSpecification","valueRequired":true,"valueName":"search_term_string"}}],"inLanguage":"de"}]}},"_links":{"self":[{"href":"https:\/\/erbetix.com\/de\/wp-json\/wp\/v2\/product\/3689","targetHints":{"allow":["GET"]}}],"collection":[{"href":"https:\/\/erbetix.com\/de\/wp-json\/wp\/v2\/product"}],"about":[{"href":"https:\/\/erbetix.com\/de\/wp-json\/wp\/v2\/types\/product"}],"replies":[{"embeddable":true,"href":"https:\/\/erbetix.com\/de\/wp-json\/wp\/v2\/comments?post=3689"}],"wp:featuredmedia":[{"embeddable":true,"href":"https:\/\/erbetix.com\/de\/wp-json\/wp\/v2\/media\/4141"}],"wp:attachment":[{"href":"https:\/\/erbetix.com\/de\/wp-json\/wp\/v2\/media?parent=3689"}],"wp:term":[{"taxonomy":"product_brand","embeddable":true,"href":"https:\/\/erbetix.com\/de\/wp-json\/wp\/v2\/product_brand?post=3689"},{"taxonomy":"product_cat","embeddable":true,"href":"https:\/\/erbetix.com\/de\/wp-json\/wp\/v2\/product_cat?post=3689"},{"taxonomy":"product_tag","embeddable":true,"href":"https:\/\/erbetix.com\/de\/wp-json\/wp\/v2\/product_tag?post=3689"}],"curies":[{"name":"wp","href":"https:\/\/api.w.org\/{rel}","templated":true}]}}