{"id":4306,"date":"2021-08-20T11:01:43","date_gmt":"2021-08-20T09:01:43","guid":{"rendered":"https:\/\/erbetix.com\/?post_type=product&#038;p=4306"},"modified":"2024-12-09T00:07:39","modified_gmt":"2024-12-08T23:07:39","slug":"cbd-sport-tropfen-6-10ml","status":"publish","type":"product","link":"https:\/\/erbetix.com\/de\/produkt\/cbd-sport-tropfen-6-10ml\/","title":{"rendered":"CBD Sport Tropfen 6% [10ml]"},"content":{"rendered":"<p>ERBETIX CBD Sport-Tropfen werden aus purem hochwertigem CBD-Isolat das aus Hanfextrakt (Cannabis sativa) gewonnen wird und Raps\u00f6l hergestellt, das speziell f\u00fcr einen besseren Geschmack und eine bessere Absorption ausgew\u00e4hlt wurde.<\/p>\n<p><strong>EIGENSCHAFTEN:<\/strong><\/p>\n<ul class=\"alineja\">\n<li>durch die fortschrittlichste Extraktionsmethode erhalten<\/li>\n<li>enth\u00e4lt nur Cannabidiol (CBD) und keine anderen Cannabinoide<\/li>\n<li>enth\u00e4lt kein THC, wirkt nicht psychoaktiv<\/li>\n<li>in Slowenien hergestellt und abgef\u00fcllt<\/li>\n<li>das Produkt ist im Labor getestet und entspricht den strengen europ\u00e4ischen Vorschriften<\/li>\n<li>frei von GVO, Gluten, k\u00fcnstlichen Farbstoffen und Aromen<\/li>\n<li>ein Produkt f\u00fcr Veganer<\/li>\n<\/ul>\n<p><strong>GEBRAUCHSANWEISUNG:<\/strong><\/p>\n<ul class=\"alineja\">\n<li>Eine Pipette sorgt f\u00fcr eine sichere und genaue Dosierung<\/li>\n<li>1 Tropfen = 2mg CBD<\/li>\n<li>Verwenden Sie das Produkt nach Bedarf mehrmals t\u00e4glich<\/li>\n<li>Die Dosierung h\u00e4ngt vom Organismus jedes Einzelnen ab<\/li>\n<li>Bei \u00dcberempfindlichkeit die Einnahme abbrechen<\/li>\n<li>An einem dunklen und k\u00fchlen Ort aufbewahren<\/li>\n<li>Von Kindern fern halten<\/li>\n<li>Haltbarkeit: 18 Monate<\/li>\n<\/ul>\n","protected":false},"excerpt":{"rendered":"<p>CBD Sport Tropfen sind ein spezielles Nahrungserg\u00e4nzungsmittel, das aus biologisch angebautem Hanf gewonnen wird und in kaltgepresstem Raps\u00f6l gel\u00f6st wird. ERBETIX CBD Sport Tropfen enthalten kein anderes Cannabinoid als CBD und sind f\u00fcr 0% THC-Gehalt zertifiziert. CBD-Tropfen k\u00f6nnen Schmerzen lindern und entz\u00fcndungshemmend wirken, daher empfehlen wir sie Sportlern nach starkem Training oder als Nahrungserg\u00e4nzungsmittel zur St\u00e4rkung des Immunsystems.<\/p>\n<ul class=\"alineja\">\n<li><strong>1 (Tropfen) = 2mg CBD<\/strong><\/li>\n<li><strong>0% THC, wirkt nicht psychoaktiv<\/strong><\/li>\n<li><strong>CBD aus biologisch angebauten Pflanzen<\/strong><\/li>\n<li><strong>Nahrungserg\u00e4nzungsmittel<\/strong><\/li>\n<li><strong>Entz\u00fcndungshemmend<\/strong><\/li>\n<li><strong>Lindert Schmerzen<\/strong><\/li>\n<li><strong>Slowenisches Produkt<\/strong><\/li>\n<li><strong>Geeignet f\u00fcr Vegetarier und Veganer<\/strong><\/li>\n<\/ul>\n","protected":false},"featured_media":4360,"comment_status":"open","ping_status":"closed","template":"","meta":[],"product_brand":[],"product_cat":[141,132],"product_tag":[],"class_list":{"0":"post-4306","1":"product","2":"type-product","3":"status-publish","4":"has-post-thumbnail","6":"product_cat-cbd-tropfen","7":"product_cat-erbeoils-de","9":"first","10":"instock","11":"taxable","12":"shipping-taxable","13":"purchasable","14":"product-type-simple"},"yoast_head":"<!-- This site is optimized with the Yoast SEO plugin v27.3 - https:\/\/yoast.com\/product\/yoast-seo-wordpress\/ -->\n<title>CBD Sport Tropfen 6% [10ml] - Erbetix<\/title>\n<meta name=\"robots\" content=\"index, follow, max-snippet:-1, max-image-preview:large, max-video-preview:-1\" \/>\n<link rel=\"canonical\" href=\"https:\/\/erbetix.com\/de\/produkt\/cbd-sport-tropfen-6-10ml\/\" \/>\n<meta property=\"og:locale\" content=\"de_DE\" \/>\n<meta property=\"og:type\" content=\"article\" \/>\n<meta property=\"og:title\" content=\"CBD Sport Tropfen 6% [10ml] - Erbetix\" \/>\n<meta property=\"og:description\" content=\"CBD Sport Tropfen sind ein spezielles Nahrungserg\u00e4nzungsmittel, das aus biologisch angebautem Hanf gewonnen wird und in kaltgepresstem Raps\u00f6l gel\u00f6st wird. ERBETIX CBD Sport Tropfen enthalten kein anderes Cannabinoid als CBD und sind f\u00fcr 0% THC-Gehalt zertifiziert. CBD-Tropfen k\u00f6nnen Schmerzen lindern und entz\u00fcndungshemmend wirken, daher empfehlen wir sie Sportlern nach starkem Training oder als Nahrungserg\u00e4nzungsmittel zur St\u00e4rkung des Immunsystems.   1 (Tropfen) = 2mg CBD  0% THC, wirkt nicht psychoaktiv  CBD aus biologisch angebauten Pflanzen  Nahrungserg\u00e4nzungsmittel  Entz\u00fcndungshemmend  Lindert Schmerzen  Slowenisches Produkt  Geeignet f\u00fcr Vegetarier und Veganer\" \/>\n<meta property=\"og:url\" content=\"https:\/\/erbetix.com\/de\/produkt\/cbd-sport-tropfen-6-10ml\/\" \/>\n<meta property=\"og:site_name\" content=\"Erbetix\" \/>\n<meta property=\"article:modified_time\" content=\"2024-12-08T23:07:39+00:00\" \/>\n<meta property=\"og:image\" content=\"https:\/\/erbetix.com\/wp-content\/uploads\/2021\/08\/NEM-6.jpg\" \/>\n\t<meta property=\"og:image:width\" content=\"800\" \/>\n\t<meta property=\"og:image:height\" content=\"800\" \/>\n\t<meta property=\"og:image:type\" content=\"image\/jpeg\" \/>\n<meta name=\"twitter:card\" content=\"summary_large_image\" \/>\n<meta name=\"twitter:label1\" content=\"Gesch\u00e4tzte Lesezeit\" \/>\n\t<meta name=\"twitter:data1\" content=\"1\u00a0Minute\" \/>\n<script type=\"application\/ld+json\" class=\"yoast-schema-graph\">{\"@context\":\"https:\\\/\\\/schema.org\",\"@graph\":[{\"@type\":\"WebPage\",\"@id\":\"https:\\\/\\\/erbetix.com\\\/de\\\/produkt\\\/cbd-sport-tropfen-6-10ml\\\/\",\"url\":\"https:\\\/\\\/erbetix.com\\\/de\\\/produkt\\\/cbd-sport-tropfen-6-10ml\\\/\",\"name\":\"CBD Sport Tropfen 6% [10ml] - Erbetix\",\"isPartOf\":{\"@id\":\"https:\\\/\\\/erbetix.com\\\/de\\\/#website\"},\"primaryImageOfPage\":{\"@id\":\"https:\\\/\\\/erbetix.com\\\/de\\\/produkt\\\/cbd-sport-tropfen-6-10ml\\\/#primaryimage\"},\"image\":{\"@id\":\"https:\\\/\\\/erbetix.com\\\/de\\\/produkt\\\/cbd-sport-tropfen-6-10ml\\\/#primaryimage\"},\"thumbnailUrl\":\"https:\\\/\\\/erbetix.com\\\/wp-content\\\/uploads\\\/2021\\\/08\\\/NEM-6.jpg\",\"datePublished\":\"2021-08-20T09:01:43+00:00\",\"dateModified\":\"2024-12-08T23:07:39+00:00\",\"breadcrumb\":{\"@id\":\"https:\\\/\\\/erbetix.com\\\/de\\\/produkt\\\/cbd-sport-tropfen-6-10ml\\\/#breadcrumb\"},\"inLanguage\":\"de\",\"potentialAction\":[{\"@type\":\"ReadAction\",\"target\":[\"https:\\\/\\\/erbetix.com\\\/de\\\/produkt\\\/cbd-sport-tropfen-6-10ml\\\/\"]}]},{\"@type\":\"ImageObject\",\"inLanguage\":\"de\",\"@id\":\"https:\\\/\\\/erbetix.com\\\/de\\\/produkt\\\/cbd-sport-tropfen-6-10ml\\\/#primaryimage\",\"url\":\"https:\\\/\\\/erbetix.com\\\/wp-content\\\/uploads\\\/2021\\\/08\\\/NEM-6.jpg\",\"contentUrl\":\"https:\\\/\\\/erbetix.com\\\/wp-content\\\/uploads\\\/2021\\\/08\\\/NEM-6.jpg\",\"width\":800,\"height\":800},{\"@type\":\"BreadcrumbList\",\"@id\":\"https:\\\/\\\/erbetix.com\\\/de\\\/produkt\\\/cbd-sport-tropfen-6-10ml\\\/#breadcrumb\",\"itemListElement\":[{\"@type\":\"ListItem\",\"position\":1,\"name\":\"Home\",\"item\":\"https:\\\/\\\/erbetix.com\\\/de\\\/\"},{\"@type\":\"ListItem\",\"position\":2,\"name\":\"Gesch\u00e4ft\",\"item\":\"https:\\\/\\\/erbetix.com\\\/shop\\\/\"},{\"@type\":\"ListItem\",\"position\":3,\"name\":\"CBD Sport Tropfen 6% [10ml]\"}]},{\"@type\":\"WebSite\",\"@id\":\"https:\\\/\\\/erbetix.com\\\/de\\\/#website\",\"url\":\"https:\\\/\\\/erbetix.com\\\/de\\\/\",\"name\":\"Erbetix\",\"description\":\"The highest quality products and services in the herbal extract industry.\",\"potentialAction\":[{\"@type\":\"SearchAction\",\"target\":{\"@type\":\"EntryPoint\",\"urlTemplate\":\"https:\\\/\\\/erbetix.com\\\/de\\\/?s={search_term_string}\"},\"query-input\":{\"@type\":\"PropertyValueSpecification\",\"valueRequired\":true,\"valueName\":\"search_term_string\"}}],\"inLanguage\":\"de\"}]}<\/script>\n<!-- \/ Yoast SEO plugin. -->","yoast_head_json":{"title":"CBD Sport Tropfen 6% [10ml] - Erbetix","robots":{"index":"index","follow":"follow","max-snippet":"max-snippet:-1","max-image-preview":"max-image-preview:large","max-video-preview":"max-video-preview:-1"},"canonical":"https:\/\/erbetix.com\/de\/produkt\/cbd-sport-tropfen-6-10ml\/","og_locale":"de_DE","og_type":"article","og_title":"CBD Sport Tropfen 6% [10ml] - Erbetix","og_description":"CBD Sport Tropfen sind ein spezielles Nahrungserg\u00e4nzungsmittel, das aus biologisch angebautem Hanf gewonnen wird und in kaltgepresstem Raps\u00f6l gel\u00f6st wird. ERBETIX CBD Sport Tropfen enthalten kein anderes Cannabinoid als CBD und sind f\u00fcr 0% THC-Gehalt zertifiziert. CBD-Tropfen k\u00f6nnen Schmerzen lindern und entz\u00fcndungshemmend wirken, daher empfehlen wir sie Sportlern nach starkem Training oder als Nahrungserg\u00e4nzungsmittel zur St\u00e4rkung des Immunsystems.   1 (Tropfen) = 2mg CBD  0% THC, wirkt nicht psychoaktiv  CBD aus biologisch angebauten Pflanzen  Nahrungserg\u00e4nzungsmittel  Entz\u00fcndungshemmend  Lindert Schmerzen  Slowenisches Produkt  Geeignet f\u00fcr Vegetarier und Veganer","og_url":"https:\/\/erbetix.com\/de\/produkt\/cbd-sport-tropfen-6-10ml\/","og_site_name":"Erbetix","article_modified_time":"2024-12-08T23:07:39+00:00","og_image":[{"width":800,"height":800,"url":"https:\/\/erbetix.com\/wp-content\/uploads\/2021\/08\/NEM-6.jpg","type":"image\/jpeg"}],"twitter_card":"summary_large_image","twitter_misc":{"Gesch\u00e4tzte Lesezeit":"1\u00a0Minute"},"schema":{"@context":"https:\/\/schema.org","@graph":[{"@type":"WebPage","@id":"https:\/\/erbetix.com\/de\/produkt\/cbd-sport-tropfen-6-10ml\/","url":"https:\/\/erbetix.com\/de\/produkt\/cbd-sport-tropfen-6-10ml\/","name":"CBD Sport Tropfen 6% [10ml] - Erbetix","isPartOf":{"@id":"https:\/\/erbetix.com\/de\/#website"},"primaryImageOfPage":{"@id":"https:\/\/erbetix.com\/de\/produkt\/cbd-sport-tropfen-6-10ml\/#primaryimage"},"image":{"@id":"https:\/\/erbetix.com\/de\/produkt\/cbd-sport-tropfen-6-10ml\/#primaryimage"},"thumbnailUrl":"https:\/\/erbetix.com\/wp-content\/uploads\/2021\/08\/NEM-6.jpg","datePublished":"2021-08-20T09:01:43+00:00","dateModified":"2024-12-08T23:07:39+00:00","breadcrumb":{"@id":"https:\/\/erbetix.com\/de\/produkt\/cbd-sport-tropfen-6-10ml\/#breadcrumb"},"inLanguage":"de","potentialAction":[{"@type":"ReadAction","target":["https:\/\/erbetix.com\/de\/produkt\/cbd-sport-tropfen-6-10ml\/"]}]},{"@type":"ImageObject","inLanguage":"de","@id":"https:\/\/erbetix.com\/de\/produkt\/cbd-sport-tropfen-6-10ml\/#primaryimage","url":"https:\/\/erbetix.com\/wp-content\/uploads\/2021\/08\/NEM-6.jpg","contentUrl":"https:\/\/erbetix.com\/wp-content\/uploads\/2021\/08\/NEM-6.jpg","width":800,"height":800},{"@type":"BreadcrumbList","@id":"https:\/\/erbetix.com\/de\/produkt\/cbd-sport-tropfen-6-10ml\/#breadcrumb","itemListElement":[{"@type":"ListItem","position":1,"name":"Home","item":"https:\/\/erbetix.com\/de\/"},{"@type":"ListItem","position":2,"name":"Gesch\u00e4ft","item":"https:\/\/erbetix.com\/shop\/"},{"@type":"ListItem","position":3,"name":"CBD Sport Tropfen 6% [10ml]"}]},{"@type":"WebSite","@id":"https:\/\/erbetix.com\/de\/#website","url":"https:\/\/erbetix.com\/de\/","name":"Erbetix","description":"The highest quality products and services in the herbal extract industry.","potentialAction":[{"@type":"SearchAction","target":{"@type":"EntryPoint","urlTemplate":"https:\/\/erbetix.com\/de\/?s={search_term_string}"},"query-input":{"@type":"PropertyValueSpecification","valueRequired":true,"valueName":"search_term_string"}}],"inLanguage":"de"}]}},"_links":{"self":[{"href":"https:\/\/erbetix.com\/de\/wp-json\/wp\/v2\/product\/4306","targetHints":{"allow":["GET"]}}],"collection":[{"href":"https:\/\/erbetix.com\/de\/wp-json\/wp\/v2\/product"}],"about":[{"href":"https:\/\/erbetix.com\/de\/wp-json\/wp\/v2\/types\/product"}],"replies":[{"embeddable":true,"href":"https:\/\/erbetix.com\/de\/wp-json\/wp\/v2\/comments?post=4306"}],"wp:featuredmedia":[{"embeddable":true,"href":"https:\/\/erbetix.com\/de\/wp-json\/wp\/v2\/media\/4360"}],"wp:attachment":[{"href":"https:\/\/erbetix.com\/de\/wp-json\/wp\/v2\/media?parent=4306"}],"wp:term":[{"taxonomy":"product_brand","embeddable":true,"href":"https:\/\/erbetix.com\/de\/wp-json\/wp\/v2\/product_brand?post=4306"},{"taxonomy":"product_cat","embeddable":true,"href":"https:\/\/erbetix.com\/de\/wp-json\/wp\/v2\/product_cat?post=4306"},{"taxonomy":"product_tag","embeddable":true,"href":"https:\/\/erbetix.com\/de\/wp-json\/wp\/v2\/product_tag?post=4306"}],"curies":[{"name":"wp","href":"https:\/\/api.w.org\/{rel}","templated":true}]}}