{"id":3075,"date":"2020-08-31T14:46:48","date_gmt":"2020-08-31T12:46:48","guid":{"rendered":"https:\/\/erbetix.com\/?page_id=3075"},"modified":"2020-11-18T08:40:26","modified_gmt":"2020-11-18T07:40:26","slug":"informativa-sulla-privacy","status":"publish","type":"page","link":"https:\/\/erbetix.com\/it\/informativa-sulla-privacy\/","title":{"rendered":"Informativa sulla privacy"},"content":{"rendered":"\n<p>Per noi di marca Erbetix di EKO SITO, accessibile dal sito <a href=\"https:\/\/dev.erbetix.com\">www.erbetix.com<\/a>, una delle principali priorit\u00e0 \u00e8 la privacy dei nostri visitatori. Questo documento di Informativa sulla Privacy contiene informazioni raccolte e registrate da EKO SITO e le modalit\u00e0 di utilizzo. Se hai domande supplementari o desideri richiedere pi\u00f9 informazioni riguardo alla nostra Informativa sulla Privacy, non esitare a contattaci tramite email all\u2019indirizzo info@erbetix.com<\/p>\n\n\n\n<p><strong>Regolamento Generale sulla Protezione dei Dati (GDPR)<\/strong><\/p>\n\n\n\n<p>Siamo noi i titolari del Trattamento dei dati relativi alle tue informazioni.<\/p>\n\n\n\n<p>La base giuridica di EKO SITO per la raccolta e l\u2019utilizzo dei dati personali descritti nella presente Informativa sulla Privacy dipende dalle informazioni personali da noi raccolte relativamente al contesto specifico in cui i dati sono stati raccolti nel caso in cui vi sia:<\/p>\n\n\n\n<ul class=\"wp-block-list\"><li>Richiesta di esecuzione di un contratto da parte di EKO SITO con te<\/li><li>Consenso espresso dato da te ad EKO SITO<\/li><li>Trattamento dei tuoi dati personali nell\u2019interesse legittimo di EKO SITO<\/li><li>Necessit\u00e0 per EKO SITO di agire nel rispetto della legge<\/li><\/ul>\n\n\n\n<p>EKO SITO conserver\u00e0 i tuoi dati personali solo per il tempo necessario al trattamento degli stessi per le finalit\u00e0 previste in questa Informativa sulla Privacy. I tuoi dati saranno conservati ed utilizzati per adempiere ad obblighi legali, risolvere controversie, ed applicare la nostra policy.<\/p>\n\n\n\n<p>Se sei residente nell\u2019Area Economica Europea (EEA), usufruisci di determinati diritti di protezione dati. Se desideri essere informato sul genere di Dati Personali che tratteniamo o se desideri essere rimosso dai nostri sistemi, ti preghiamo di contattarci.<\/p>\n\n\n\n<p>In determinate circostanze, usufruisci dei seguenti diritti di protezione dei dati:<\/p>\n\n\n\n<ul class=\"wp-block-list\"><li>Diritto di accedere, aggiornare o cancellare le informazioni che abbiamo su di te<\/li><li>Diritto di rettifica<\/li><li>Diritto di opposizione<\/li><li>Diritto di limitazione di trattamento<\/li><li>Diritto di portabilit\u00e0 dei dati<\/li><li>Diritto di revoca del consenso<\/li><\/ul>\n\n\n\n<p><strong>File di Registro<\/strong><\/p>\n\n\n\n<p>EKO SITO segue una procedura standard per l&#8217;uso dei file di Registro. Questi file registrano i visitatori quando essi visitano i siti web.<\/p>\n\n\n\n<p>Tutte le societ\u00e0 di hosting lo fanno ed una parte dell&#8217;analisi dei servizi di hosting. I dati raccolti dai file di registro includono gli indirizzi di protocollo Internet (IP), il tipo di browser, il Provider del Servizio Internet (ISP), data e ora, pagine di riferimento\/uscita ed eventualmente il numero di clic. Questi dati non sono collegati ad alcuna informazione di identificazione personale. Lo scopo delle informazioni \u00e8 quello di analizzare le tendenze, amministrare il sito, tracciare il movimento degli utenti sul sito web e raccogliere informazioni demografiche.<\/p>\n\n\n\n<p><strong>Cookie e Web Beacon<\/strong><\/p>\n\n\n\n<p>Come tutti i siti web, EKO SITO utilizza i \u2018cookie\u2019. Questi cookie vengono usati per immagazzinare le informazioni, incluse le preferenze dei visitatori, e le pagine del sito web cui i visitatori hanno avuto accesso o visitato. Le informazioni sono utilizzate per ottimizzare l\u2019esperienza degli utenti, personalizzando il contenuto della nostra pagina web in base al tipo di browser dei visitatori e\/o ad altre informazioni.<\/p>\n\n\n\n<p><strong>Informativa sulla privacy<\/strong><\/p>\n\n\n\n<p>Puoi consultare questa lista per trovare l\u2019Informativa sulla Privacy relativa ad ognuno dei partner pubblicitari di EKO SITO.<\/p>\n\n\n\n<p>Server e reti pubblicitarie di terze parti usano tecnologie come cookie, JavaScript o Web Beacon che vengono utilizzati nelle rispettive pubblicit\u00e0 e collegamenti che appaiono su<\/p>\n\n\n\n<p>EKO SITO, inviati direttamente al browser degli utenti. Essi ricevono automaticamente il tuo indirizzo IP quando ci\u00f2 accade. Queste tecnologie vengono utilizzate per misurare l\u2019efficacia delle campagne pubblicitarie e\/o personalizzare il contenuto pubblicitario che vedi sui siti web che visiti.<\/p>\n\n\n\n<p>Tieni presente che EKO SITO non ha alcun accesso n\u00e9 controllo su questi cookie, utilizzati da inserzionisti di terze parti.<\/p>\n\n\n\n<p><strong>Informativa sulla Privacy per Terze Parti<\/strong><\/p>\n\n\n\n<p>L&#8217;Informativa sulla Privacy di EKO SITO non si applica ad altri inserzionisti o siti web. Pertanto, ti consigliamo di consultare le rispettive Informative sulla Privacy di questi server pubblicitari di Terze Parti per informazioni pi\u00f9 dettagliate. Si possono includere i metodi e le istruzioni su come rinunciare a determinate opzioni. Puoi trovare una lista completa di queste Informative sulla Privacy con i relativi collegamenti qui: Collegamenti all\u2019Informativa sulla Privacy.<\/p>\n\n\n\n<p>Puoi scegliere di disabilitare i cookie tramite le singole opzioni del browser. Per avere informazioni pi\u00f9 dettagliate sulla gestione dei cookie rispetto a browser web specifici, cercale nei rispettivi siti web dei browser. Cosa sono i Cookie?<\/p>\n\n\n\n<p><strong>Informazioni relative ai bambini<\/strong><\/p>\n\n\n\n<p>Un altro aspetto per noi prioritario \u00e8 l\u2019inserimento della protezione per i bambini durante l\u2019utilizzo di Internet. Incoraggiamo genitori e tutori ad osservare, partecipare, monitorare e guidare le loro attivit\u00e0 online.<\/p>\n\n\n\n<p>EKO SITO non raccoglie in modo consapevole alcuna informazione di identificazione personale per bambini di et\u00e0 inferiore a 13 anni. Se pensi che tuo figlio abbia fornito questo tipo di informazione al nostro sito web, ti invitiamo vivamente a contattarci immediatamente. Noi faremo tutto il possibile &nbsp;per rimuovere prontamente tali informazioni dai nostri registri.<\/p>\n\n\n\n<p><strong>Informativa unica della Privacy Online<\/strong><\/p>\n\n\n\n<p>La nostra Informativa sulla Privacy si applica solo alle nostre attivit\u00e0 online e vale per i visitatori del nostro sito web in merito alle informazioni condivise e\/o raccolte in EKO SITO. Questa Informativa non \u00e8 applicabile ad alcuna informazione raccolta offline o tramite canali diversi da questo sito web.<\/p>\n\n\n\n<p><strong>Consenso<\/strong><\/p>\n\n\n\n<p>Utilizzando il nostro sito web, acconsenti alla nostra Informativa sulla Privacy e ne accetti i termini.<\/p>\n\n\n\n<p><strong>INFORMATIVA SUI COOKIE<\/strong><\/p>\n\n\n\n<p>Questa \u00e8 l\u2019Informativa sui Cookie della marca Erbetix di EKO SITO, accessibile da <a href=\"https:\/\/dev.erbetix.com\">www.erbetix.com<\/a><\/p>\n\n\n\n<p><strong>Cosa sono i Cookie<\/strong><\/p>\n\n\n\n<p>Come da prassi commune per quasi tutti i siti web professionali, anche questo sito usa i cookie, i quali sono piccoli file scaricati sul tuo computer per migliorare la tua esperienza. Questa pagina descrive il tipo di informazioni raccolte, il modo in cui le utilizziamo e il motivo per cui a volte dobbiamo memorizzare questi cookie. &nbsp;&nbsp;Condivideremo con te anche il modo per impedire che questi cookie vengano memorizzati, tuttavia ci\u00f2 potrebbe declassare o \u2018interrompere\u2019 determinati elementi di funzionalit\u00e0 dei siti.<\/p>\n\n\n\n<p>Per informazioni pi\u00f9 generali sui cookie, consulta l\u2019articolo Wikipedia sui cookie HTTP.<\/p>\n\n\n\n<p><strong>Come utilizziamo i cookie &nbsp;<\/strong><\/p>\n\n\n\n<p>Utilizziamo i cookie per una serie di ragioni descritte di seguito. Purtroppo, nella maggior parte dei casi non ci sono opzioni standard nel settore per disabilitare i cookie senza disabilitare completamente le funzioni e le caratteristiche che vengono aggiunte a questo sito. Ti consigliamo di lasciare attivi tutti i cookie se non sei sicuro di averne bisogno o meno, nel caso in cui essi siano utilizzati per fornire un servizio che usi.<\/p>\n\n\n\n<p><strong>Disabilitazione dei cookie<\/strong><\/p>\n\n\n\n<p>Puoi impedire l\u2019impostazione dei cookie modificando le impostazioni sul tuo browser (cerca sulla guida del tuo browser per capire come farlo). Tieni presente che disabilitare I cookie influir\u00e0 sulla funzionalit\u00e0 di questo sito e di molti altri che visiterai. La disabilitazione dei cookie comporter\u00e0 anche disabilitare alcune funzionalit\u00e0 e caratteristiche di questo sito. Quindi, ti consigliamo di non disabilitare i cookie.<\/p>\n\n\n\n<p><strong>I cookie che impostiamo<\/strong><\/p>\n\n\n\n<p>Cookie relativi all\u2019account. Se crei un account con noi, useremo i cookie per gestire il processo di registrazione e l\u2019amministrazione generale. Questi cookie saranno di regola cancellati quando ti disconnetti, tuttavia in alcuni casi essi potrebbero rimanere per memorizzare le preferenze del tuo sito quando non sei connesso.<\/p>\n\n\n\n<p>Cookie relativi ad email e newsletter. Questo sito offre servizi di iscrizione a newsletter e email e i cookie potrebbero essere utilizzati per memorizzare se sei gi\u00e0 registrato e se deve mostrarti determinate notifiche che potrebbero essere valide solo per gli utenti iscritti\/cancellati.<\/p>\n\n\n\n<p>Cookie relativi all\u2019elaborazione degli ordini. Questo sito offre servizi di pagamento relativi ad e-commerce ed alcuni cookie sono necessari per garantire che il tuo ordine venga ricordato tra le pagine, in modo da poterlo elaborare in modo corretto.<\/p>\n\n\n\n<p><strong>Cookie di Terze Parti<\/strong><\/p>\n\n\n\n<p>In alcuni casi particolari utilizziamo anche cookie forniti da terze parti di fiducia. Nella sezione seguente si descrivono nei dettagli quali cookie di terze parti potresti incontrare attraverso questo sito.<\/p>\n\n\n\n<p>Questo sito utilizza Google Analytics, una delle soluzioni di analisi pi\u00f9 diffuse ed affidabili del web, valido aiuto per capire come viene usato il sito e in che modo possiamo migliorare la tua esperienza. Questi cookie possono tracciare cose come il tempo che trascorri sul sito e le pagine che visiti, in modo da permetterci di &nbsp;continuare a produrre contenuti coinvolgenti. Per ulteriori informazioni sui cookie di Google Analytics, guarda la pagina ufficiale di Google Analytics.<\/p>\n\n\n\n<p><strong>Altre informazioni<\/strong><\/p>\n\n\n\n<p>Speriamo di essere riusciti a chiarirti ogni cosa ma, come menzionato in precedenza, se c\u2019\u00e8 qualcosa di cui non sei sicuro di aver bisogno, \u00e8 generalmente pi\u00f9 sicuro lasciare attivi i cookie nel caso in cui interagiscano con una delle funzionalit\u00e0 che utilizzi sul nostro sito. &nbsp;Questa Informativa sui cookie \u00e8 stata creata con l\u2019aiuto del Generatore di modelli di Policy dei Cookie e del Modello di Termini e Condizioni.<\/p>\n\n\n\n<p>Se hai bisogno di ulteriori informazioni puoi contattarci tramite uno dei nostri canali preferiti:<\/p>\n\n\n\n<p>Email: <a href=\"mailto:info@erbetix.com\">info@erbetix.com<\/a><\/p>\n","protected":false},"excerpt":{"rendered":"<p>Per noi di marca Erbetix di EKO SITO, accessibile dal sito www.erbetix.com, una delle principali priorit\u00e0 \u00e8 la privacy dei nostri visitatori. Questo documento di Informativa sulla Privacy contiene informazioni raccolte e registrate da EKO SITO e le modalit\u00e0 di utilizzo. Se hai domande supplementari o desideri richiedere pi\u00f9 informazioni riguardo alla nostra Informativa sulla [&hellip;]<\/p>\n","protected":false},"author":1,"featured_media":0,"parent":0,"menu_order":0,"comment_status":"closed","ping_status":"open","template":"","meta":{"footnotes":""},"class_list":["post-3075","page","type-page","status-publish","hentry"],"yoast_head":"<!-- This site is optimized with the Yoast SEO plugin v27.3 - https:\/\/yoast.com\/product\/yoast-seo-wordpress\/ -->\n<title>Informativa sulla privacy - Erbetix<\/title>\n<meta name=\"robots\" content=\"index, follow, max-snippet:-1, max-image-preview:large, max-video-preview:-1\" \/>\n<link rel=\"canonical\" href=\"https:\/\/erbetix.com\/it\/informativa-sulla-privacy\/\" \/>\n<meta property=\"og:locale\" content=\"it_IT\" \/>\n<meta property=\"og:type\" content=\"article\" \/>\n<meta property=\"og:title\" content=\"Informativa sulla privacy - Erbetix\" \/>\n<meta property=\"og:description\" content=\"Per noi di marca Erbetix di EKO SITO, accessibile dal sito www.erbetix.com, una delle principali priorit\u00e0 \u00e8 la privacy dei nostri visitatori. Questo documento di Informativa sulla Privacy contiene informazioni raccolte e registrate da EKO SITO e le modalit\u00e0 di utilizzo. Se hai domande supplementari o desideri richiedere pi\u00f9 informazioni riguardo alla nostra Informativa sulla [&hellip;]\" \/>\n<meta property=\"og:url\" content=\"https:\/\/erbetix.com\/it\/informativa-sulla-privacy\/\" \/>\n<meta property=\"og:site_name\" content=\"Erbetix\" \/>\n<meta property=\"article:modified_time\" content=\"2020-11-18T07:40:26+00:00\" \/>\n<meta name=\"twitter:card\" content=\"summary_large_image\" \/>\n<meta name=\"twitter:label1\" content=\"Tempo di lettura stimato\" \/>\n\t<meta name=\"twitter:data1\" content=\"7 minuti\" \/>\n<script type=\"application\/ld+json\" class=\"yoast-schema-graph\">{\"@context\":\"https:\\\/\\\/schema.org\",\"@graph\":[{\"@type\":\"WebPage\",\"@id\":\"https:\\\/\\\/erbetix.com\\\/it\\\/informativa-sulla-privacy\\\/\",\"url\":\"https:\\\/\\\/erbetix.com\\\/it\\\/informativa-sulla-privacy\\\/\",\"name\":\"Informativa sulla privacy - Erbetix\",\"isPartOf\":{\"@id\":\"https:\\\/\\\/erbetix.com\\\/it\\\/#website\"},\"datePublished\":\"2020-08-31T12:46:48+00:00\",\"dateModified\":\"2020-11-18T07:40:26+00:00\",\"breadcrumb\":{\"@id\":\"https:\\\/\\\/erbetix.com\\\/it\\\/informativa-sulla-privacy\\\/#breadcrumb\"},\"inLanguage\":\"it-IT\",\"potentialAction\":[{\"@type\":\"ReadAction\",\"target\":[\"https:\\\/\\\/erbetix.com\\\/it\\\/informativa-sulla-privacy\\\/\"]}]},{\"@type\":\"BreadcrumbList\",\"@id\":\"https:\\\/\\\/erbetix.com\\\/it\\\/informativa-sulla-privacy\\\/#breadcrumb\",\"itemListElement\":[{\"@type\":\"ListItem\",\"position\":1,\"name\":\"Home\",\"item\":\"https:\\\/\\\/erbetix.com\\\/it\\\/\"},{\"@type\":\"ListItem\",\"position\":2,\"name\":\"Informativa sulla privacy\"}]},{\"@type\":\"WebSite\",\"@id\":\"https:\\\/\\\/erbetix.com\\\/it\\\/#website\",\"url\":\"https:\\\/\\\/erbetix.com\\\/it\\\/\",\"name\":\"Erbetix\",\"description\":\"The highest quality products and services in the herbal extract industry.\",\"potentialAction\":[{\"@type\":\"SearchAction\",\"target\":{\"@type\":\"EntryPoint\",\"urlTemplate\":\"https:\\\/\\\/erbetix.com\\\/it\\\/?s={search_term_string}\"},\"query-input\":{\"@type\":\"PropertyValueSpecification\",\"valueRequired\":true,\"valueName\":\"search_term_string\"}}],\"inLanguage\":\"it-IT\"}]}<\/script>\n<!-- \/ Yoast SEO plugin. -->","yoast_head_json":{"title":"Informativa sulla privacy - Erbetix","robots":{"index":"index","follow":"follow","max-snippet":"max-snippet:-1","max-image-preview":"max-image-preview:large","max-video-preview":"max-video-preview:-1"},"canonical":"https:\/\/erbetix.com\/it\/informativa-sulla-privacy\/","og_locale":"it_IT","og_type":"article","og_title":"Informativa sulla privacy - Erbetix","og_description":"Per noi di marca Erbetix di EKO SITO, accessibile dal sito www.erbetix.com, una delle principali priorit\u00e0 \u00e8 la privacy dei nostri visitatori. Questo documento di Informativa sulla Privacy contiene informazioni raccolte e registrate da EKO SITO e le modalit\u00e0 di utilizzo. Se hai domande supplementari o desideri richiedere pi\u00f9 informazioni riguardo alla nostra Informativa sulla [&hellip;]","og_url":"https:\/\/erbetix.com\/it\/informativa-sulla-privacy\/","og_site_name":"Erbetix","article_modified_time":"2020-11-18T07:40:26+00:00","twitter_card":"summary_large_image","twitter_misc":{"Tempo di lettura stimato":"7 minuti"},"schema":{"@context":"https:\/\/schema.org","@graph":[{"@type":"WebPage","@id":"https:\/\/erbetix.com\/it\/informativa-sulla-privacy\/","url":"https:\/\/erbetix.com\/it\/informativa-sulla-privacy\/","name":"Informativa sulla privacy - Erbetix","isPartOf":{"@id":"https:\/\/erbetix.com\/it\/#website"},"datePublished":"2020-08-31T12:46:48+00:00","dateModified":"2020-11-18T07:40:26+00:00","breadcrumb":{"@id":"https:\/\/erbetix.com\/it\/informativa-sulla-privacy\/#breadcrumb"},"inLanguage":"it-IT","potentialAction":[{"@type":"ReadAction","target":["https:\/\/erbetix.com\/it\/informativa-sulla-privacy\/"]}]},{"@type":"BreadcrumbList","@id":"https:\/\/erbetix.com\/it\/informativa-sulla-privacy\/#breadcrumb","itemListElement":[{"@type":"ListItem","position":1,"name":"Home","item":"https:\/\/erbetix.com\/it\/"},{"@type":"ListItem","position":2,"name":"Informativa sulla privacy"}]},{"@type":"WebSite","@id":"https:\/\/erbetix.com\/it\/#website","url":"https:\/\/erbetix.com\/it\/","name":"Erbetix","description":"The highest quality products and services in the herbal extract industry.","potentialAction":[{"@type":"SearchAction","target":{"@type":"EntryPoint","urlTemplate":"https:\/\/erbetix.com\/it\/?s={search_term_string}"},"query-input":{"@type":"PropertyValueSpecification","valueRequired":true,"valueName":"search_term_string"}}],"inLanguage":"it-IT"}]}},"_links":{"self":[{"href":"https:\/\/erbetix.com\/it\/wp-json\/wp\/v2\/pages\/3075","targetHints":{"allow":["GET"]}}],"collection":[{"href":"https:\/\/erbetix.com\/it\/wp-json\/wp\/v2\/pages"}],"about":[{"href":"https:\/\/erbetix.com\/it\/wp-json\/wp\/v2\/types\/page"}],"author":[{"embeddable":true,"href":"https:\/\/erbetix.com\/it\/wp-json\/wp\/v2\/users\/1"}],"replies":[{"embeddable":true,"href":"https:\/\/erbetix.com\/it\/wp-json\/wp\/v2\/comments?post=3075"}],"version-history":[{"count":2,"href":"https:\/\/erbetix.com\/it\/wp-json\/wp\/v2\/pages\/3075\/revisions"}],"predecessor-version":[{"id":3490,"href":"https:\/\/erbetix.com\/it\/wp-json\/wp\/v2\/pages\/3075\/revisions\/3490"}],"wp:attachment":[{"href":"https:\/\/erbetix.com\/it\/wp-json\/wp\/v2\/media?parent=3075"}],"curies":[{"name":"wp","href":"https:\/\/api.w.org\/{rel}","templated":true}]}}