{"id":3567,"date":"2020-12-04T11:14:20","date_gmt":"2020-12-04T10:14:20","guid":{"rendered":"https:\/\/erbetix.com\/?post_type=product&#038;p=3567"},"modified":"2026-03-12T07:44:03","modified_gmt":"2026-03-12T06:44:03","slug":"gocce-con-estratto-di-assenzio-dolce-artemisia-annua-l","status":"publish","type":"product","link":"https:\/\/erbetix.com\/it\/prodotto\/gocce-con-estratto-di-assenzio-dolce-artemisia-annua-l\/","title":{"rendered":"Gocce con estratto di assenzio dolce (Artemisia annua L.)"},"content":{"rendered":"<p><strong>L\u2019assenzio dolce<\/strong> \u00e8 al momento una delle piante medicinali pi\u00f9 ricercate al mondo, i suoi effetti benefici invece rappresentano un\u2019antica medicina tradizionale cinese conosciuta da millenni. La saggezza tradizionale \u00e8 stata confermata dalla scienza moderna nell\u2019anno 2005, quando la farmacologa cinese JouJou Tu ricevette il premio Nobel. La sua ricerca \u00e8 infatti risultata nella scoperta dell\u2019artemisinina, il principio attivo principale dell\u2019assenzio dolce, il derivato del quale \u00e8 stato usato con successo come medicinale contro la malaria. Dato che lo spettro intero dei principi attivi dell\u2019assenzio dolce ha molte altre caratteristiche utili anche per l\u2019uomo, questo occupa un posto molto speciale anche nella nostra linea ERBETIX di estratti vegetali.<\/p>\n<p><strong>CARATTERISTICHE:<\/strong><\/p>\n<ul class=\"alineja\">\n<li>Ottenuto con il metodo di estrazione pi\u00f9 avanzato, che conserva l\u2019intero spettro vegetale e la freschezza e potenza dell\u2019odore della pianta<\/li>\n<li>100% di origine naturale<\/li>\n<li>Prodotto e riempito in Slovenia<\/li>\n<li>Alto contenuto di artemisinina, il principio attivo principale, e delle altre sostanze utili<\/li>\n<li>Piante coltivate e raccolte a mano<\/li>\n<li>Senza GSO, conservanti, glutine o dolcificanti artificiali<\/li>\n<li>Adatto ai vegani<\/li>\n<li>Il prodotto \u00e8 testato nei laboratori e in linea con le severe norme europee<\/li>\n<li>Senza contenuto di alcol o qualsiasi resto dello scioglimento<\/li>\n<li>L\u2019estratto dell\u2019assenzio dolce \u00e8 quantificato<\/li>\n<\/ul>\n<p><strong>UTILIZZO<\/strong><\/p>\n<ul class=\"alineja\">\n<li>\u00bd contagocce da 2 fino a 4 volte al giorno<\/li>\n<li>Conservate in un luogo buio e freddo<\/li>\n<\/ul>\n<p><strong>AVVERTIMENTI:<\/strong><\/p>\n<p>Il prodotto non \u00e8 destinato all&#8217;ingestione. Non superare le dosi giornaliere raccomandate. Il prodotto non \u00e8 destinato a prevenire o trattare alcuna malattia o condizione medica. Non utilizzare il prodotto in caso di allergia a uno qualsiasi degli ingredienti. Interrompere l&#8217;uso in caso di ipersensibilit\u00e0. Il prodotto non \u00e8 adatto a donne in gravidanza e in allattamento. Il prodotto non \u00e8 adatto a bambini e adolescenti di et\u00e0 inferiore ai 18 anni.<\/p>\n","protected":false},"excerpt":{"rendered":"<p>Il prodotto non \u00e8 un integratore alimentare e non \u00e8 destinato all&#8217;ingestione. Una bottiglia da 50 ml contiene 50 mg di artemisinin<\/p>\n<p>Le gocce ERBETIX con assenzio dolce sono delle gocce premium prodotte interamente in modo naturale dall\u2019estratto di assenzio dolce, coltivato sulle pianure soleggiate di Prlekija (N-E Slovenia) e raccolto a mano con cura. L\u2019estratto \u00e8 ottenuto sotto lo sguardo attento di un esperto certificato nel nostro nuovo centro di estrazione situato vicino a noi. Le condizioni naturali ideali per la coltivazione dei cespugli della pianta e il processo di estrazione comprovato assicurano una concentrazione estremamente alta dell\u2019artemisinina, l\u2019effetto pi\u00f9 ricercato dell\u2019assenzio dolce.<\/p>\n<p>Le gocce Erbetix con l\u2019assenzio dolce sono caratterizzate da un odore e gusto spiccati e l\u2019intero spettro dei principi attivi vegetali. L\u2019estratto \u00e8 disciolto in un olio di colza naturale e compresso al freddo.<\/p>\n<p>L\u2019assenzio dolce \u00e8 stato negli ultimi anni oggetto di numerose ricerche nell\u2019ambito scientifico, oltre a ci\u00f2 \u00e8 ben analizzato anche nell\u2019utilizzo tradizionale.<\/p>\n<ul class=\"alineja\">\n<li><strong>Una bottiglia da 50 ml contiene 50 mg di artemisinin<\/strong><\/li>\n<li><strong>Prodotto organicamente con l\u2019intero spettro vegetale<\/strong><\/li>\n<li><strong>Prodotto sloveno<\/strong><\/li>\n<li><strong>Non contiene alcol o altri resti dello scioglimento<\/strong><\/li>\n<li><strong>Senza GSO, glutine, coloranti o aromi artificiali<\/strong><\/li>\n<li><strong>Adatto ai vegetariani e vegani<\/strong><\/li>\n<\/ul>\n","protected":false},"featured_media":3908,"comment_status":"open","ping_status":"closed","template":"","meta":[],"product_brand":[],"product_cat":[237,122],"product_tag":[],"class_list":{"0":"post-3567","1":"product","2":"type-product","3":"status-publish","4":"has-post-thumbnail","6":"product_cat-assenzio-dolce","7":"product_cat-erbeoils-it","9":"first","10":"instock","11":"featured","12":"taxable","13":"shipping-taxable","14":"purchasable","15":"product-type-simple"},"yoast_head":"<!-- This site is optimized with the Yoast SEO plugin v27.3 - https:\/\/yoast.com\/product\/yoast-seo-wordpress\/ -->\n<title>Artemisia annua Gocce - Extract - Estratto - Assenzio Dolce - Erbetix.com<\/title>\n<meta name=\"description\" content=\"Artemisia annua Gocce [50ml] - Natural Extract - Alto contenuto di artemisinina - 100% di origine naturale - Adatto ai vegani - Erbetix.com\" \/>\n<meta name=\"robots\" content=\"index, follow, max-snippet:-1, max-image-preview:large, max-video-preview:-1\" \/>\n<link rel=\"canonical\" href=\"https:\/\/erbetix.com\/it\/prodotto\/gocce-con-estratto-di-assenzio-dolce-artemisia-annua-l\/\" \/>\n<meta property=\"og:locale\" content=\"it_IT\" \/>\n<meta property=\"og:type\" content=\"article\" \/>\n<meta property=\"og:title\" content=\"Artemisia annua Gocce - Extract - Estratto - Assenzio Dolce - Erbetix.com\" \/>\n<meta property=\"og:description\" content=\"Artemisia annua Gocce [50ml] - Natural Extract - Alto contenuto di artemisinina - 100% di origine naturale - Adatto ai vegani - Erbetix.com\" \/>\n<meta property=\"og:url\" content=\"https:\/\/erbetix.com\/it\/prodotto\/gocce-con-estratto-di-assenzio-dolce-artemisia-annua-l\/\" \/>\n<meta property=\"og:site_name\" content=\"Erbetix\" \/>\n<meta property=\"article:modified_time\" content=\"2026-03-12T06:44:03+00:00\" \/>\n<meta property=\"og:image\" content=\"https:\/\/erbetix.com\/wp-content\/uploads\/2021\/02\/Erbetix_pelin-ita.jpg\" \/>\n\t<meta property=\"og:image:width\" content=\"800\" \/>\n\t<meta property=\"og:image:height\" content=\"800\" \/>\n\t<meta property=\"og:image:type\" content=\"image\/jpeg\" \/>\n<meta name=\"twitter:card\" content=\"summary_large_image\" \/>\n<meta name=\"twitter:label1\" content=\"Tempo di lettura stimato\" \/>\n\t<meta name=\"twitter:data1\" content=\"2 minuti\" \/>\n<script type=\"application\/ld+json\" class=\"yoast-schema-graph\">{\"@context\":\"https:\\\/\\\/schema.org\",\"@graph\":[{\"@type\":\"WebPage\",\"@id\":\"https:\\\/\\\/erbetix.com\\\/it\\\/prodotto\\\/gocce-con-estratto-di-assenzio-dolce-artemisia-annua-l\\\/\",\"url\":\"https:\\\/\\\/erbetix.com\\\/it\\\/prodotto\\\/gocce-con-estratto-di-assenzio-dolce-artemisia-annua-l\\\/\",\"name\":\"Artemisia annua Gocce - Extract - Estratto - Assenzio Dolce - Erbetix.com\",\"isPartOf\":{\"@id\":\"https:\\\/\\\/erbetix.com\\\/it\\\/#website\"},\"primaryImageOfPage\":{\"@id\":\"https:\\\/\\\/erbetix.com\\\/it\\\/prodotto\\\/gocce-con-estratto-di-assenzio-dolce-artemisia-annua-l\\\/#primaryimage\"},\"image\":{\"@id\":\"https:\\\/\\\/erbetix.com\\\/it\\\/prodotto\\\/gocce-con-estratto-di-assenzio-dolce-artemisia-annua-l\\\/#primaryimage\"},\"thumbnailUrl\":\"https:\\\/\\\/erbetix.com\\\/wp-content\\\/uploads\\\/2021\\\/02\\\/Erbetix_pelin-ita.jpg\",\"datePublished\":\"2020-12-04T10:14:20+00:00\",\"dateModified\":\"2026-03-12T06:44:03+00:00\",\"description\":\"Artemisia annua Gocce [50ml] - Natural Extract - Alto contenuto di artemisinina - 100% di origine naturale - Adatto ai vegani - Erbetix.com\",\"breadcrumb\":{\"@id\":\"https:\\\/\\\/erbetix.com\\\/it\\\/prodotto\\\/gocce-con-estratto-di-assenzio-dolce-artemisia-annua-l\\\/#breadcrumb\"},\"inLanguage\":\"it-IT\",\"potentialAction\":[{\"@type\":\"ReadAction\",\"target\":[\"https:\\\/\\\/erbetix.com\\\/it\\\/prodotto\\\/gocce-con-estratto-di-assenzio-dolce-artemisia-annua-l\\\/\"]}]},{\"@type\":\"ImageObject\",\"inLanguage\":\"it-IT\",\"@id\":\"https:\\\/\\\/erbetix.com\\\/it\\\/prodotto\\\/gocce-con-estratto-di-assenzio-dolce-artemisia-annua-l\\\/#primaryimage\",\"url\":\"https:\\\/\\\/erbetix.com\\\/wp-content\\\/uploads\\\/2021\\\/02\\\/Erbetix_pelin-ita.jpg\",\"contentUrl\":\"https:\\\/\\\/erbetix.com\\\/wp-content\\\/uploads\\\/2021\\\/02\\\/Erbetix_pelin-ita.jpg\",\"width\":800,\"height\":800},{\"@type\":\"BreadcrumbList\",\"@id\":\"https:\\\/\\\/erbetix.com\\\/it\\\/prodotto\\\/gocce-con-estratto-di-assenzio-dolce-artemisia-annua-l\\\/#breadcrumb\",\"itemListElement\":[{\"@type\":\"ListItem\",\"position\":1,\"name\":\"Home\",\"item\":\"https:\\\/\\\/erbetix.com\\\/it\\\/\"},{\"@type\":\"ListItem\",\"position\":2,\"name\":\"Negozio\",\"item\":\"https:\\\/\\\/erbetix.com\\\/shop\\\/\"},{\"@type\":\"ListItem\",\"position\":3,\"name\":\"Gocce con estratto di assenzio dolce (Artemisia annua L.)\"}]},{\"@type\":\"WebSite\",\"@id\":\"https:\\\/\\\/erbetix.com\\\/it\\\/#website\",\"url\":\"https:\\\/\\\/erbetix.com\\\/it\\\/\",\"name\":\"Erbetix\",\"description\":\"The highest quality products and services in the herbal extract industry.\",\"potentialAction\":[{\"@type\":\"SearchAction\",\"target\":{\"@type\":\"EntryPoint\",\"urlTemplate\":\"https:\\\/\\\/erbetix.com\\\/it\\\/?s={search_term_string}\"},\"query-input\":{\"@type\":\"PropertyValueSpecification\",\"valueRequired\":true,\"valueName\":\"search_term_string\"}}],\"inLanguage\":\"it-IT\"}]}<\/script>\n<!-- \/ Yoast SEO plugin. -->","yoast_head_json":{"title":"Artemisia annua Gocce - Extract - Estratto - Assenzio Dolce - Erbetix.com","description":"Artemisia annua Gocce [50ml] - Natural Extract - Alto contenuto di artemisinina - 100% di origine naturale - Adatto ai vegani - Erbetix.com","robots":{"index":"index","follow":"follow","max-snippet":"max-snippet:-1","max-image-preview":"max-image-preview:large","max-video-preview":"max-video-preview:-1"},"canonical":"https:\/\/erbetix.com\/it\/prodotto\/gocce-con-estratto-di-assenzio-dolce-artemisia-annua-l\/","og_locale":"it_IT","og_type":"article","og_title":"Artemisia annua Gocce - Extract - Estratto - Assenzio Dolce - Erbetix.com","og_description":"Artemisia annua Gocce [50ml] - Natural Extract - Alto contenuto di artemisinina - 100% di origine naturale - Adatto ai vegani - Erbetix.com","og_url":"https:\/\/erbetix.com\/it\/prodotto\/gocce-con-estratto-di-assenzio-dolce-artemisia-annua-l\/","og_site_name":"Erbetix","article_modified_time":"2026-03-12T06:44:03+00:00","og_image":[{"width":800,"height":800,"url":"https:\/\/erbetix.com\/wp-content\/uploads\/2021\/02\/Erbetix_pelin-ita.jpg","type":"image\/jpeg"}],"twitter_card":"summary_large_image","twitter_misc":{"Tempo di lettura stimato":"2 minuti"},"schema":{"@context":"https:\/\/schema.org","@graph":[{"@type":"WebPage","@id":"https:\/\/erbetix.com\/it\/prodotto\/gocce-con-estratto-di-assenzio-dolce-artemisia-annua-l\/","url":"https:\/\/erbetix.com\/it\/prodotto\/gocce-con-estratto-di-assenzio-dolce-artemisia-annua-l\/","name":"Artemisia annua Gocce - Extract - Estratto - Assenzio Dolce - Erbetix.com","isPartOf":{"@id":"https:\/\/erbetix.com\/it\/#website"},"primaryImageOfPage":{"@id":"https:\/\/erbetix.com\/it\/prodotto\/gocce-con-estratto-di-assenzio-dolce-artemisia-annua-l\/#primaryimage"},"image":{"@id":"https:\/\/erbetix.com\/it\/prodotto\/gocce-con-estratto-di-assenzio-dolce-artemisia-annua-l\/#primaryimage"},"thumbnailUrl":"https:\/\/erbetix.com\/wp-content\/uploads\/2021\/02\/Erbetix_pelin-ita.jpg","datePublished":"2020-12-04T10:14:20+00:00","dateModified":"2026-03-12T06:44:03+00:00","description":"Artemisia annua Gocce [50ml] - Natural Extract - Alto contenuto di artemisinina - 100% di origine naturale - Adatto ai vegani - Erbetix.com","breadcrumb":{"@id":"https:\/\/erbetix.com\/it\/prodotto\/gocce-con-estratto-di-assenzio-dolce-artemisia-annua-l\/#breadcrumb"},"inLanguage":"it-IT","potentialAction":[{"@type":"ReadAction","target":["https:\/\/erbetix.com\/it\/prodotto\/gocce-con-estratto-di-assenzio-dolce-artemisia-annua-l\/"]}]},{"@type":"ImageObject","inLanguage":"it-IT","@id":"https:\/\/erbetix.com\/it\/prodotto\/gocce-con-estratto-di-assenzio-dolce-artemisia-annua-l\/#primaryimage","url":"https:\/\/erbetix.com\/wp-content\/uploads\/2021\/02\/Erbetix_pelin-ita.jpg","contentUrl":"https:\/\/erbetix.com\/wp-content\/uploads\/2021\/02\/Erbetix_pelin-ita.jpg","width":800,"height":800},{"@type":"BreadcrumbList","@id":"https:\/\/erbetix.com\/it\/prodotto\/gocce-con-estratto-di-assenzio-dolce-artemisia-annua-l\/#breadcrumb","itemListElement":[{"@type":"ListItem","position":1,"name":"Home","item":"https:\/\/erbetix.com\/it\/"},{"@type":"ListItem","position":2,"name":"Negozio","item":"https:\/\/erbetix.com\/shop\/"},{"@type":"ListItem","position":3,"name":"Gocce con estratto di assenzio dolce (Artemisia annua L.)"}]},{"@type":"WebSite","@id":"https:\/\/erbetix.com\/it\/#website","url":"https:\/\/erbetix.com\/it\/","name":"Erbetix","description":"The highest quality products and services in the herbal extract industry.","potentialAction":[{"@type":"SearchAction","target":{"@type":"EntryPoint","urlTemplate":"https:\/\/erbetix.com\/it\/?s={search_term_string}"},"query-input":{"@type":"PropertyValueSpecification","valueRequired":true,"valueName":"search_term_string"}}],"inLanguage":"it-IT"}]}},"_links":{"self":[{"href":"https:\/\/erbetix.com\/it\/wp-json\/wp\/v2\/product\/3567","targetHints":{"allow":["GET"]}}],"collection":[{"href":"https:\/\/erbetix.com\/it\/wp-json\/wp\/v2\/product"}],"about":[{"href":"https:\/\/erbetix.com\/it\/wp-json\/wp\/v2\/types\/product"}],"replies":[{"embeddable":true,"href":"https:\/\/erbetix.com\/it\/wp-json\/wp\/v2\/comments?post=3567"}],"wp:featuredmedia":[{"embeddable":true,"href":"https:\/\/erbetix.com\/it\/wp-json\/wp\/v2\/media\/3908"}],"wp:attachment":[{"href":"https:\/\/erbetix.com\/it\/wp-json\/wp\/v2\/media?parent=3567"}],"wp:term":[{"taxonomy":"product_brand","embeddable":true,"href":"https:\/\/erbetix.com\/it\/wp-json\/wp\/v2\/product_brand?post=3567"},{"taxonomy":"product_cat","embeddable":true,"href":"https:\/\/erbetix.com\/it\/wp-json\/wp\/v2\/product_cat?post=3567"},{"taxonomy":"product_tag","embeddable":true,"href":"https:\/\/erbetix.com\/it\/wp-json\/wp\/v2\/product_tag?post=3567"}],"curies":[{"name":"wp","href":"https:\/\/api.w.org\/{rel}","templated":true}]}}