{"id":3673,"date":"2021-01-14T09:08:16","date_gmt":"2021-01-14T08:08:16","guid":{"rendered":"https:\/\/erbetix.com\/?post_type=product&#038;p=3673"},"modified":"2024-12-09T00:07:40","modified_gmt":"2024-12-08T23:07:40","slug":"siero-allolio-oilo-di-zucca-10ml","status":"publish","type":"product","link":"https:\/\/erbetix.com\/it\/prodotto\/siero-allolio-oilo-di-zucca-10ml\/","title":{"rendered":"Siero all&#8217;olio, Oilo di zucca [10ml]"},"content":{"rendered":"<p>Il siero d&#8217;olio di semi di zucca ERBETIX \u00e8 ottenuto con un metodo di estrazione altamente tecnologica e impeccabile, \u00e8 un olio naturale al 100% e senza additivi. \u00c8 costituito esclusivamente da sostanze essenziali e benefiche dei semi di zucca ed \u00e8 un estratto puro. Sebbene l&#8217;olio di semi di zucca spremuto a freddo ha senza dubbi la sua popolarit\u00e0, il siero \u00e8 anche un aggiornamento fornito da un processo di estrazione pi\u00f9 moderno. Il siero ha un contenuto pi\u00f9 elevato di minerali (magnesio, calcio, silicio, selenio e zinco) e vitamine (A, B1, B2, C, D ed E) ed \u00e8 quindi ancora pi\u00f9 utile ed efficace dell&#8217;olio di semi di zucca.<\/p>\n<p>L&#8217;olio di semi di zucca ha gi\u00e0 un posto speciale nella tradizione del nostro ambiente, quindi \u00e8 giunto il momento di fare un uso ancora migliore del principio attivo essenziale dei semi di zucca. Il siero affronta gli stessi disturbi come l&#8217;olio di zucca, solo che si risolve in modo ancora pi\u00f9 efficiente. Il siero di semi di zucca combina la saggezza della tradizione con la tecnologia avanzata. Il siero di semi di zucca Erbetix rappresenta l&#8217;idea di versatilit\u00e0 e mira ad espandere l&#8217;uso degli estratti di zucca della cucina tradizionale per raggiungere il loro pieno potenziale.<\/p>\n<p>La qualit\u00e0 del siero Erbetix di semi di zucca \u00e8 il risultato di tutte le fasi della produzione; dalla raccolta, selezione del seme allo stoccaggio e estrazione all&#8217;avanguardia. Solo in questo modo possiamo ottenere un estratto dei semi di zucca o siero, che \u00e8 un vero elisir naturale in termini di ingredienti e principi attivi<\/p>\n<p><strong>CARATTERISTICHE:<\/strong><\/p>\n<ul class=\"alineja\">\n<li>ottenuto con il pi\u00f9 recente metodo di estrazione, che preserva l&#8217;intero spettro vegetale<\/li>\n<li>100% di origine vegetale<\/li>\n<li>alto contenuto di vitamina E antiossidante e vitamine A, B1, B2, C, D ed E.<\/li>\n<li>alto contenuto di acidi grassi insaturi<\/li>\n<li>raccolto e lavorato a mano<\/li>\n<li>senza OGM, conservanti, glutine e dolcificanti artificiali<\/li>\n<li>il prodotto \u00e8 testato in laboratorio e conforme alle rigide normative europee<\/li>\n<li>senza alcool o solventi residui<\/li>\n<li>il siero \u00e8 atossico e ipoallergenico<\/li>\n<\/ul>\n<p><strong>USO:<\/strong><\/p>\n<ul class=\"alineja\">\n<li>una goccia o come additivo alle creme<\/li>\n<li>Conservare in un luogo buio e fresco<\/li>\n<li>utilizzare il prodotto secondo alla necessit\u00e0, pi\u00f9 volte al giorno<\/li>\n<li>conservazione: 18 mesi<\/li>\n<\/ul>\n<p><strong>AVVERTENZE:<\/strong><br \/>\nNon utilizzare il prodotto se siete allergici a qualsiasi degli ingredienti. Smettete di prenderlo se siete ipersensibili. Quantit\u00e0 giornaliera raccomandata \/ la dose non deve essere superata. L&#8217;integratore alimentare non \u00e8 inteso come la prevenzione e il trattamento di malattie e condizioni.<\/p>\n","protected":false},"excerpt":{"rendered":"<p>Il siero all&#8217;olio di zucca \u00e8 un siero al 100% di semi di zucca che sono selezionati e ottenuti con le pi\u00f9 moderne tecnologie. La differenza dell&#8217;altrimenti ottimo olio di semi di zucca e che il siero ha un profilo ancora pi\u00f9 completo e ricco di proteine, vitamine, sali minerali e soprattutto acidi grassi insaturi essenziali.<\/p>\n<ul class=\"alineja\">\n<li><strong>da agricoltura biologica<\/strong><\/li>\n<li><strong>straordinario assorbimento<\/strong><\/li>\n<li><strong>alto contenuto di vitamina E antiossidante e vitamine A, B1, B2, C, D ed E.<\/strong><\/li>\n<li><strong>abbassa i livelli di colesterolo<\/strong><\/li>\n<li><strong>non contiene alcol e altri residui di solventi<\/strong><\/li>\n<\/ul>\n","protected":false},"featured_media":4134,"comment_status":"open","ping_status":"closed","template":"","meta":[],"product_brand":[],"product_cat":[123,146],"product_tag":[],"class_list":{"0":"post-3673","1":"product","2":"type-product","3":"status-publish","4":"has-post-thumbnail","6":"product_cat-erbecare-it","7":"product_cat-sieri-dellolio","9":"first","10":"instock","11":"taxable","12":"shipping-taxable","13":"purchasable","14":"product-type-simple"},"yoast_head":"<!-- This site is optimized with the Yoast SEO plugin v27.3 - https:\/\/yoast.com\/product\/yoast-seo-wordpress\/ -->\n<title>Estratto di semi di zucca [20ml] - 100% Olio di zucca Serum - Erbetix.com<\/title>\n<meta name=\"description\" content=\"Estratto di semi di zucca [20ml] - Olio di zucca - Serum - 100% di origine vegetale - Qualit\u00e0 premium - Erbetix.com\" \/>\n<meta name=\"robots\" content=\"index, follow, max-snippet:-1, max-image-preview:large, max-video-preview:-1\" \/>\n<link rel=\"canonical\" href=\"https:\/\/erbetix.com\/it\/prodotto\/siero-allolio-oilo-di-zucca-10ml\/\" \/>\n<meta property=\"og:locale\" content=\"it_IT\" \/>\n<meta property=\"og:type\" content=\"article\" \/>\n<meta property=\"og:title\" content=\"Estratto di semi di zucca [20ml] - 100% Olio di zucca Serum - Erbetix.com\" \/>\n<meta property=\"og:description\" content=\"Estratto di semi di zucca [20ml] - Olio di zucca - Serum - 100% di origine vegetale - Qualit\u00e0 premium - Erbetix.com\" \/>\n<meta property=\"og:url\" content=\"https:\/\/erbetix.com\/it\/prodotto\/siero-allolio-oilo-di-zucca-10ml\/\" \/>\n<meta property=\"og:site_name\" content=\"Erbetix\" \/>\n<meta property=\"article:modified_time\" content=\"2024-12-08T23:07:40+00:00\" \/>\n<meta property=\"og:image\" content=\"https:\/\/erbetix.com\/wp-content\/uploads\/2021\/01\/Pumpkin-2-1.jpg\" \/>\n\t<meta property=\"og:image:width\" content=\"800\" \/>\n\t<meta property=\"og:image:height\" content=\"800\" \/>\n\t<meta property=\"og:image:type\" content=\"image\/jpeg\" \/>\n<meta name=\"twitter:card\" content=\"summary_large_image\" \/>\n<meta name=\"twitter:label1\" content=\"Tempo di lettura stimato\" \/>\n\t<meta name=\"twitter:data1\" content=\"3 minuti\" \/>\n<script type=\"application\/ld+json\" class=\"yoast-schema-graph\">{\"@context\":\"https:\\\/\\\/schema.org\",\"@graph\":[{\"@type\":\"WebPage\",\"@id\":\"https:\\\/\\\/erbetix.com\\\/it\\\/prodotto\\\/siero-allolio-oilo-di-zucca-10ml\\\/\",\"url\":\"https:\\\/\\\/erbetix.com\\\/it\\\/prodotto\\\/siero-allolio-oilo-di-zucca-10ml\\\/\",\"name\":\"Estratto di semi di zucca [20ml] - 100% Olio di zucca Serum - Erbetix.com\",\"isPartOf\":{\"@id\":\"https:\\\/\\\/erbetix.com\\\/it\\\/#website\"},\"primaryImageOfPage\":{\"@id\":\"https:\\\/\\\/erbetix.com\\\/it\\\/prodotto\\\/siero-allolio-oilo-di-zucca-10ml\\\/#primaryimage\"},\"image\":{\"@id\":\"https:\\\/\\\/erbetix.com\\\/it\\\/prodotto\\\/siero-allolio-oilo-di-zucca-10ml\\\/#primaryimage\"},\"thumbnailUrl\":\"https:\\\/\\\/erbetix.com\\\/wp-content\\\/uploads\\\/2021\\\/01\\\/Pumpkin-2-1.jpg\",\"datePublished\":\"2021-01-14T08:08:16+00:00\",\"dateModified\":\"2024-12-08T23:07:40+00:00\",\"description\":\"Estratto di semi di zucca [20ml] - Olio di zucca - Serum - 100% di origine vegetale - Qualit\u00e0 premium - Erbetix.com\",\"breadcrumb\":{\"@id\":\"https:\\\/\\\/erbetix.com\\\/it\\\/prodotto\\\/siero-allolio-oilo-di-zucca-10ml\\\/#breadcrumb\"},\"inLanguage\":\"it-IT\",\"potentialAction\":[{\"@type\":\"ReadAction\",\"target\":[\"https:\\\/\\\/erbetix.com\\\/it\\\/prodotto\\\/siero-allolio-oilo-di-zucca-10ml\\\/\"]}]},{\"@type\":\"ImageObject\",\"inLanguage\":\"it-IT\",\"@id\":\"https:\\\/\\\/erbetix.com\\\/it\\\/prodotto\\\/siero-allolio-oilo-di-zucca-10ml\\\/#primaryimage\",\"url\":\"https:\\\/\\\/erbetix.com\\\/wp-content\\\/uploads\\\/2021\\\/01\\\/Pumpkin-2-1.jpg\",\"contentUrl\":\"https:\\\/\\\/erbetix.com\\\/wp-content\\\/uploads\\\/2021\\\/01\\\/Pumpkin-2-1.jpg\",\"width\":800,\"height\":800},{\"@type\":\"BreadcrumbList\",\"@id\":\"https:\\\/\\\/erbetix.com\\\/it\\\/prodotto\\\/siero-allolio-oilo-di-zucca-10ml\\\/#breadcrumb\",\"itemListElement\":[{\"@type\":\"ListItem\",\"position\":1,\"name\":\"Home\",\"item\":\"https:\\\/\\\/erbetix.com\\\/it\\\/\"},{\"@type\":\"ListItem\",\"position\":2,\"name\":\"Negozio\",\"item\":\"https:\\\/\\\/erbetix.com\\\/shop\\\/\"},{\"@type\":\"ListItem\",\"position\":3,\"name\":\"Siero all&#8217;olio, Oilo di zucca [10ml]\"}]},{\"@type\":\"WebSite\",\"@id\":\"https:\\\/\\\/erbetix.com\\\/it\\\/#website\",\"url\":\"https:\\\/\\\/erbetix.com\\\/it\\\/\",\"name\":\"Erbetix\",\"description\":\"The highest quality products and services in the herbal extract industry.\",\"potentialAction\":[{\"@type\":\"SearchAction\",\"target\":{\"@type\":\"EntryPoint\",\"urlTemplate\":\"https:\\\/\\\/erbetix.com\\\/it\\\/?s={search_term_string}\"},\"query-input\":{\"@type\":\"PropertyValueSpecification\",\"valueRequired\":true,\"valueName\":\"search_term_string\"}}],\"inLanguage\":\"it-IT\"}]}<\/script>\n<!-- \/ Yoast SEO plugin. -->","yoast_head_json":{"title":"Estratto di semi di zucca [20ml] - 100% Olio di zucca Serum - Erbetix.com","description":"Estratto di semi di zucca [20ml] - Olio di zucca - Serum - 100% di origine vegetale - Qualit\u00e0 premium - Erbetix.com","robots":{"index":"index","follow":"follow","max-snippet":"max-snippet:-1","max-image-preview":"max-image-preview:large","max-video-preview":"max-video-preview:-1"},"canonical":"https:\/\/erbetix.com\/it\/prodotto\/siero-allolio-oilo-di-zucca-10ml\/","og_locale":"it_IT","og_type":"article","og_title":"Estratto di semi di zucca [20ml] - 100% Olio di zucca Serum - Erbetix.com","og_description":"Estratto di semi di zucca [20ml] - Olio di zucca - Serum - 100% di origine vegetale - Qualit\u00e0 premium - Erbetix.com","og_url":"https:\/\/erbetix.com\/it\/prodotto\/siero-allolio-oilo-di-zucca-10ml\/","og_site_name":"Erbetix","article_modified_time":"2024-12-08T23:07:40+00:00","og_image":[{"width":800,"height":800,"url":"https:\/\/erbetix.com\/wp-content\/uploads\/2021\/01\/Pumpkin-2-1.jpg","type":"image\/jpeg"}],"twitter_card":"summary_large_image","twitter_misc":{"Tempo di lettura stimato":"3 minuti"},"schema":{"@context":"https:\/\/schema.org","@graph":[{"@type":"WebPage","@id":"https:\/\/erbetix.com\/it\/prodotto\/siero-allolio-oilo-di-zucca-10ml\/","url":"https:\/\/erbetix.com\/it\/prodotto\/siero-allolio-oilo-di-zucca-10ml\/","name":"Estratto di semi di zucca [20ml] - 100% Olio di zucca Serum - Erbetix.com","isPartOf":{"@id":"https:\/\/erbetix.com\/it\/#website"},"primaryImageOfPage":{"@id":"https:\/\/erbetix.com\/it\/prodotto\/siero-allolio-oilo-di-zucca-10ml\/#primaryimage"},"image":{"@id":"https:\/\/erbetix.com\/it\/prodotto\/siero-allolio-oilo-di-zucca-10ml\/#primaryimage"},"thumbnailUrl":"https:\/\/erbetix.com\/wp-content\/uploads\/2021\/01\/Pumpkin-2-1.jpg","datePublished":"2021-01-14T08:08:16+00:00","dateModified":"2024-12-08T23:07:40+00:00","description":"Estratto di semi di zucca [20ml] - Olio di zucca - Serum - 100% di origine vegetale - Qualit\u00e0 premium - Erbetix.com","breadcrumb":{"@id":"https:\/\/erbetix.com\/it\/prodotto\/siero-allolio-oilo-di-zucca-10ml\/#breadcrumb"},"inLanguage":"it-IT","potentialAction":[{"@type":"ReadAction","target":["https:\/\/erbetix.com\/it\/prodotto\/siero-allolio-oilo-di-zucca-10ml\/"]}]},{"@type":"ImageObject","inLanguage":"it-IT","@id":"https:\/\/erbetix.com\/it\/prodotto\/siero-allolio-oilo-di-zucca-10ml\/#primaryimage","url":"https:\/\/erbetix.com\/wp-content\/uploads\/2021\/01\/Pumpkin-2-1.jpg","contentUrl":"https:\/\/erbetix.com\/wp-content\/uploads\/2021\/01\/Pumpkin-2-1.jpg","width":800,"height":800},{"@type":"BreadcrumbList","@id":"https:\/\/erbetix.com\/it\/prodotto\/siero-allolio-oilo-di-zucca-10ml\/#breadcrumb","itemListElement":[{"@type":"ListItem","position":1,"name":"Home","item":"https:\/\/erbetix.com\/it\/"},{"@type":"ListItem","position":2,"name":"Negozio","item":"https:\/\/erbetix.com\/shop\/"},{"@type":"ListItem","position":3,"name":"Siero all&#8217;olio, Oilo di zucca [10ml]"}]},{"@type":"WebSite","@id":"https:\/\/erbetix.com\/it\/#website","url":"https:\/\/erbetix.com\/it\/","name":"Erbetix","description":"The highest quality products and services in the herbal extract industry.","potentialAction":[{"@type":"SearchAction","target":{"@type":"EntryPoint","urlTemplate":"https:\/\/erbetix.com\/it\/?s={search_term_string}"},"query-input":{"@type":"PropertyValueSpecification","valueRequired":true,"valueName":"search_term_string"}}],"inLanguage":"it-IT"}]}},"_links":{"self":[{"href":"https:\/\/erbetix.com\/it\/wp-json\/wp\/v2\/product\/3673","targetHints":{"allow":["GET"]}}],"collection":[{"href":"https:\/\/erbetix.com\/it\/wp-json\/wp\/v2\/product"}],"about":[{"href":"https:\/\/erbetix.com\/it\/wp-json\/wp\/v2\/types\/product"}],"replies":[{"embeddable":true,"href":"https:\/\/erbetix.com\/it\/wp-json\/wp\/v2\/comments?post=3673"}],"wp:featuredmedia":[{"embeddable":true,"href":"https:\/\/erbetix.com\/it\/wp-json\/wp\/v2\/media\/4134"}],"wp:attachment":[{"href":"https:\/\/erbetix.com\/it\/wp-json\/wp\/v2\/media?parent=3673"}],"wp:term":[{"taxonomy":"product_brand","embeddable":true,"href":"https:\/\/erbetix.com\/it\/wp-json\/wp\/v2\/product_brand?post=3673"},{"taxonomy":"product_cat","embeddable":true,"href":"https:\/\/erbetix.com\/it\/wp-json\/wp\/v2\/product_cat?post=3673"},{"taxonomy":"product_tag","embeddable":true,"href":"https:\/\/erbetix.com\/it\/wp-json\/wp\/v2\/product_tag?post=3673"}],"curies":[{"name":"wp","href":"https:\/\/api.w.org\/{rel}","templated":true}]}}