{"id":3690,"date":"2021-01-14T09:57:44","date_gmt":"2021-01-14T08:57:45","guid":{"rendered":"https:\/\/erbetix.com\/?post_type=product&#038;p=3690"},"modified":"2024-12-09T00:07:39","modified_gmt":"2024-12-08T23:07:39","slug":"red-grapes-oil-serum-10ml","status":"publish","type":"product","link":"https:\/\/erbetix.com\/it\/prodotto\/red-grapes-oil-serum-10ml\/","title":{"rendered":"Siero all&#8217;olio di semi d&#8217;uva [10ml]"},"content":{"rendered":"<p>Il siero all&#8217;olio di semi d&#8217;uva ERBETIX \u00e8 ottenuto dai semi dell&#8217;uva. \u00c8 ottenuto con un metodo di estrazione ad alta tecnologia. Il siero \u00e8 completamente naturale e senza additivi, in quanto come sostanza pura non ha bisogno dei additivi. \u00c8 un conservante naturale e allo stesso tempo un tesoro di ingredienti essenziali. Grazie a un metodo speciale di estrazione, che \u00e8 pi\u00f9 ricco e pi\u00f9 completo dell&#8217;olio spremuto a freddo, in cui molti ingredienti chiave vengono distrutti a causa della pressatura meccanica.<\/p>\n<p>Il siero di olio di semi d&#8217;uva \u00e8 principalmente adornato con un alto contenuto di vitamine E e C, oltre che A, che ha uno straordinario effetto antiossidante. La combinazione di vitamine consente un effetto 20 volte maggiore della sola vitamina C e fino a 50 volte maggiore della vitamina E.<\/p>\n<p>Gli oli di semi d&#8217;uva sono stati usati sin dall&#8217;antica per un motivo. Il metodo di estrazione avanzato consente solo un ulteriore livello di efficienza, poich\u00e9 il siero \u00e8 molto pi\u00f9 forte e completo dell&#8217;olio stesso. Il guscio dei semi \u00e8 estremamente resistente e protegge bene gli ingredienti essenziali da fattori esterni (vari contaminazioni e altre tossine). Questo rende il siero pi\u00f9 forte e pi\u00f9 pulito come un estratto di semi.<\/p>\n<p>Oltre alle vitamine gi\u00e0 elencate, il siero contiene molti altri minerali e, ultimo ma non meno importante, un grande apporto di acidi grassi insaturi (omega 6 e omega 9), estremamente utili per il nostro organismo. Contiene molti flavonoidi, acido linoleico (omega 6) e ingredienti chiamati procianidine (noti anche come tannini in scatola, picnogenoli e proantocianidine oligomeriche). Un antiossidante molto importante (bioflavonoide) contenuto nei semi d&#8217;uva \u00e8 l&#8217;OPC (complesso proantocianidinico oligomerico). \u00c8 un antiossidante idrosolubile che viene rapidamente assorbito e diffuso nell intero corpo.<\/p>\n<p>Il pi\u00f9 grande vantaggio dell&#8217;olio di semi d&#8217;uva \u00e8 sicuramente l&#8217;elevato contenuto di vitamina E e acidi grassi omega 6 e omega 9. I radicali liberi causati dal sole, dal vento danneggiano la nostra pelle. Gli acidi grassi Omega 6 e Omega 9 sono estremamente importanti per la rigenerazione e l&#8217;aspetto della pelle. Se vogliamo regalare alla pelle tutto questo, non c&#8217;\u00e8 scelta migliore dell&#8217;eccezionale siero di vinaccioli Erbetix.<\/p>\n<p><strong>CARATTERISTICHE:<\/strong><\/p>\n<ul class=\"alineja\">\n<li>ottenuto con il metodo pi\u00f9 recente di estrazione, che preserva l&#8217;intero spettro vegetale<\/li>\n<li>100% di origine vegetale<\/li>\n<li>alto contenuto di vitamine C, E e A e altri minerali e acidi grassi essenziali<\/li>\n<li>raccolto e lavorato a mano<\/li>\n<li>denza OGM, conservanti, glutine e dolcificanti artificiali<\/li>\n<li>il prodotto \u00e8 testato in laboratorio e conforme alle rigide normative europee<\/li>\n<li>senza alcool o solventi residui<\/li>\n<li>il siero \u00e8 atossico e ipoallergenico<\/li>\n<\/ul>\n<p><strong>USO:<\/strong><\/p>\n<ul class=\"alineja\">\n<li>una goccia da sola o come additivo alle creme<\/li>\n<li>Conservare in un luogo buio e fresc<\/li>\n<li>utilizzare il prodotto secondo necessit\u00e0, pi\u00f9 volte al giorno<\/li>\n<li>durata di conservazione: 18 mesi<\/li>\n<\/ul>\n<p><strong>AVVERTENZE:<\/strong><br \/>\nNon utilizzare il prodotto se siete allergici a qualsiasi degli ingredienti. Smettete di prendere se siete ipersensibili. Quantit\u00e0 giornaliera raccomandata \/ la dose non deve essere superata. L&#8217;integratore alimentare non \u00e8 inteso per la prevenzione e il trattamento di malattie e condizioni.<\/p>\n<p>Non dovremmo consumare o lubrificare il siero se siamo sotto l&#8217;influenza di alcol o droghe perch\u00e9 diventa un forte stimolante in questa combinazione.<\/p>\n","protected":false},"excerpt":{"rendered":"<p>Il siero all&#8217;olio di semi d&#8217;uva \u00e8 un siero autonomo a base di semi d&#8217;uva. L&#8217;estratto \u00e8 ottenuto con le pi\u00f9 moderne tecnologie e completamente naturale. A differenza dell&#8217;olio conosciuto sin dall&#8217;antichit\u00e0, il siero \u00e8 molto pi\u00f9 completo e arricchito con vitamine, minerali e altri nutrienti.<\/p>\n<ul class=\"alineja\">\n<li><strong>proviene da agricoltura biologica<\/strong><\/li>\n<li><strong>assorbimento straordinario<\/strong><\/li>\n<li><strong>alto contenuto di vitamine E e C e<\/strong><\/li>\n<li><strong>accelera la formazione del collagene<\/strong><\/li>\n<li><strong>non contiene alcol e altri residui di solventi<\/strong><\/li>\n<\/ul>\n","protected":false},"featured_media":4142,"comment_status":"closed","ping_status":"closed","template":"","meta":[],"product_brand":[],"product_cat":[123,146],"product_tag":[],"class_list":{"0":"post-3690","1":"product","2":"type-product","3":"status-publish","4":"has-post-thumbnail","6":"product_cat-erbecare-it","7":"product_cat-sieri-dellolio","9":"first","10":"instock","11":"featured","12":"taxable","13":"shipping-taxable","14":"purchasable","15":"product-type-simple"},"yoast_head":"<!-- This site is optimized with the Yoast SEO plugin v27.3 - https:\/\/yoast.com\/product\/yoast-seo-wordpress\/ -->\n<title>Estratto di vinacciolo - Estratto di semi d&#039;uva - Siero all&#039;olio - Erbetix.com<\/title>\n<meta name=\"description\" content=\"Estratto di vinacciolo - Estratto di semi d&#039;uva - Alto contenuto di vitamine C, E e A - 100% di origine vegetale - Erbetix.com\" \/>\n<meta name=\"robots\" content=\"index, follow, max-snippet:-1, max-image-preview:large, max-video-preview:-1\" \/>\n<link rel=\"canonical\" href=\"https:\/\/erbetix.com\/it\/prodotto\/red-grapes-oil-serum-10ml\/\" \/>\n<meta property=\"og:locale\" content=\"it_IT\" \/>\n<meta property=\"og:type\" content=\"article\" \/>\n<meta property=\"og:title\" content=\"Estratto di vinacciolo - Estratto di semi d&#039;uva - Siero all&#039;olio - Erbetix.com\" \/>\n<meta property=\"og:description\" content=\"Estratto di vinacciolo - Estratto di semi d&#039;uva - Alto contenuto di vitamine C, E e A - 100% di origine vegetale - Erbetix.com\" \/>\n<meta property=\"og:url\" content=\"https:\/\/erbetix.com\/it\/prodotto\/red-grapes-oil-serum-10ml\/\" \/>\n<meta property=\"og:site_name\" content=\"Erbetix\" \/>\n<meta property=\"article:modified_time\" content=\"2024-12-08T23:07:39+00:00\" \/>\n<meta property=\"og:image\" content=\"https:\/\/erbetix.com\/wp-content\/uploads\/2021\/01\/Red-Grapes-2-1.jpg\" \/>\n\t<meta property=\"og:image:width\" content=\"800\" \/>\n\t<meta property=\"og:image:height\" content=\"800\" \/>\n\t<meta property=\"og:image:type\" content=\"image\/jpeg\" \/>\n<meta name=\"twitter:card\" content=\"summary_large_image\" \/>\n<meta name=\"twitter:label1\" content=\"Tempo di lettura stimato\" \/>\n\t<meta name=\"twitter:data1\" content=\"3 minuti\" \/>\n<script type=\"application\/ld+json\" class=\"yoast-schema-graph\">{\"@context\":\"https:\\\/\\\/schema.org\",\"@graph\":[{\"@type\":\"WebPage\",\"@id\":\"https:\\\/\\\/erbetix.com\\\/it\\\/prodotto\\\/red-grapes-oil-serum-10ml\\\/\",\"url\":\"https:\\\/\\\/erbetix.com\\\/it\\\/prodotto\\\/red-grapes-oil-serum-10ml\\\/\",\"name\":\"Estratto di vinacciolo - Estratto di semi d'uva - Siero all'olio - Erbetix.com\",\"isPartOf\":{\"@id\":\"https:\\\/\\\/erbetix.com\\\/it\\\/#website\"},\"primaryImageOfPage\":{\"@id\":\"https:\\\/\\\/erbetix.com\\\/it\\\/prodotto\\\/red-grapes-oil-serum-10ml\\\/#primaryimage\"},\"image\":{\"@id\":\"https:\\\/\\\/erbetix.com\\\/it\\\/prodotto\\\/red-grapes-oil-serum-10ml\\\/#primaryimage\"},\"thumbnailUrl\":\"https:\\\/\\\/erbetix.com\\\/wp-content\\\/uploads\\\/2021\\\/01\\\/Red-Grapes-2-1.jpg\",\"datePublished\":\"2021-01-14T08:57:45+00:00\",\"dateModified\":\"2024-12-08T23:07:39+00:00\",\"description\":\"Estratto di vinacciolo - Estratto di semi d'uva - Alto contenuto di vitamine C, E e A - 100% di origine vegetale - Erbetix.com\",\"breadcrumb\":{\"@id\":\"https:\\\/\\\/erbetix.com\\\/it\\\/prodotto\\\/red-grapes-oil-serum-10ml\\\/#breadcrumb\"},\"inLanguage\":\"it-IT\",\"potentialAction\":[{\"@type\":\"ReadAction\",\"target\":[\"https:\\\/\\\/erbetix.com\\\/it\\\/prodotto\\\/red-grapes-oil-serum-10ml\\\/\"]}]},{\"@type\":\"ImageObject\",\"inLanguage\":\"it-IT\",\"@id\":\"https:\\\/\\\/erbetix.com\\\/it\\\/prodotto\\\/red-grapes-oil-serum-10ml\\\/#primaryimage\",\"url\":\"https:\\\/\\\/erbetix.com\\\/wp-content\\\/uploads\\\/2021\\\/01\\\/Red-Grapes-2-1.jpg\",\"contentUrl\":\"https:\\\/\\\/erbetix.com\\\/wp-content\\\/uploads\\\/2021\\\/01\\\/Red-Grapes-2-1.jpg\",\"width\":800,\"height\":800},{\"@type\":\"BreadcrumbList\",\"@id\":\"https:\\\/\\\/erbetix.com\\\/it\\\/prodotto\\\/red-grapes-oil-serum-10ml\\\/#breadcrumb\",\"itemListElement\":[{\"@type\":\"ListItem\",\"position\":1,\"name\":\"Home\",\"item\":\"https:\\\/\\\/erbetix.com\\\/it\\\/\"},{\"@type\":\"ListItem\",\"position\":2,\"name\":\"Negozio\",\"item\":\"https:\\\/\\\/erbetix.com\\\/shop\\\/\"},{\"@type\":\"ListItem\",\"position\":3,\"name\":\"Siero all&#8217;olio di semi d&#8217;uva [10ml]\"}]},{\"@type\":\"WebSite\",\"@id\":\"https:\\\/\\\/erbetix.com\\\/it\\\/#website\",\"url\":\"https:\\\/\\\/erbetix.com\\\/it\\\/\",\"name\":\"Erbetix\",\"description\":\"The highest quality products and services in the herbal extract industry.\",\"potentialAction\":[{\"@type\":\"SearchAction\",\"target\":{\"@type\":\"EntryPoint\",\"urlTemplate\":\"https:\\\/\\\/erbetix.com\\\/it\\\/?s={search_term_string}\"},\"query-input\":{\"@type\":\"PropertyValueSpecification\",\"valueRequired\":true,\"valueName\":\"search_term_string\"}}],\"inLanguage\":\"it-IT\"}]}<\/script>\n<!-- \/ Yoast SEO plugin. -->","yoast_head_json":{"title":"Estratto di vinacciolo - Estratto di semi d'uva - Siero all'olio - Erbetix.com","description":"Estratto di vinacciolo - Estratto di semi d'uva - Alto contenuto di vitamine C, E e A - 100% di origine vegetale - Erbetix.com","robots":{"index":"index","follow":"follow","max-snippet":"max-snippet:-1","max-image-preview":"max-image-preview:large","max-video-preview":"max-video-preview:-1"},"canonical":"https:\/\/erbetix.com\/it\/prodotto\/red-grapes-oil-serum-10ml\/","og_locale":"it_IT","og_type":"article","og_title":"Estratto di vinacciolo - Estratto di semi d'uva - Siero all'olio - Erbetix.com","og_description":"Estratto di vinacciolo - Estratto di semi d'uva - Alto contenuto di vitamine C, E e A - 100% di origine vegetale - Erbetix.com","og_url":"https:\/\/erbetix.com\/it\/prodotto\/red-grapes-oil-serum-10ml\/","og_site_name":"Erbetix","article_modified_time":"2024-12-08T23:07:39+00:00","og_image":[{"width":800,"height":800,"url":"https:\/\/erbetix.com\/wp-content\/uploads\/2021\/01\/Red-Grapes-2-1.jpg","type":"image\/jpeg"}],"twitter_card":"summary_large_image","twitter_misc":{"Tempo di lettura stimato":"3 minuti"},"schema":{"@context":"https:\/\/schema.org","@graph":[{"@type":"WebPage","@id":"https:\/\/erbetix.com\/it\/prodotto\/red-grapes-oil-serum-10ml\/","url":"https:\/\/erbetix.com\/it\/prodotto\/red-grapes-oil-serum-10ml\/","name":"Estratto di vinacciolo - Estratto di semi d'uva - Siero all'olio - Erbetix.com","isPartOf":{"@id":"https:\/\/erbetix.com\/it\/#website"},"primaryImageOfPage":{"@id":"https:\/\/erbetix.com\/it\/prodotto\/red-grapes-oil-serum-10ml\/#primaryimage"},"image":{"@id":"https:\/\/erbetix.com\/it\/prodotto\/red-grapes-oil-serum-10ml\/#primaryimage"},"thumbnailUrl":"https:\/\/erbetix.com\/wp-content\/uploads\/2021\/01\/Red-Grapes-2-1.jpg","datePublished":"2021-01-14T08:57:45+00:00","dateModified":"2024-12-08T23:07:39+00:00","description":"Estratto di vinacciolo - Estratto di semi d'uva - Alto contenuto di vitamine C, E e A - 100% di origine vegetale - Erbetix.com","breadcrumb":{"@id":"https:\/\/erbetix.com\/it\/prodotto\/red-grapes-oil-serum-10ml\/#breadcrumb"},"inLanguage":"it-IT","potentialAction":[{"@type":"ReadAction","target":["https:\/\/erbetix.com\/it\/prodotto\/red-grapes-oil-serum-10ml\/"]}]},{"@type":"ImageObject","inLanguage":"it-IT","@id":"https:\/\/erbetix.com\/it\/prodotto\/red-grapes-oil-serum-10ml\/#primaryimage","url":"https:\/\/erbetix.com\/wp-content\/uploads\/2021\/01\/Red-Grapes-2-1.jpg","contentUrl":"https:\/\/erbetix.com\/wp-content\/uploads\/2021\/01\/Red-Grapes-2-1.jpg","width":800,"height":800},{"@type":"BreadcrumbList","@id":"https:\/\/erbetix.com\/it\/prodotto\/red-grapes-oil-serum-10ml\/#breadcrumb","itemListElement":[{"@type":"ListItem","position":1,"name":"Home","item":"https:\/\/erbetix.com\/it\/"},{"@type":"ListItem","position":2,"name":"Negozio","item":"https:\/\/erbetix.com\/shop\/"},{"@type":"ListItem","position":3,"name":"Siero all&#8217;olio di semi d&#8217;uva [10ml]"}]},{"@type":"WebSite","@id":"https:\/\/erbetix.com\/it\/#website","url":"https:\/\/erbetix.com\/it\/","name":"Erbetix","description":"The highest quality products and services in the herbal extract industry.","potentialAction":[{"@type":"SearchAction","target":{"@type":"EntryPoint","urlTemplate":"https:\/\/erbetix.com\/it\/?s={search_term_string}"},"query-input":{"@type":"PropertyValueSpecification","valueRequired":true,"valueName":"search_term_string"}}],"inLanguage":"it-IT"}]}},"_links":{"self":[{"href":"https:\/\/erbetix.com\/it\/wp-json\/wp\/v2\/product\/3690","targetHints":{"allow":["GET"]}}],"collection":[{"href":"https:\/\/erbetix.com\/it\/wp-json\/wp\/v2\/product"}],"about":[{"href":"https:\/\/erbetix.com\/it\/wp-json\/wp\/v2\/types\/product"}],"replies":[{"embeddable":true,"href":"https:\/\/erbetix.com\/it\/wp-json\/wp\/v2\/comments?post=3690"}],"wp:featuredmedia":[{"embeddable":true,"href":"https:\/\/erbetix.com\/it\/wp-json\/wp\/v2\/media\/4142"}],"wp:attachment":[{"href":"https:\/\/erbetix.com\/it\/wp-json\/wp\/v2\/media?parent=3690"}],"wp:term":[{"taxonomy":"product_brand","embeddable":true,"href":"https:\/\/erbetix.com\/it\/wp-json\/wp\/v2\/product_brand?post=3690"},{"taxonomy":"product_cat","embeddable":true,"href":"https:\/\/erbetix.com\/it\/wp-json\/wp\/v2\/product_cat?post=3690"},{"taxonomy":"product_tag","embeddable":true,"href":"https:\/\/erbetix.com\/it\/wp-json\/wp\/v2\/product_tag?post=3690"}],"curies":[{"name":"wp","href":"https:\/\/api.w.org\/{rel}","templated":true}]}}