{"id":2623,"date":"2020-08-19T12:55:31","date_gmt":"2020-08-19T12:55:31","guid":{"rendered":"https:\/\/erbetix.com\/o-nas\/"},"modified":"2020-09-04T14:35:10","modified_gmt":"2020-09-04T12:35:10","slug":"o-nas","status":"publish","type":"page","link":"https:\/\/erbetix.com\/sl\/o-nas\/","title":{"rendered":"O nas"},"content":{"rendered":"<div class=\"wpb-content-wrapper\"><p>[vc_row css=&#8221;.vc_custom_1597835718218{padding-top: 100px !important;padding-bottom: 80px !important;background-image: url(https:\/\/erbetix.com\/wp-content\/uploads\/2020\/08\/Asset-4@2x.png?id=2598) !important;background-position: center !important;background-repeat: no-repeat !important;background-size: cover !important;}&#8221;][vc_column][vc_column_text]<\/p>\n<h1>Kaj po\u010dnemo<\/h1>\n<p>[\/vc_column_text][\/vc_column][\/vc_row][vc_row wrap_container=&#8221;yes&#8221; css=&#8221;.vc_custom_1520146469968{margin-bottom: 30px !important;padding-top: 30px !important;padding-bottom: 30px !important;background-color: #ffffff !important;}&#8221;][vc_column][vc_column_text]<\/p>\n<h3><strong>Najvi\u0161ja kakovost izdelkov in storitev v industriji zeli\u0161\u010dnih ekstraktov<\/strong><\/h3>\n<p>Smo strokovnjaki za postopke pridobivanja vseh vrst eteri\u010dnih olj. Na\u0161e surovine lahko v celotnem spektru razred\u010dimo z nosilnimi olji, ki so lahko osnovna sestavina za vse izdelke, ki jih izdelujemo: tinkture, mehki geli, jedilni izdelki, topiki ali zdravila na osnovi kanabinoidov.<\/p>\n<p>Blagovna znamka Erbetix ponuja vse od ekstrakcije, dodelave, razvoja izdelka ter kon\u010dne embala\u017ee.<\/p>\n<p>Poslanstvo na\u0161e ekipe je graditi partnerstva z deljenjem na\u0161ega strokovnega znanja na podro\u010dju proizvodnje, nadzora procesov in razvoja poslovanja.<\/p>\n<p>Na\u0161 ekstrakcijski center zagotavlja konkuren\u010dne in fleksibilne pogodbe za storitve na podro\u010dju ekstrakcij po va\u0161i meri.<\/p>\n<p>Imamo zmogljivost in zmo\u017enost zagotavljanja celovitih storitev od surovega ekstrakta do povsem kon\u010dnega izdelka.[\/vc_column_text][\/vc_column][\/vc_row]<\/p>\n<\/div>","protected":false},"excerpt":{"rendered":"<p>[vc_row css=&#8221;.vc_custom_1597835718218{padding-top: 100px !important;padding-bottom: 80px !important;background-image: url(https:\/\/erbetix.com\/wp-content\/uploads\/2020\/08\/Asset-4@2x.png?id=2598) !important;background-position: center !important;background-repeat: no-repeat !important;background-size: cover !important;}&#8221;][vc_column][vc_column_text] Kaj po\u010dnemo [\/vc_column_text][\/vc_column][\/vc_row][vc_row wrap_container=&#8221;yes&#8221; css=&#8221;.vc_custom_1520146469968{margin-bottom: 30px !important;padding-top: 30px !important;padding-bottom: 30px !important;background-color: #ffffff !important;}&#8221;][vc_column][vc_column_text] Najvi\u0161ja kakovost izdelkov in storitev v industriji zeli\u0161\u010dnih ekstraktov Smo strokovnjaki za postopke pridobivanja vseh vrst eteri\u010dnih olj. Na\u0161e surovine lahko v celotnem spektru razred\u010dimo z nosilnimi olji, [&hellip;]<\/p>\n","protected":false},"author":1,"featured_media":0,"parent":0,"menu_order":0,"comment_status":"closed","ping_status":"closed","template":"","meta":{"footnotes":""},"class_list":["post-2623","page","type-page","status-publish","hentry"],"yoast_head":"<!-- This site is optimized with the Yoast SEO plugin v27.3 - https:\/\/yoast.com\/product\/yoast-seo-wordpress\/ -->\n<title>O nas - Erbetix<\/title>\n<meta name=\"robots\" content=\"index, follow, max-snippet:-1, max-image-preview:large, max-video-preview:-1\" \/>\n<link rel=\"canonical\" href=\"https:\/\/erbetix.com\/sl\/o-nas\/\" \/>\n<meta property=\"og:locale\" content=\"sl_SI\" \/>\n<meta property=\"og:type\" content=\"article\" \/>\n<meta property=\"og:title\" content=\"O nas - Erbetix\" \/>\n<meta property=\"og:description\" content=\"[vc_row css=&#8221;.vc_custom_1597835718218{padding-top: 100px !important;padding-bottom: 80px !important;background-image: url(https:\/\/erbetix.com\/wp-content\/uploads\/2020\/08\/Asset-4@2x.png?id=2598) !important;background-position: center !important;background-repeat: no-repeat !important;background-size: cover !important;}&#8221;][vc_column][vc_column_text] Kaj po\u010dnemo [\/vc_column_text][\/vc_column][\/vc_row][vc_row wrap_container=&#8221;yes&#8221; css=&#8221;.vc_custom_1520146469968{margin-bottom: 30px !important;padding-top: 30px !important;padding-bottom: 30px !important;background-color: #ffffff !important;}&#8221;][vc_column][vc_column_text] Najvi\u0161ja kakovost izdelkov in storitev v industriji zeli\u0161\u010dnih ekstraktov Smo strokovnjaki za postopke pridobivanja vseh vrst eteri\u010dnih olj. Na\u0161e surovine lahko v celotnem spektru razred\u010dimo z nosilnimi olji, [&hellip;]\" \/>\n<meta property=\"og:url\" content=\"https:\/\/erbetix.com\/sl\/o-nas\/\" \/>\n<meta property=\"og:site_name\" content=\"Erbetix\" \/>\n<meta property=\"article:modified_time\" content=\"2020-09-04T12:35:10+00:00\" \/>\n<meta name=\"twitter:card\" content=\"summary_large_image\" \/>\n<meta name=\"twitter:label1\" content=\"Est. reading time\" \/>\n\t<meta name=\"twitter:data1\" content=\"1 minuta\" \/>\n<script type=\"application\/ld+json\" class=\"yoast-schema-graph\">{\"@context\":\"https:\\\/\\\/schema.org\",\"@graph\":[{\"@type\":\"WebPage\",\"@id\":\"https:\\\/\\\/erbetix.com\\\/sl\\\/o-nas\\\/\",\"url\":\"https:\\\/\\\/erbetix.com\\\/sl\\\/o-nas\\\/\",\"name\":\"O nas - Erbetix\",\"isPartOf\":{\"@id\":\"https:\\\/\\\/erbetix.com\\\/sl\\\/#website\"},\"datePublished\":\"2020-08-19T12:55:31+00:00\",\"dateModified\":\"2020-09-04T12:35:10+00:00\",\"breadcrumb\":{\"@id\":\"https:\\\/\\\/erbetix.com\\\/sl\\\/o-nas\\\/#breadcrumb\"},\"inLanguage\":\"sl-SI\",\"potentialAction\":[{\"@type\":\"ReadAction\",\"target\":[\"https:\\\/\\\/erbetix.com\\\/sl\\\/o-nas\\\/\"]}]},{\"@type\":\"BreadcrumbList\",\"@id\":\"https:\\\/\\\/erbetix.com\\\/sl\\\/o-nas\\\/#breadcrumb\",\"itemListElement\":[{\"@type\":\"ListItem\",\"position\":1,\"name\":\"Home\",\"item\":\"https:\\\/\\\/erbetix.com\\\/sl\\\/\"},{\"@type\":\"ListItem\",\"position\":2,\"name\":\"O nas\"}]},{\"@type\":\"WebSite\",\"@id\":\"https:\\\/\\\/erbetix.com\\\/sl\\\/#website\",\"url\":\"https:\\\/\\\/erbetix.com\\\/sl\\\/\",\"name\":\"Erbetix\",\"description\":\"The highest quality products and services in the herbal extract industry.\",\"potentialAction\":[{\"@type\":\"SearchAction\",\"target\":{\"@type\":\"EntryPoint\",\"urlTemplate\":\"https:\\\/\\\/erbetix.com\\\/sl\\\/?s={search_term_string}\"},\"query-input\":{\"@type\":\"PropertyValueSpecification\",\"valueRequired\":true,\"valueName\":\"search_term_string\"}}],\"inLanguage\":\"sl-SI\"}]}<\/script>\n<!-- \/ Yoast SEO plugin. -->","yoast_head_json":{"title":"O nas - Erbetix","robots":{"index":"index","follow":"follow","max-snippet":"max-snippet:-1","max-image-preview":"max-image-preview:large","max-video-preview":"max-video-preview:-1"},"canonical":"https:\/\/erbetix.com\/sl\/o-nas\/","og_locale":"sl_SI","og_type":"article","og_title":"O nas - Erbetix","og_description":"[vc_row css=&#8221;.vc_custom_1597835718218{padding-top: 100px !important;padding-bottom: 80px !important;background-image: url(https:\/\/erbetix.com\/wp-content\/uploads\/2020\/08\/Asset-4@2x.png?id=2598) !important;background-position: center !important;background-repeat: no-repeat !important;background-size: cover !important;}&#8221;][vc_column][vc_column_text] Kaj po\u010dnemo [\/vc_column_text][\/vc_column][\/vc_row][vc_row wrap_container=&#8221;yes&#8221; css=&#8221;.vc_custom_1520146469968{margin-bottom: 30px !important;padding-top: 30px !important;padding-bottom: 30px !important;background-color: #ffffff !important;}&#8221;][vc_column][vc_column_text] Najvi\u0161ja kakovost izdelkov in storitev v industriji zeli\u0161\u010dnih ekstraktov Smo strokovnjaki za postopke pridobivanja vseh vrst eteri\u010dnih olj. Na\u0161e surovine lahko v celotnem spektru razred\u010dimo z nosilnimi olji, [&hellip;]","og_url":"https:\/\/erbetix.com\/sl\/o-nas\/","og_site_name":"Erbetix","article_modified_time":"2020-09-04T12:35:10+00:00","twitter_card":"summary_large_image","twitter_misc":{"Est. reading time":"1 minuta"},"schema":{"@context":"https:\/\/schema.org","@graph":[{"@type":"WebPage","@id":"https:\/\/erbetix.com\/sl\/o-nas\/","url":"https:\/\/erbetix.com\/sl\/o-nas\/","name":"O nas - Erbetix","isPartOf":{"@id":"https:\/\/erbetix.com\/sl\/#website"},"datePublished":"2020-08-19T12:55:31+00:00","dateModified":"2020-09-04T12:35:10+00:00","breadcrumb":{"@id":"https:\/\/erbetix.com\/sl\/o-nas\/#breadcrumb"},"inLanguage":"sl-SI","potentialAction":[{"@type":"ReadAction","target":["https:\/\/erbetix.com\/sl\/o-nas\/"]}]},{"@type":"BreadcrumbList","@id":"https:\/\/erbetix.com\/sl\/o-nas\/#breadcrumb","itemListElement":[{"@type":"ListItem","position":1,"name":"Home","item":"https:\/\/erbetix.com\/sl\/"},{"@type":"ListItem","position":2,"name":"O nas"}]},{"@type":"WebSite","@id":"https:\/\/erbetix.com\/sl\/#website","url":"https:\/\/erbetix.com\/sl\/","name":"Erbetix","description":"The highest quality products and services in the herbal extract industry.","potentialAction":[{"@type":"SearchAction","target":{"@type":"EntryPoint","urlTemplate":"https:\/\/erbetix.com\/sl\/?s={search_term_string}"},"query-input":{"@type":"PropertyValueSpecification","valueRequired":true,"valueName":"search_term_string"}}],"inLanguage":"sl-SI"}]}},"_links":{"self":[{"href":"https:\/\/erbetix.com\/sl\/wp-json\/wp\/v2\/pages\/2623","targetHints":{"allow":["GET"]}}],"collection":[{"href":"https:\/\/erbetix.com\/sl\/wp-json\/wp\/v2\/pages"}],"about":[{"href":"https:\/\/erbetix.com\/sl\/wp-json\/wp\/v2\/types\/page"}],"author":[{"embeddable":true,"href":"https:\/\/erbetix.com\/sl\/wp-json\/wp\/v2\/users\/1"}],"replies":[{"embeddable":true,"href":"https:\/\/erbetix.com\/sl\/wp-json\/wp\/v2\/comments?post=2623"}],"version-history":[{"count":4,"href":"https:\/\/erbetix.com\/sl\/wp-json\/wp\/v2\/pages\/2623\/revisions"}],"predecessor-version":[{"id":3217,"href":"https:\/\/erbetix.com\/sl\/wp-json\/wp\/v2\/pages\/2623\/revisions\/3217"}],"wp:attachment":[{"href":"https:\/\/erbetix.com\/sl\/wp-json\/wp\/v2\/media?parent=2623"}],"curies":[{"name":"wp","href":"https:\/\/api.w.org\/{rel}","templated":true}]}}