{"id":2684,"date":"2020-08-25T11:30:53","date_gmt":"2020-08-25T11:30:53","guid":{"rendered":"https:\/\/erbetix.com\/?page_id=2684"},"modified":"2020-09-01T10:02:10","modified_gmt":"2020-09-01T08:02:10","slug":"politika-zasebnosti-in-piskotkov-erbetix","status":"publish","type":"page","link":"https:\/\/erbetix.com\/sl\/politika-zasebnosti-in-piskotkov-erbetix\/","title":{"rendered":"Politika zasebnosti in pi\u0161kotkov &#8211; Erbetix"},"content":{"rendered":"\n<p><strong>POLITIKA VARSTVA OSEBNIH PODATKOV<\/strong><strong><\/strong><\/p>\n\n\n\n<p>Va\u0161e podatke bomo uporabili izklju\u010dno za namene obve\u0161\u010danja o na\u0161ih dogodkih ter za po\u0161iljanje vseh drugih obvestil, povezanih z na\u0161o dejavnostjo. Zbrane osebne podatke bomo varovali v skladu z ZVOP-1, ZEPT in GDPR in javnosti ne bodo dostopni.<\/p>\n\n\n\n<p><strong>1. Upravljalec<\/strong><\/p>\n\n\n\n<p>Uradno ime: EKO SITO d.o.o.<\/p>\n\n\n\n<p>Sede\u017e: So\u0161ka cesta 17, Solkan, 5250 Solkan<\/p>\n\n\n\n<p>Kontaktni podatki poobla\u0161\u010dene osebe za varstvo podatkov: So\u0161ka cesta 17, Solkan, 5250 Solkan, e-po\u0161ta: info@erbetix.com<\/p>\n\n\n\n<p><strong>2. Uporaba, obseg in namen hranjena in obdelave<\/strong><\/p>\n\n\n\n<p>Osebne podatke hranimo in obdelujemo za namene ohranjevanja stika s strankami, obve\u0161\u010danja prek elektronske po\u0161te o na\u0161ih storitvah, dogodkih ipd., profiliranja strank s ciljem prilagojene ponudbe vsebin strankam v elektronski po\u0161ti in na spletnih straneh. Ob poslanih elektronskih sporo\u010dilih si zabele\u017eimo prikaze na strani posameznikov prejetih sporo\u010dil in klike na povezave v prejetih sporo\u010dilih. Za bolj\u0161o in bolj usmerjeno ponudbo ter prilagajanje nadaljnjih sporo\u010dil zabele\u017eene podatke avtomatsko obdelamo, analiziramo, profiliramo ter ocenjujemo zainteresiranost na\u0161ih strank za poslana sporo\u010dila. Na osnovi zabele\u017eenih podatkov ne izvajamo avtomatiziranega sprejemanja odlo\u010ditev.<\/p>\n\n\n\n<p>Za namen obve\u0161\u010danja z elektronsko po\u0161to hranimo slede\u010de podatke:<\/p>\n\n\n\n<ul class=\"wp-block-list\"><li>Naslov elektronske po\u0161te,<\/li><li>ime,<\/li><li>telefonska \u0161tevilka,<\/li><\/ul>\n\n\n\n<p>ki jih uporabnik vnese preko obrazca na spletnem mestu. Za to\u010dnost podatkov, ki jih vnesete uporabniki, ne odgovarjamo.<\/p>\n\n\n\n<p>Z uporabnikovim dostopom do spletnega mesta bele\u017eimo in spremljamo podatke, ki bi lahko slu\u017eili za identifikacijo (IP-naslov ra\u010dunalnika, datum in \u010das, iz katerega spletnega mesta dostopa, obiskane strani ter tip brskalnik). Tako zbrane podatke lahko uporabimo anonimno v statisti\u010dne namene. Uporabnik prevzame v celoti odgovornost za verodostojnost in to\u010dnost osebnih podatkov ter kontaktnih informacij, ki so nam bile posredovane.<\/p>\n\n\n\n<p>S pridobljenimi podatki o uporabniku bomo ravnali v skladu splo\u0161nimi pogoji in veljavno zakonodajo Zakonom o varstvu osebnih podatkov (ZVOP-1-UPB1). (Uradni list RS, \u0161t. 59\/1999, 57\/2001, 59\/2011 in Obligacijski zakonik).<\/p>\n\n\n\n<p><strong>3. Ravnanje s podatki<\/strong><\/p>\n\n\n\n<p>Upravljalec spletnega mesta in uporabnik sogla\u0161ata, da so podatki do katerih je omogo\u010den dostop pri elektronskih storitvah lahko osebni podatki, ki se \u0161teje za poslovno skrivnost ter jih bosta zato primerno varovala in jih brez ustrezne pravne podlage ne bosta razkrivala tretjim osebam. Upravljalec spletnega mesta se obvezuje profesionalno in strokovno izvajati elektronske storitve v skladu z na\u010deli in standardi informacijske varnosti. Varnost in hrambo podatkov zagotavlja v skladu s svojimi notranjimi pravili, v katerih predvidi vse potrebne organizacijske, tehni\u010dne in logi\u010dno-tehni\u010dne postopke in ukrepe za zagotavljanje informacijske varnosti, varstva osebnih podatkov in varno elektronsko hrambo.<\/p>\n\n\n\n<p><strong>4. Omejitev odgovornosti<\/strong><\/p>\n\n\n\n<p>Vsa besedila, slike ter ostale vsebine, ki so prikazane na spletni strani, je izbral in uredil lastnik in so zgolj informativni podatki. Kljub njihovi informativni naravi, lastnik, v primeru, da bi radi z njim sodelovali na poslovni ravni, ne odgovarja za natan\u010dnost in to\u010dnost navedenih podatkov.<\/p>\n\n\n\n<p>Vsa besedila na spletni strani so za\u0161\u010ditena, \u010de lastnik spletne strani ne dolo\u010di druga\u010de. To vklju\u010duje tudi vse lastnikove logotipe ter slikovno gradivo.<\/p>\n\n\n\n<p>Ta spletna stran vsebuje tudi informacije in povezave s spletnimi mesti tretjih oseb. Vendar EKO SITO ne pozna celotne vsebine na spletnih straneh tretjih oseb in zato ne prevzema nobene odgovornosti za tam navedene informacije. Prav tako EKO SITO ne prevzema odgovornosti pri spo\u0161tovanju zasebnosti na spletnih straneh tretjih oseb.<\/p>\n\n\n\n<p><strong>5. Iznos podatkov<\/strong><\/p>\n\n\n\n<p>Zbirke osebnih podatkov hranimo na obmo\u010dju Republike Slovenije ter jih ne izna\u0161amo v druge dr\u017eave.<\/p>\n\n\n\n<p><strong>6. Obdobje hrambe<\/strong><\/p>\n\n\n\n<p>Osebne podatke posameznika hranimo do preklica soglasja za hranjenje in obdelavo podatkov posameznika. Po preklicu soglasja posameznika njegove osebne podatke nemudoma u\u010dinkovito in trajno izbri\u0161emo.<\/p>\n\n\n\n<p>V kolikor bi v EKO SITO prenehali zgoraj opisani nameni, zaradi katerih hranimo in obdelujemo osebne podatke, bomo zbirke podatkov, katerih namen je prenehal, nemudoma u\u010dinkovito in trajno izbrisali.<\/p>\n\n\n\n<p>Podatke o prikazih prejetih sporo\u010dil in klikih na povezave v prejetih sporo\u010dilih hranimo \u0161e 12 mesecev od po\u0161iljanja sporo\u010dila.<\/p>\n\n\n\n<p><strong>7. Pravice posameznika (osebe)<\/strong><\/p>\n\n\n\n<p>Vsak posameznik lahko za svoje podatke kadarkoli zahteva:<\/p>\n\n\n\n<ul class=\"wp-block-list\"><li>Vpogled,<\/li><li>popravek,<\/li><li>popoln izbris,<\/li><\/ul>\n\n\n\n<p>prekinitev obdelave in hranjenja oz. preklic soglasja za obdelavo in hranjenje, ne da bi to vplivalo na zakonitost obdelave, ki se je na podlagi privolitve oz. soglasja izvajala do njegovega preklica.<\/p>\n\n\n\n<p>V primeru, da bi EKO SITO \u017eelel nadalje obdelovati osebne podatke za namen, ki ni namen, za katerega so bili osebni podatki zbrani, bomo posamezniku pred tako nadaljnjo obdelavo podatkov zagotovili informacije o tem drugem namenu in vse nadaljnje relevantne informacije, kot so podane v temu dokumentu.<\/p>\n\n\n\n<p>Vsak posameznik lahko v primeru, da meni, da so mu z na\u0161e strani kakorkoli kr\u0161ene pravice z naslova varstva njegovih osebnih podatkov, kadarkoli poda prito\u017ebo pri nadzornemu organu \u2013 Informacijskemu pobla\u0161\u010dencu v Republiki Sloveniji: Republika Slovenija, Informacijski pobla\u0161\u010denec, Zalo\u0161ka 59, 1000 Ljubljana, http:\/\/www.ip-rs.si<\/p>\n\n\n\n<p>Storili bomo vse, kar je v na\u0161i mo\u010di, da posamezniku pomagamo pri uveljavljanju svojih pravic.<\/p>\n\n\n\n<p><strong>Pravno obvestilo<\/strong><\/p>\n\n\n\n<p>Vse vsebine, objavljene na erbetix.com so last EKO SITO in se jih brez dovoljenja EKO SITO d.o.o. ne sme kopirati, razmno\u017eevati ali distribuirati na kakr\u0161en koli drug na\u010din. EKO SITO d.o.o. ni odgovorno za morebitne ob\u010dasne te\u017eave pri delovanju spletne strani erbetix.com morebitno neto\u010dnost informacij in tudi ne za morebitno \u0161kodo, nastalo zaradi uporabe neto\u010dnih ali nepopolnih informacij EKO SITO d.o.o. si pridr\u017euje pravico do sprememb vsebin, objavljenih na spletni strani erbetix.com.<\/p>\n\n\n\n<p>EKO SITO d.o.o. lahko te pogoje kadar koli spremeni, spremembe zavezujejo uporabnike spletne strani oziroma portala z dnem objave spremembe, zato uporabnikom priporo\u010damo pogosto seznanitev z njihovo vsebino. Ti pogoji veljajo za vse nadgradnje, nove verzije ali kakr\u0161nekoli druge spremembe portala oziroma spletne strani. Za optimizirano uporabo spletnih strani in portala se priporo\u010da uporabo novej\u0161ih razli\u010dic spletnih brskalnikov.<\/p>\n\n\n\n<p><strong>POLITIKA PI\u0160KOTKOV<\/strong><\/p>\n\n\n\n<p><strong>1. O pi\u0161kotkih<\/strong><\/p>\n\n\n\n<p>Pi\u0161kotek je majhna datoteka, ki jo obiskana spletno stran po\u0161lje v va\u0161 ra\u010dunalnik in shrani v njem. Edino ta spletna stran lahko poi\u0161\u010de in prebere posamezen pi\u0161kotek. Vsak pi\u0161kotek je edinstven za brskalnik, ki ga uporabljate za obisk spletnih strani. Pi\u0161kotki niso programska oprema in niso \u0161kodljivi za va\u0161 ra\u010dunalnik. Ne vsebujejo ra\u010dunalni\u0161ke kode in ne shranjujejo ob\u010dutljivih podatkov, ki bi lahko vodili do va\u0161e identifikacije.Ve\u010d osnovnih informacij o pi\u0161kotkih si lahko ogledate na \u010dlanku Wikipedie na temo HTTP pi\u0161kotkov.<\/p>\n\n\n\n<p><strong>2. Uporaba pi\u0161kotkov<\/strong><\/p>\n\n\n\n<p>Pi\u0161kotke se uporablja za identifikacijo va\u0161ega ra\u010dunalnika ob vsakem obisku spletne strani ter vam omogo\u010da la\u017eje premikanje po strani, tako za trajanje va\u0161ega obiska strani ali za ve\u010dkratne obiske.<\/p>\n\n\n\n<p>Pi\u0161kotke se uporablja za shranjevanje uporabni\u0161kih imen, gesel in nastavitev. Omogo\u010dajo hitrej\u0161e delovanje in bolj osebno storitev za vas. \u010ce spletna stran ne uporablja pi\u0161kotkov, vas pri vsakem obisku spletne strani ali medmre\u017eja prepozna kot novega obiskovalca vsaki\u010d, ko ponovno obi\u0161\u010dete spletno stran ali premaknete na novo stran.<\/p>\n\n\n\n<p><strong>3. Onemogo\u010danje pi\u0161kotkov<\/strong><\/p>\n\n\n\n<p>Veliko spletnih brskalnikov ponuja mo\u017enost opcije predhodnega opozorila o shranjevanju pi\u0161kotkov oziroma blokiranju le teh. Zavedajte se, da v kolikor zbri\u0161ete na\u0161e pi\u0161kotke ali blokirate nadaljnje pi\u0161kotke, morda ne boste ve\u010d imeli dostopa do dolo\u010denih delov ali vsebine na\u0161e spletne strani. To lahko na primer pomeni, da bi lahko imeli te\u017eave pri prijavi. Ve\u010d informacij o brisanju ali upravljanju s pi\u0161kotki dobite na www.AboutCookies.org. Priporo\u010damo vam, da ne onemogo\u010date pi\u0161kotkov.<\/p>\n\n\n\n<p><strong>4. Pi\u0161kotki, ki jih uporabljamo<\/strong><\/p>\n\n\n\n<p>Uporabljamo pi\u0161kotke, ki se nana\u0161ajo na pravilen prikaz in delovanje spletne strani. Praviloma so to t.i. \u201csession cookies\u201d, ki so odstranjeni takoj ko zaklju\u010dite z obiskom. Ti pi\u0161koti zagotavljajo pravilen prikaz vsebine.<\/p>\n\n\n\n<p><strong>5. Third Party pi\u0161kotki<\/strong><\/p>\n\n\n\n<p>Pi\u0161kotke lahko nastavi spletna stran, ki ste jo obiskali (first party cookies) ali druge spletne strani, ki prikazujejo vsebino, ki jo gledate (third party cookies). Spodaj najdete preglednico v kateri je naveden glavni pi\u0161kotek, ki se uporablja na tej spletni strani, s pojasnilom, kje se pojavlja in s kak\u0161nim namenom.<\/p>\n\n\n\n<p>Za ve\u010d informacij o Google Analytics pi\u0161kotkih si lahko pogledate na uradni spletni strani Google Analitics.<\/p>\n\n\n\n<p><strong>6. Ve\u010d informacij<\/strong><\/p>\n\n\n\n<p>V kolikor niste prepri\u010dani ali morate omogo\u010diti delovanje pi\u0161kotkov ali ne je varneje omogo\u010diti njihovo delovanje. V kolikor potrebujete \u0161e kak\u0161no informacijo nas lahko kontaktirate preko:<\/p>\n\n\n\n<p>Email: info@erbetix.com<\/p>\n","protected":false},"excerpt":{"rendered":"<p>POLITIKA VARSTVA OSEBNIH PODATKOV Va\u0161e podatke bomo uporabili izklju\u010dno za namene obve\u0161\u010danja o na\u0161ih dogodkih ter za po\u0161iljanje vseh drugih obvestil, povezanih z na\u0161o dejavnostjo. Zbrane osebne podatke bomo varovali v skladu z ZVOP-1, ZEPT in GDPR in javnosti ne bodo dostopni. 1. Upravljalec Uradno ime: EKO SITO d.o.o. Sede\u017e: So\u0161ka cesta 17, Solkan, 5250 [&hellip;]<\/p>\n","protected":false},"author":2,"featured_media":0,"parent":0,"menu_order":0,"comment_status":"closed","ping_status":"open","template":"","meta":{"footnotes":""},"class_list":["post-2684","page","type-page","status-publish","hentry"],"yoast_head":"<!-- This site is optimized with the Yoast SEO plugin v27.3 - https:\/\/yoast.com\/product\/yoast-seo-wordpress\/ -->\n<title>Politika zasebnosti in pi\u0161kotkov - Erbetix - Erbetix<\/title>\n<meta name=\"robots\" content=\"index, follow, max-snippet:-1, max-image-preview:large, max-video-preview:-1\" \/>\n<link rel=\"canonical\" href=\"https:\/\/erbetix.com\/sl\/politika-zasebnosti-in-piskotkov-erbetix\/\" \/>\n<meta property=\"og:locale\" content=\"sl_SI\" \/>\n<meta property=\"og:type\" content=\"article\" \/>\n<meta property=\"og:title\" content=\"Politika zasebnosti in pi\u0161kotkov - Erbetix - Erbetix\" \/>\n<meta property=\"og:description\" content=\"POLITIKA VARSTVA OSEBNIH PODATKOV Va\u0161e podatke bomo uporabili izklju\u010dno za namene obve\u0161\u010danja o na\u0161ih dogodkih ter za po\u0161iljanje vseh drugih obvestil, povezanih z na\u0161o dejavnostjo. Zbrane osebne podatke bomo varovali v skladu z ZVOP-1, ZEPT in GDPR in javnosti ne bodo dostopni. 1. Upravljalec Uradno ime: EKO SITO d.o.o. Sede\u017e: So\u0161ka cesta 17, Solkan, 5250 [&hellip;]\" \/>\n<meta property=\"og:url\" content=\"https:\/\/erbetix.com\/sl\/politika-zasebnosti-in-piskotkov-erbetix\/\" \/>\n<meta property=\"og:site_name\" content=\"Erbetix\" \/>\n<meta property=\"article:modified_time\" content=\"2020-09-01T08:02:10+00:00\" \/>\n<meta name=\"twitter:card\" content=\"summary_large_image\" \/>\n<meta name=\"twitter:label1\" content=\"Est. reading time\" \/>\n\t<meta name=\"twitter:data1\" content=\"7 minut\" \/>\n<script type=\"application\/ld+json\" class=\"yoast-schema-graph\">{\"@context\":\"https:\\\/\\\/schema.org\",\"@graph\":[{\"@type\":\"WebPage\",\"@id\":\"https:\\\/\\\/erbetix.com\\\/sl\\\/politika-zasebnosti-in-piskotkov-erbetix\\\/\",\"url\":\"https:\\\/\\\/erbetix.com\\\/sl\\\/politika-zasebnosti-in-piskotkov-erbetix\\\/\",\"name\":\"Politika zasebnosti in pi\u0161kotkov - Erbetix - Erbetix\",\"isPartOf\":{\"@id\":\"https:\\\/\\\/erbetix.com\\\/sl\\\/#website\"},\"datePublished\":\"2020-08-25T11:30:53+00:00\",\"dateModified\":\"2020-09-01T08:02:10+00:00\",\"breadcrumb\":{\"@id\":\"https:\\\/\\\/erbetix.com\\\/sl\\\/politika-zasebnosti-in-piskotkov-erbetix\\\/#breadcrumb\"},\"inLanguage\":\"sl-SI\",\"potentialAction\":[{\"@type\":\"ReadAction\",\"target\":[\"https:\\\/\\\/erbetix.com\\\/sl\\\/politika-zasebnosti-in-piskotkov-erbetix\\\/\"]}]},{\"@type\":\"BreadcrumbList\",\"@id\":\"https:\\\/\\\/erbetix.com\\\/sl\\\/politika-zasebnosti-in-piskotkov-erbetix\\\/#breadcrumb\",\"itemListElement\":[{\"@type\":\"ListItem\",\"position\":1,\"name\":\"Home\",\"item\":\"https:\\\/\\\/erbetix.com\\\/sl\\\/\"},{\"@type\":\"ListItem\",\"position\":2,\"name\":\"Politika zasebnosti in pi\u0161kotkov &#8211; Erbetix\"}]},{\"@type\":\"WebSite\",\"@id\":\"https:\\\/\\\/erbetix.com\\\/sl\\\/#website\",\"url\":\"https:\\\/\\\/erbetix.com\\\/sl\\\/\",\"name\":\"Erbetix\",\"description\":\"The highest quality products and services in the herbal extract industry.\",\"potentialAction\":[{\"@type\":\"SearchAction\",\"target\":{\"@type\":\"EntryPoint\",\"urlTemplate\":\"https:\\\/\\\/erbetix.com\\\/sl\\\/?s={search_term_string}\"},\"query-input\":{\"@type\":\"PropertyValueSpecification\",\"valueRequired\":true,\"valueName\":\"search_term_string\"}}],\"inLanguage\":\"sl-SI\"}]}<\/script>\n<!-- \/ Yoast SEO plugin. -->","yoast_head_json":{"title":"Politika zasebnosti in pi\u0161kotkov - Erbetix - Erbetix","robots":{"index":"index","follow":"follow","max-snippet":"max-snippet:-1","max-image-preview":"max-image-preview:large","max-video-preview":"max-video-preview:-1"},"canonical":"https:\/\/erbetix.com\/sl\/politika-zasebnosti-in-piskotkov-erbetix\/","og_locale":"sl_SI","og_type":"article","og_title":"Politika zasebnosti in pi\u0161kotkov - Erbetix - Erbetix","og_description":"POLITIKA VARSTVA OSEBNIH PODATKOV Va\u0161e podatke bomo uporabili izklju\u010dno za namene obve\u0161\u010danja o na\u0161ih dogodkih ter za po\u0161iljanje vseh drugih obvestil, povezanih z na\u0161o dejavnostjo. Zbrane osebne podatke bomo varovali v skladu z ZVOP-1, ZEPT in GDPR in javnosti ne bodo dostopni. 1. Upravljalec Uradno ime: EKO SITO d.o.o. Sede\u017e: So\u0161ka cesta 17, Solkan, 5250 [&hellip;]","og_url":"https:\/\/erbetix.com\/sl\/politika-zasebnosti-in-piskotkov-erbetix\/","og_site_name":"Erbetix","article_modified_time":"2020-09-01T08:02:10+00:00","twitter_card":"summary_large_image","twitter_misc":{"Est. reading time":"7 minut"},"schema":{"@context":"https:\/\/schema.org","@graph":[{"@type":"WebPage","@id":"https:\/\/erbetix.com\/sl\/politika-zasebnosti-in-piskotkov-erbetix\/","url":"https:\/\/erbetix.com\/sl\/politika-zasebnosti-in-piskotkov-erbetix\/","name":"Politika zasebnosti in pi\u0161kotkov - Erbetix - Erbetix","isPartOf":{"@id":"https:\/\/erbetix.com\/sl\/#website"},"datePublished":"2020-08-25T11:30:53+00:00","dateModified":"2020-09-01T08:02:10+00:00","breadcrumb":{"@id":"https:\/\/erbetix.com\/sl\/politika-zasebnosti-in-piskotkov-erbetix\/#breadcrumb"},"inLanguage":"sl-SI","potentialAction":[{"@type":"ReadAction","target":["https:\/\/erbetix.com\/sl\/politika-zasebnosti-in-piskotkov-erbetix\/"]}]},{"@type":"BreadcrumbList","@id":"https:\/\/erbetix.com\/sl\/politika-zasebnosti-in-piskotkov-erbetix\/#breadcrumb","itemListElement":[{"@type":"ListItem","position":1,"name":"Home","item":"https:\/\/erbetix.com\/sl\/"},{"@type":"ListItem","position":2,"name":"Politika zasebnosti in pi\u0161kotkov &#8211; Erbetix"}]},{"@type":"WebSite","@id":"https:\/\/erbetix.com\/sl\/#website","url":"https:\/\/erbetix.com\/sl\/","name":"Erbetix","description":"The highest quality products and services in the herbal extract industry.","potentialAction":[{"@type":"SearchAction","target":{"@type":"EntryPoint","urlTemplate":"https:\/\/erbetix.com\/sl\/?s={search_term_string}"},"query-input":{"@type":"PropertyValueSpecification","valueRequired":true,"valueName":"search_term_string"}}],"inLanguage":"sl-SI"}]}},"_links":{"self":[{"href":"https:\/\/erbetix.com\/sl\/wp-json\/wp\/v2\/pages\/2684","targetHints":{"allow":["GET"]}}],"collection":[{"href":"https:\/\/erbetix.com\/sl\/wp-json\/wp\/v2\/pages"}],"about":[{"href":"https:\/\/erbetix.com\/sl\/wp-json\/wp\/v2\/types\/page"}],"author":[{"embeddable":true,"href":"https:\/\/erbetix.com\/sl\/wp-json\/wp\/v2\/users\/2"}],"replies":[{"embeddable":true,"href":"https:\/\/erbetix.com\/sl\/wp-json\/wp\/v2\/comments?post=2684"}],"version-history":[{"count":2,"href":"https:\/\/erbetix.com\/sl\/wp-json\/wp\/v2\/pages\/2684\/revisions"}],"predecessor-version":[{"id":3175,"href":"https:\/\/erbetix.com\/sl\/wp-json\/wp\/v2\/pages\/2684\/revisions\/3175"}],"wp:attachment":[{"href":"https:\/\/erbetix.com\/sl\/wp-json\/wp\/v2\/media?parent=2684"}],"curies":[{"name":"wp","href":"https:\/\/api.w.org\/{rel}","templated":true}]}}