{"id":3568,"date":"2020-12-04T11:14:20","date_gmt":"2020-12-04T10:14:20","guid":{"rendered":"https:\/\/erbetix.com\/?post_type=product&#038;p=3568"},"modified":"2026-03-12T07:44:03","modified_gmt":"2026-03-12T06:44:03","slug":"sladki-pelin-ekstrakt-kapljice-artemisia-annua-l","status":"publish","type":"product","link":"https:\/\/erbetix.com\/sl\/izdelek\/sladki-pelin-ekstrakt-kapljice-artemisia-annua-l\/","title":{"rendered":"Sladki pelin ekstrakt kapljice (Artemisia annua L.)"},"content":{"rendered":"<p><strong>ERBETIX kapljice sladki pelin<\/strong> so popolnoma naravno pridelane premium kapljice z izvle\u010dkom sladkega pelina, vzgojenega na son\u010dnih ravnicah Prlekije in skrbno, ro\u010dno obranega. Ekstrakt je pridobljen pod budnim o\u010desom priznanega strokovnjaka v na\u0161em najnovej\u0161em ekstrakcijskem centru nedale\u010d stran. Idealni, naravni pogoji za vzgojo grmov rastline ter preverjen postopek ekstrakcije zagotavljajo izredno visoko vsebnost artemizinina, najbolj za\u017eelene u\u010dinkovine sladkega pelina.<\/p>\n<p>Sladki pelin je trenutno ena izmed najbolj iskanih zdravilnih rastlin na svetu, njene blagodejne u\u010dinke pa \u017ee tiso\u010dletja pozna tradicionalna kitajska medicina. Tradicionalno modrost je sodobna znanost potrdila leta 2015, ko je z Nobelovo nagrado odlikovala kitajsko farmakologinjo Joujou Tu. Njeno raziskovanje je namre\u010d vodilo v odkritje artemizinina, glavne u\u010dinkovine sladkega pelina, katerega derivat so uspe\u0161no uporabili kot zdravilo proti malariji. Ker pa ima polni spekter rastlinskih u\u010dinkovin sladkega pelina tudi mnoge druge \u010dloveku koristne lastnosti, ta zaseda prav posebno mesto tudi v na\u0161i ERBETIX liniji zeli\u0161\u010dnih ekstraktov.<\/p>\n<p><strong>LASTNOSTI:<\/strong><\/p>\n<ul class=\"alineja\">\n<li>pridobljeno z najnovej\u0161o metodo ekstrakcije, ki ohranja celoten rastlinski spekter ter sve\u017eino in mo\u010dan duh rastline<\/li>\n<li>100% rastlinskega izvora<\/li>\n<li>pridelano in polnjeno v Sloveniji<\/li>\n<li>visoka vsebnost artemizinina, ki je poglavitna u\u010dinkovina, ter vseh ostalih koristnih snovi<\/li>\n<li>ro\u010dno obrane in obdelane rastline<\/li>\n<li>brez GSO, konzervansov, glutena ter umetnih sladil<\/li>\n<li>primerno za vegane<\/li>\n<li>izdelek je laboratorijsko testiran in v skladu s strogimi evropskimi predpisi<\/li>\n<li>brez vsebnosti alkohola ali kakr\u0161nihkoli ostankov topil<\/li>\n<li>ekstrakt sladkega pelina je kvantificiran<\/li>\n<\/ul>\n<p><strong>UPORABA:<\/strong><\/p>\n<ul class=\"alineja\">\n<li>\u00bd kapalke 2 do 4 krat dnevno<\/li>\n<li>shranjujte v temnem in hladnem prostoru<\/li>\n<\/ul>\n<p><strong>OPOZORILA:<\/strong><\/p>\n<p>Izdelek ni namenjen zau\u017eitju. Priporo\u010denih dnevnih koli\u010din se ne sme prekora\u010diti. Izdelek ni namenjen prepre\u010devanju ali zdravljenju bolezni ali zdravstvenih stanj. Izdelka ne uporabljajte, \u010de ste alergi\u010dni na katerokoli od sestavin. Prenehajte z uporabo ob preob\u010dutljivosti. Izdelek ni primeren za nose\u010dnice in doje\u010de matere. Izdelek ni primeren za otroke in mladostnike do starosti 18 let.<\/p>\n","protected":false},"excerpt":{"rendered":"<p>Erbetix kapljice s sladkim pelinom odlikujeta izrazit vonj in okus ter celotni spekter rastlinskih u\u010dinkovin. Izvle\u010dek je raztopljen v naravnem, hladno stiskanem olju oljne ogr\u0161\u010dice. 50 ml stekleni\u010dka vsebuje 50 mg artemizinina.<\/p>\n<p>Izdelek ni prehransko dopolnilo in ni namenjen zau\u017eitju.<\/p>\n<p>Sladki pelin je v zadnjih letih predmet \u0161tevilnih raziskav s podro\u010dja znanosti, prav tako pa je tudi dodobra opisan v tradicionalni uporabi.<\/p>\n<ul class=\"alineja\">\n<li><strong>50 ml stekleni\u010dka vsebuje 50 mg artemizinina.<\/strong><\/li>\n<li><strong>organsko pridelano s celotnim rastlinskim spektrom<\/strong><\/li>\n<li><strong>slovenski proizvod<\/strong><\/li>\n<li><strong>ne vsebuje alkohola ali drugih ostankov topil<\/strong><\/li>\n<li><strong>brez GSO, glutena, umetnih barvil in arom<\/strong><\/li>\n<li><strong>primerno za vegetarijance in vegane<\/strong><\/li>\n<\/ul>\n","protected":false},"featured_media":3557,"comment_status":"open","ping_status":"closed","template":"","meta":[],"product_brand":[],"product_cat":[121,230],"product_tag":[],"class_list":{"0":"post-3568","1":"product","2":"type-product","3":"status-publish","4":"has-post-thumbnail","6":"product_cat-erbeoils-sl","7":"product_cat-sladki-pelin","9":"first","10":"instock","11":"featured","12":"taxable","13":"shipping-taxable","14":"purchasable","15":"product-type-simple"},"yoast_head":"<!-- This site is optimized with the Yoast SEO plugin v27.3 - https:\/\/yoast.com\/product\/yoast-seo-wordpress\/ -->\n<title>Sladki Pelin ekstrakt - Kapljice sladkega pelina - Artemisia annua - Erbetix<\/title>\n<meta name=\"description\" content=\"Sladki pelin ekstrakt - 100% naravne kapljice sladkega pelina - Artemisia annua L. - Polni spekter u\u010dinkovin - Spletna prodaja Erbetix.com\" \/>\n<meta name=\"robots\" content=\"index, follow, max-snippet:-1, max-image-preview:large, max-video-preview:-1\" \/>\n<link rel=\"canonical\" href=\"https:\/\/erbetix.com\/sl\/izdelek\/sladki-pelin-ekstrakt-kapljice-artemisia-annua-l\/\" \/>\n<meta property=\"og:locale\" content=\"sl_SI\" \/>\n<meta property=\"og:type\" content=\"article\" \/>\n<meta property=\"og:title\" content=\"Sladki Pelin ekstrakt - Kapljice sladkega pelina - Artemisia annua - Erbetix\" \/>\n<meta property=\"og:description\" content=\"Sladki pelin ekstrakt - 100% naravne kapljice sladkega pelina - Artemisia annua L. - Polni spekter u\u010dinkovin - Spletna prodaja Erbetix.com\" \/>\n<meta property=\"og:url\" content=\"https:\/\/erbetix.com\/sl\/izdelek\/sladki-pelin-ekstrakt-kapljice-artemisia-annua-l\/\" \/>\n<meta property=\"og:site_name\" content=\"Erbetix\" \/>\n<meta property=\"article:modified_time\" content=\"2026-03-12T06:44:03+00:00\" \/>\n<meta property=\"og:image\" content=\"https:\/\/erbetix.com\/wp-content\/uploads\/2020\/07\/Sladki-pelin.png\" \/>\n\t<meta property=\"og:image:width\" content=\"800\" \/>\n\t<meta property=\"og:image:height\" content=\"800\" \/>\n\t<meta property=\"og:image:type\" content=\"image\/png\" \/>\n<meta name=\"twitter:card\" content=\"summary_large_image\" \/>\n<meta name=\"twitter:label1\" content=\"Est. reading time\" \/>\n\t<meta name=\"twitter:data1\" content=\"2 minuti\" \/>\n<script type=\"application\/ld+json\" class=\"yoast-schema-graph\">{\"@context\":\"https:\\\/\\\/schema.org\",\"@graph\":[{\"@type\":\"WebPage\",\"@id\":\"https:\\\/\\\/erbetix.com\\\/sl\\\/izdelek\\\/sladki-pelin-ekstrakt-kapljice-artemisia-annua-l\\\/\",\"url\":\"https:\\\/\\\/erbetix.com\\\/sl\\\/izdelek\\\/sladki-pelin-ekstrakt-kapljice-artemisia-annua-l\\\/\",\"name\":\"Sladki Pelin ekstrakt - Kapljice sladkega pelina - Artemisia annua - Erbetix\",\"isPartOf\":{\"@id\":\"https:\\\/\\\/erbetix.com\\\/sl\\\/#website\"},\"primaryImageOfPage\":{\"@id\":\"https:\\\/\\\/erbetix.com\\\/sl\\\/izdelek\\\/sladki-pelin-ekstrakt-kapljice-artemisia-annua-l\\\/#primaryimage\"},\"image\":{\"@id\":\"https:\\\/\\\/erbetix.com\\\/sl\\\/izdelek\\\/sladki-pelin-ekstrakt-kapljice-artemisia-annua-l\\\/#primaryimage\"},\"thumbnailUrl\":\"https:\\\/\\\/erbetix.com\\\/wp-content\\\/uploads\\\/2020\\\/07\\\/Sladki-pelin.png\",\"datePublished\":\"2020-12-04T10:14:20+00:00\",\"dateModified\":\"2026-03-12T06:44:03+00:00\",\"description\":\"Sladki pelin ekstrakt - 100% naravne kapljice sladkega pelina - Artemisia annua L. - Polni spekter u\u010dinkovin - Spletna prodaja Erbetix.com\",\"breadcrumb\":{\"@id\":\"https:\\\/\\\/erbetix.com\\\/sl\\\/izdelek\\\/sladki-pelin-ekstrakt-kapljice-artemisia-annua-l\\\/#breadcrumb\"},\"inLanguage\":\"sl-SI\",\"potentialAction\":[{\"@type\":\"ReadAction\",\"target\":[\"https:\\\/\\\/erbetix.com\\\/sl\\\/izdelek\\\/sladki-pelin-ekstrakt-kapljice-artemisia-annua-l\\\/\"]}]},{\"@type\":\"ImageObject\",\"inLanguage\":\"sl-SI\",\"@id\":\"https:\\\/\\\/erbetix.com\\\/sl\\\/izdelek\\\/sladki-pelin-ekstrakt-kapljice-artemisia-annua-l\\\/#primaryimage\",\"url\":\"https:\\\/\\\/erbetix.com\\\/wp-content\\\/uploads\\\/2020\\\/07\\\/Sladki-pelin.png\",\"contentUrl\":\"https:\\\/\\\/erbetix.com\\\/wp-content\\\/uploads\\\/2020\\\/07\\\/Sladki-pelin.png\",\"width\":800,\"height\":800,\"caption\":\"Sladki pelin ekstrakt sladkega pelina\"},{\"@type\":\"BreadcrumbList\",\"@id\":\"https:\\\/\\\/erbetix.com\\\/sl\\\/izdelek\\\/sladki-pelin-ekstrakt-kapljice-artemisia-annua-l\\\/#breadcrumb\",\"itemListElement\":[{\"@type\":\"ListItem\",\"position\":1,\"name\":\"Home\",\"item\":\"https:\\\/\\\/erbetix.com\\\/sl\\\/\"},{\"@type\":\"ListItem\",\"position\":2,\"name\":\"Trgovina\",\"item\":\"https:\\\/\\\/erbetix.com\\\/sl\\\/trgovina\\\/\"},{\"@type\":\"ListItem\",\"position\":3,\"name\":\"Sladki pelin ekstrakt kapljice (Artemisia annua L.)\"}]},{\"@type\":\"WebSite\",\"@id\":\"https:\\\/\\\/erbetix.com\\\/sl\\\/#website\",\"url\":\"https:\\\/\\\/erbetix.com\\\/sl\\\/\",\"name\":\"Erbetix\",\"description\":\"The highest quality products and services in the herbal extract industry.\",\"potentialAction\":[{\"@type\":\"SearchAction\",\"target\":{\"@type\":\"EntryPoint\",\"urlTemplate\":\"https:\\\/\\\/erbetix.com\\\/sl\\\/?s={search_term_string}\"},\"query-input\":{\"@type\":\"PropertyValueSpecification\",\"valueRequired\":true,\"valueName\":\"search_term_string\"}}],\"inLanguage\":\"sl-SI\"}]}<\/script>\n<!-- \/ Yoast SEO plugin. -->","yoast_head_json":{"title":"Sladki Pelin ekstrakt - Kapljice sladkega pelina - Artemisia annua - Erbetix","description":"Sladki pelin ekstrakt - 100% naravne kapljice sladkega pelina - Artemisia annua L. - Polni spekter u\u010dinkovin - Spletna prodaja Erbetix.com","robots":{"index":"index","follow":"follow","max-snippet":"max-snippet:-1","max-image-preview":"max-image-preview:large","max-video-preview":"max-video-preview:-1"},"canonical":"https:\/\/erbetix.com\/sl\/izdelek\/sladki-pelin-ekstrakt-kapljice-artemisia-annua-l\/","og_locale":"sl_SI","og_type":"article","og_title":"Sladki Pelin ekstrakt - Kapljice sladkega pelina - Artemisia annua - Erbetix","og_description":"Sladki pelin ekstrakt - 100% naravne kapljice sladkega pelina - Artemisia annua L. - Polni spekter u\u010dinkovin - Spletna prodaja Erbetix.com","og_url":"https:\/\/erbetix.com\/sl\/izdelek\/sladki-pelin-ekstrakt-kapljice-artemisia-annua-l\/","og_site_name":"Erbetix","article_modified_time":"2026-03-12T06:44:03+00:00","og_image":[{"width":800,"height":800,"url":"https:\/\/erbetix.com\/wp-content\/uploads\/2020\/07\/Sladki-pelin.png","type":"image\/png"}],"twitter_card":"summary_large_image","twitter_misc":{"Est. reading time":"2 minuti"},"schema":{"@context":"https:\/\/schema.org","@graph":[{"@type":"WebPage","@id":"https:\/\/erbetix.com\/sl\/izdelek\/sladki-pelin-ekstrakt-kapljice-artemisia-annua-l\/","url":"https:\/\/erbetix.com\/sl\/izdelek\/sladki-pelin-ekstrakt-kapljice-artemisia-annua-l\/","name":"Sladki Pelin ekstrakt - Kapljice sladkega pelina - Artemisia annua - Erbetix","isPartOf":{"@id":"https:\/\/erbetix.com\/sl\/#website"},"primaryImageOfPage":{"@id":"https:\/\/erbetix.com\/sl\/izdelek\/sladki-pelin-ekstrakt-kapljice-artemisia-annua-l\/#primaryimage"},"image":{"@id":"https:\/\/erbetix.com\/sl\/izdelek\/sladki-pelin-ekstrakt-kapljice-artemisia-annua-l\/#primaryimage"},"thumbnailUrl":"https:\/\/erbetix.com\/wp-content\/uploads\/2020\/07\/Sladki-pelin.png","datePublished":"2020-12-04T10:14:20+00:00","dateModified":"2026-03-12T06:44:03+00:00","description":"Sladki pelin ekstrakt - 100% naravne kapljice sladkega pelina - Artemisia annua L. - Polni spekter u\u010dinkovin - Spletna prodaja Erbetix.com","breadcrumb":{"@id":"https:\/\/erbetix.com\/sl\/izdelek\/sladki-pelin-ekstrakt-kapljice-artemisia-annua-l\/#breadcrumb"},"inLanguage":"sl-SI","potentialAction":[{"@type":"ReadAction","target":["https:\/\/erbetix.com\/sl\/izdelek\/sladki-pelin-ekstrakt-kapljice-artemisia-annua-l\/"]}]},{"@type":"ImageObject","inLanguage":"sl-SI","@id":"https:\/\/erbetix.com\/sl\/izdelek\/sladki-pelin-ekstrakt-kapljice-artemisia-annua-l\/#primaryimage","url":"https:\/\/erbetix.com\/wp-content\/uploads\/2020\/07\/Sladki-pelin.png","contentUrl":"https:\/\/erbetix.com\/wp-content\/uploads\/2020\/07\/Sladki-pelin.png","width":800,"height":800,"caption":"Sladki pelin ekstrakt sladkega pelina"},{"@type":"BreadcrumbList","@id":"https:\/\/erbetix.com\/sl\/izdelek\/sladki-pelin-ekstrakt-kapljice-artemisia-annua-l\/#breadcrumb","itemListElement":[{"@type":"ListItem","position":1,"name":"Home","item":"https:\/\/erbetix.com\/sl\/"},{"@type":"ListItem","position":2,"name":"Trgovina","item":"https:\/\/erbetix.com\/sl\/trgovina\/"},{"@type":"ListItem","position":3,"name":"Sladki pelin ekstrakt kapljice (Artemisia annua L.)"}]},{"@type":"WebSite","@id":"https:\/\/erbetix.com\/sl\/#website","url":"https:\/\/erbetix.com\/sl\/","name":"Erbetix","description":"The highest quality products and services in the herbal extract industry.","potentialAction":[{"@type":"SearchAction","target":{"@type":"EntryPoint","urlTemplate":"https:\/\/erbetix.com\/sl\/?s={search_term_string}"},"query-input":{"@type":"PropertyValueSpecification","valueRequired":true,"valueName":"search_term_string"}}],"inLanguage":"sl-SI"}]}},"_links":{"self":[{"href":"https:\/\/erbetix.com\/sl\/wp-json\/wp\/v2\/product\/3568","targetHints":{"allow":["GET"]}}],"collection":[{"href":"https:\/\/erbetix.com\/sl\/wp-json\/wp\/v2\/product"}],"about":[{"href":"https:\/\/erbetix.com\/sl\/wp-json\/wp\/v2\/types\/product"}],"replies":[{"embeddable":true,"href":"https:\/\/erbetix.com\/sl\/wp-json\/wp\/v2\/comments?post=3568"}],"wp:featuredmedia":[{"embeddable":true,"href":"https:\/\/erbetix.com\/sl\/wp-json\/wp\/v2\/media\/3557"}],"wp:attachment":[{"href":"https:\/\/erbetix.com\/sl\/wp-json\/wp\/v2\/media?parent=3568"}],"wp:term":[{"taxonomy":"product_brand","embeddable":true,"href":"https:\/\/erbetix.com\/sl\/wp-json\/wp\/v2\/product_brand?post=3568"},{"taxonomy":"product_cat","embeddable":true,"href":"https:\/\/erbetix.com\/sl\/wp-json\/wp\/v2\/product_cat?post=3568"},{"taxonomy":"product_tag","embeddable":true,"href":"https:\/\/erbetix.com\/sl\/wp-json\/wp\/v2\/product_tag?post=3568"}],"curies":[{"name":"wp","href":"https:\/\/api.w.org\/{rel}","templated":true}]}}