{"id":3674,"date":"2021-01-14T09:08:16","date_gmt":"2021-01-14T08:08:16","guid":{"rendered":"https:\/\/erbetix.com\/?post_type=product&#038;p=3674"},"modified":"2024-12-09T00:07:40","modified_gmt":"2024-12-08T23:07:40","slug":"oljni-serum-bucno-olje-10ml","status":"publish","type":"product","link":"https:\/\/erbetix.com\/sl\/izdelek\/oljni-serum-bucno-olje-10ml\/","title":{"rendered":"Oljni serum Bu\u010dno olje [10ml]"},"content":{"rendered":"<p>ERBETIX oljni serum bu\u010dnih semen je pridobljen z visokotehnolo\u0161ko, neopore\u010dno metodo ekstrakcije, je 100% naraven in brez kakr\u0161nihkoli dodatkov. Sestoji izklju\u010dno iz esencialnih, blagodejnih snovi iz bu\u010dnih semen in je \u010dist izvle\u010dek. \u010ceprav je hladno stiskano bu\u010dno olje nedvomno vredno svoje priljubljenosti, gre pri serumu \u0161e za nadgradnjo, ki jo zagotavlja sodobnej\u0161i postopek pridobivanja. Serum ima ve\u010djo vsebnost mineralov (magnezij, kalcij, silicij, selen in cink) ter vitaminov (A, B1, B2, C, D in E) in je zato \u0161e bolj uporaben in u\u010dinkovit od bu\u010dnega olja.<\/p>\n<p>\u017de bu\u010dno olje ima posebno mesto v tradiciji na\u0161ega okolja, zato je skrajen \u010das, da esencialne u\u010dinkovine bu\u010dnih semen \u0161e bolje izkoristimo. Serum je kos istim nadlogam kot bu\u010dno olje, le da jih \u0161e efektivneje re\u0161i.\u00a0 V serumu iz bu\u010dnih semen je tako zdru\u017eena modrost tradicije z najsodobnej\u0161o tehnologijo. Erbetix serum iz bu\u010dnih semen predstavlja idejo vsestranskosti in cilja na raz\u0161iritev rabe bu\u010dnih izvle\u010dkov iz tradicionalne kulinarike do izkoristka njihovega polnega potenciala.<\/p>\n<p>Kvaliteta Erbetix seruma iz bu\u010dnih semen je rezultat vseh stopenj pridobivanja; od obiranja, izbire semen do skladi\u0161\u010denja in najsodobnej\u0161e ekstrakcije. Le tako lahko iz bu\u010dnih semen pridobimo izvle\u010dek oz. serum, ki je glede na sestavine in u\u010dinkovine \u017ee kar pravi naravni eliksir.<\/p>\n<p><strong>LASTNOSTI:<\/strong><\/p>\n<ul class=\"alineja\">\n<li>pridobljeno z najnovej\u0161o metodo ekstrakcije, ki ohranja celoten rastlinski spekter<\/li>\n<li><strong>organsko pridelano<\/strong><\/li>\n<li>100% rastlinskega izvora<\/li>\n<li>pridelano in polnjeno v Sloveniji<\/li>\n<li>visoka vsebnost antioksidanta vitamina E ter vitaminov A, B1, B2, C, D in E<\/li>\n<li>\u00a0visoka vsebnost nenasi\u010denih ma\u0161\u010dobnih kislin<\/li>\n<li>ro\u010dno obrano in obdelano<\/li>\n<li>brez GSO, konzervansov, glutena ter umetnih sladil<\/li>\n<li>izdelek je laboratorijsko testiran in v skladu s strogimi evropskimi predpisi<\/li>\n<li>brez vsebnosti alkohola ali kakr\u0161nihkoli ostankov topil<\/li>\n<li>serum je nestrupen in hipoalergijski<\/li>\n<\/ul>\n<p><strong>UPORABA:<\/strong><\/p>\n<ul class=\"alineja\">\n<li>ena kapljica samostojno ali kot dodatek kremam<\/li>\n<li>shranjujte v temnem in hladnem prostoru<\/li>\n<li>izdelek uporabljajte po potrebi, lahko tudi ve\u010dkrat dnevno<\/li>\n<li>rok uporabnosti: 18 mesecev<\/li>\n<\/ul>\n<p><strong>OPOZORILA:<br \/>\n<\/strong>Izdelka ne uporabljajte, \u010de ste alergi\u010dni na katerokoli od sestavin. Prenehajte z jemanjem ob preob\u010dutljivosti. Priporo\u010dene dnevne koli\u010dine oz. odmerka se ne sme prekora\u010diti. Prehransko dopolnilo ni namenjeno prepre\u010devanju in zdravljenju bolezni in bolezenskih stanj.<\/p>\n","protected":false},"excerpt":{"rendered":"<p>Oljni serum bu\u010de je 100% serum iz izbranih bu\u010dnih semen, pridobljen z najnovej\u0161o tehnologijo. Za razliko od sicer odli\u010dnega bu\u010dnega olja ima serum \u0161e popolnej\u0161i in bogatej\u0161i profil vitaminov, mineralov ter predvsem esencialnih nenasi\u010denih ma\u0161\u010dobnih kislin.<\/p>\n<ul class=\"alineja\">\n<li><strong>Lep\u0161a in bolj zdrava ko\u017ea<\/strong><\/li>\n<li><strong>Izredna absorpcija<\/strong><\/li>\n<li><strong>Vsebuje minerale: Mg, Ca, Si, Se in Zn <\/strong><\/li>\n<li><strong>Visoka vsebnost antioksidanta vitamina E ter vitaminov A, B1, B2, C, D in E<\/strong><\/li>\n<li><strong>Nega in regeneracija las<\/strong><\/li>\n<li><strong>Ne vsebuje alkohola in drugih ostankov topil<\/strong><\/li>\n<li><strong>Slovenski proizvod<\/strong><\/li>\n<\/ul>\n","protected":false},"featured_media":3678,"comment_status":"open","ping_status":"closed","template":"","meta":[],"product_brand":[],"product_cat":[102,144],"product_tag":[],"class_list":{"0":"post-3674","1":"product","2":"type-product","3":"status-publish","4":"has-post-thumbnail","6":"product_cat-erbecare-sl","7":"product_cat-oljni-serumi","9":"first","10":"instock","11":"taxable","12":"shipping-taxable","13":"purchasable","14":"product-type-simple"},"yoast_head":"<!-- This site is optimized with the Yoast SEO plugin v27.6 - https:\/\/yoast.com\/product\/yoast-seo-wordpress\/ -->\n<title>Izvle\u010dek bu\u010de - Ekstrakt iz bu\u010dnih semen - 100% Oljni serum - Erbetix.com<\/title>\n<meta name=\"description\" content=\"Izvle\u010dek bu\u010de - 100% Oljni serum iz bu\u010dnih semen - Naravni ekstrakt - zakladnica vitaminov in nenasi\u010denih ma\u0161\u010dobnih kislin - Erbetix.com\" \/>\n<meta name=\"robots\" content=\"index, follow, max-snippet:-1, max-image-preview:large, max-video-preview:-1\" \/>\n<link rel=\"canonical\" href=\"https:\/\/erbetix.com\/sl\/izdelek\/oljni-serum-bucno-olje-10ml\/\" \/>\n<meta property=\"og:locale\" content=\"sl_SI\" \/>\n<meta property=\"og:type\" content=\"article\" \/>\n<meta property=\"og:title\" content=\"Izvle\u010dek bu\u010de - Ekstrakt iz bu\u010dnih semen - 100% Oljni serum - Erbetix.com\" \/>\n<meta property=\"og:description\" content=\"Izvle\u010dek bu\u010de - 100% Oljni serum iz bu\u010dnih semen - Naravni ekstrakt - zakladnica vitaminov in nenasi\u010denih ma\u0161\u010dobnih kislin - Erbetix.com\" \/>\n<meta property=\"og:url\" content=\"https:\/\/erbetix.com\/sl\/izdelek\/oljni-serum-bucno-olje-10ml\/\" \/>\n<meta property=\"og:site_name\" content=\"Erbetix\" \/>\n<meta property=\"article:modified_time\" content=\"2024-12-08T23:07:40+00:00\" \/>\n<meta property=\"og:image\" content=\"https:\/\/erbetix.com\/wp-content\/uploads\/2021\/01\/Pumpkin-2.jpg\" \/>\n\t<meta property=\"og:image:width\" content=\"800\" \/>\n\t<meta property=\"og:image:height\" content=\"800\" \/>\n\t<meta property=\"og:image:type\" content=\"image\/jpeg\" \/>\n<meta name=\"twitter:card\" content=\"summary_large_image\" \/>\n<meta name=\"twitter:label1\" content=\"Est. reading time\" \/>\n\t<meta name=\"twitter:data1\" content=\"2 minuti\" \/>\n<script type=\"application\/ld+json\" class=\"yoast-schema-graph\">{\"@context\":\"https:\\\/\\\/schema.org\",\"@graph\":[{\"@type\":\"WebPage\",\"@id\":\"https:\\\/\\\/erbetix.com\\\/sl\\\/izdelek\\\/oljni-serum-bucno-olje-10ml\\\/\",\"url\":\"https:\\\/\\\/erbetix.com\\\/sl\\\/izdelek\\\/oljni-serum-bucno-olje-10ml\\\/\",\"name\":\"Izvle\u010dek bu\u010de - Ekstrakt iz bu\u010dnih semen - 100% Oljni serum - Erbetix.com\",\"isPartOf\":{\"@id\":\"https:\\\/\\\/erbetix.com\\\/sl\\\/#website\"},\"primaryImageOfPage\":{\"@id\":\"https:\\\/\\\/erbetix.com\\\/sl\\\/izdelek\\\/oljni-serum-bucno-olje-10ml\\\/#primaryimage\"},\"image\":{\"@id\":\"https:\\\/\\\/erbetix.com\\\/sl\\\/izdelek\\\/oljni-serum-bucno-olje-10ml\\\/#primaryimage\"},\"thumbnailUrl\":\"https:\\\/\\\/erbetix.com\\\/wp-content\\\/uploads\\\/2021\\\/01\\\/Pumpkin-2.jpg\",\"datePublished\":\"2021-01-14T08:08:16+00:00\",\"dateModified\":\"2024-12-08T23:07:40+00:00\",\"description\":\"Izvle\u010dek bu\u010de - 100% Oljni serum iz bu\u010dnih semen - Naravni ekstrakt - zakladnica vitaminov in nenasi\u010denih ma\u0161\u010dobnih kislin - Erbetix.com\",\"breadcrumb\":{\"@id\":\"https:\\\/\\\/erbetix.com\\\/sl\\\/izdelek\\\/oljni-serum-bucno-olje-10ml\\\/#breadcrumb\"},\"inLanguage\":\"sl-SI\",\"potentialAction\":[{\"@type\":\"ReadAction\",\"target\":[\"https:\\\/\\\/erbetix.com\\\/sl\\\/izdelek\\\/oljni-serum-bucno-olje-10ml\\\/\"]}]},{\"@type\":\"ImageObject\",\"inLanguage\":\"sl-SI\",\"@id\":\"https:\\\/\\\/erbetix.com\\\/sl\\\/izdelek\\\/oljni-serum-bucno-olje-10ml\\\/#primaryimage\",\"url\":\"https:\\\/\\\/erbetix.com\\\/wp-content\\\/uploads\\\/2021\\\/01\\\/Pumpkin-2.jpg\",\"contentUrl\":\"https:\\\/\\\/erbetix.com\\\/wp-content\\\/uploads\\\/2021\\\/01\\\/Pumpkin-2.jpg\",\"width\":800,\"height\":800,\"caption\":\"izvle\u010dek bu\u010de, ekstrakt iz bu\u010dnih semen\"},{\"@type\":\"BreadcrumbList\",\"@id\":\"https:\\\/\\\/erbetix.com\\\/sl\\\/izdelek\\\/oljni-serum-bucno-olje-10ml\\\/#breadcrumb\",\"itemListElement\":[{\"@type\":\"ListItem\",\"position\":1,\"name\":\"Home\",\"item\":\"https:\\\/\\\/erbetix.com\\\/sl\\\/\"},{\"@type\":\"ListItem\",\"position\":2,\"name\":\"Trgovina\",\"item\":\"https:\\\/\\\/erbetix.com\\\/sl\\\/trgovina\\\/\"},{\"@type\":\"ListItem\",\"position\":3,\"name\":\"Oljni serum Bu\u010dno olje [10ml]\"}]},{\"@type\":\"WebSite\",\"@id\":\"https:\\\/\\\/erbetix.com\\\/sl\\\/#website\",\"url\":\"https:\\\/\\\/erbetix.com\\\/sl\\\/\",\"name\":\"Erbetix\",\"description\":\"The highest quality products and services in the herbal extract industry.\",\"potentialAction\":[{\"@type\":\"SearchAction\",\"target\":{\"@type\":\"EntryPoint\",\"urlTemplate\":\"https:\\\/\\\/erbetix.com\\\/sl\\\/?s={search_term_string}\"},\"query-input\":{\"@type\":\"PropertyValueSpecification\",\"valueRequired\":true,\"valueName\":\"search_term_string\"}}],\"inLanguage\":\"sl-SI\"}]}<\/script>\n<!-- \/ Yoast SEO plugin. -->","yoast_head_json":{"title":"Izvle\u010dek bu\u010de - Ekstrakt iz bu\u010dnih semen - 100% Oljni serum - Erbetix.com","description":"Izvle\u010dek bu\u010de - 100% Oljni serum iz bu\u010dnih semen - Naravni ekstrakt - zakladnica vitaminov in nenasi\u010denih ma\u0161\u010dobnih kislin - Erbetix.com","robots":{"index":"index","follow":"follow","max-snippet":"max-snippet:-1","max-image-preview":"max-image-preview:large","max-video-preview":"max-video-preview:-1"},"canonical":"https:\/\/erbetix.com\/sl\/izdelek\/oljni-serum-bucno-olje-10ml\/","og_locale":"sl_SI","og_type":"article","og_title":"Izvle\u010dek bu\u010de - Ekstrakt iz bu\u010dnih semen - 100% Oljni serum - Erbetix.com","og_description":"Izvle\u010dek bu\u010de - 100% Oljni serum iz bu\u010dnih semen - Naravni ekstrakt - zakladnica vitaminov in nenasi\u010denih ma\u0161\u010dobnih kislin - Erbetix.com","og_url":"https:\/\/erbetix.com\/sl\/izdelek\/oljni-serum-bucno-olje-10ml\/","og_site_name":"Erbetix","article_modified_time":"2024-12-08T23:07:40+00:00","og_image":[{"width":800,"height":800,"url":"https:\/\/erbetix.com\/wp-content\/uploads\/2021\/01\/Pumpkin-2.jpg","type":"image\/jpeg"}],"twitter_card":"summary_large_image","twitter_misc":{"Est. reading time":"2 minuti"},"schema":{"@context":"https:\/\/schema.org","@graph":[{"@type":"WebPage","@id":"https:\/\/erbetix.com\/sl\/izdelek\/oljni-serum-bucno-olje-10ml\/","url":"https:\/\/erbetix.com\/sl\/izdelek\/oljni-serum-bucno-olje-10ml\/","name":"Izvle\u010dek bu\u010de - Ekstrakt iz bu\u010dnih semen - 100% Oljni serum - Erbetix.com","isPartOf":{"@id":"https:\/\/erbetix.com\/sl\/#website"},"primaryImageOfPage":{"@id":"https:\/\/erbetix.com\/sl\/izdelek\/oljni-serum-bucno-olje-10ml\/#primaryimage"},"image":{"@id":"https:\/\/erbetix.com\/sl\/izdelek\/oljni-serum-bucno-olje-10ml\/#primaryimage"},"thumbnailUrl":"https:\/\/erbetix.com\/wp-content\/uploads\/2021\/01\/Pumpkin-2.jpg","datePublished":"2021-01-14T08:08:16+00:00","dateModified":"2024-12-08T23:07:40+00:00","description":"Izvle\u010dek bu\u010de - 100% Oljni serum iz bu\u010dnih semen - Naravni ekstrakt - zakladnica vitaminov in nenasi\u010denih ma\u0161\u010dobnih kislin - Erbetix.com","breadcrumb":{"@id":"https:\/\/erbetix.com\/sl\/izdelek\/oljni-serum-bucno-olje-10ml\/#breadcrumb"},"inLanguage":"sl-SI","potentialAction":[{"@type":"ReadAction","target":["https:\/\/erbetix.com\/sl\/izdelek\/oljni-serum-bucno-olje-10ml\/"]}]},{"@type":"ImageObject","inLanguage":"sl-SI","@id":"https:\/\/erbetix.com\/sl\/izdelek\/oljni-serum-bucno-olje-10ml\/#primaryimage","url":"https:\/\/erbetix.com\/wp-content\/uploads\/2021\/01\/Pumpkin-2.jpg","contentUrl":"https:\/\/erbetix.com\/wp-content\/uploads\/2021\/01\/Pumpkin-2.jpg","width":800,"height":800,"caption":"izvle\u010dek bu\u010de, ekstrakt iz bu\u010dnih semen"},{"@type":"BreadcrumbList","@id":"https:\/\/erbetix.com\/sl\/izdelek\/oljni-serum-bucno-olje-10ml\/#breadcrumb","itemListElement":[{"@type":"ListItem","position":1,"name":"Home","item":"https:\/\/erbetix.com\/sl\/"},{"@type":"ListItem","position":2,"name":"Trgovina","item":"https:\/\/erbetix.com\/sl\/trgovina\/"},{"@type":"ListItem","position":3,"name":"Oljni serum Bu\u010dno olje [10ml]"}]},{"@type":"WebSite","@id":"https:\/\/erbetix.com\/sl\/#website","url":"https:\/\/erbetix.com\/sl\/","name":"Erbetix","description":"The highest quality products and services in the herbal extract industry.","potentialAction":[{"@type":"SearchAction","target":{"@type":"EntryPoint","urlTemplate":"https:\/\/erbetix.com\/sl\/?s={search_term_string}"},"query-input":{"@type":"PropertyValueSpecification","valueRequired":true,"valueName":"search_term_string"}}],"inLanguage":"sl-SI"}]}},"_links":{"self":[{"href":"https:\/\/erbetix.com\/sl\/wp-json\/wp\/v2\/product\/3674","targetHints":{"allow":["GET"]}}],"collection":[{"href":"https:\/\/erbetix.com\/sl\/wp-json\/wp\/v2\/product"}],"about":[{"href":"https:\/\/erbetix.com\/sl\/wp-json\/wp\/v2\/types\/product"}],"replies":[{"embeddable":true,"href":"https:\/\/erbetix.com\/sl\/wp-json\/wp\/v2\/comments?post=3674"}],"wp:featuredmedia":[{"embeddable":true,"href":"https:\/\/erbetix.com\/sl\/wp-json\/wp\/v2\/media\/3678"}],"wp:attachment":[{"href":"https:\/\/erbetix.com\/sl\/wp-json\/wp\/v2\/media?parent=3674"}],"wp:term":[{"taxonomy":"product_brand","embeddable":true,"href":"https:\/\/erbetix.com\/sl\/wp-json\/wp\/v2\/product_brand?post=3674"},{"taxonomy":"product_cat","embeddable":true,"href":"https:\/\/erbetix.com\/sl\/wp-json\/wp\/v2\/product_cat?post=3674"},{"taxonomy":"product_tag","embeddable":true,"href":"https:\/\/erbetix.com\/sl\/wp-json\/wp\/v2\/product_tag?post=3674"}],"curies":[{"name":"wp","href":"https:\/\/api.w.org\/{rel}","templated":true}]}}