{"id":3680,"date":"2021-01-14T09:34:30","date_gmt":"2021-01-14T08:34:30","guid":{"rendered":"https:\/\/erbetix.com\/?post_type=product&#038;p=3680"},"modified":"2025-04-13T03:03:30","modified_gmt":"2025-04-13T01:03:30","slug":"oljni-serum-malina-rubus-idaeus-10ml","status":"publish","type":"product","link":"https:\/\/erbetix.com\/sl\/izdelek\/oljni-serum-malina-rubus-idaeus-10ml\/","title":{"rendered":"Oljni serum Malina (Rubus idaeus) [10ml]"},"content":{"rendered":"<p>ERBETIX oljni serum malina je pridelan iz pe\u0161k maline in pridobljen z visokotehnolo\u0161ko metodo.<\/p>\n<p>Serum je popolnoma naraven in brez kakr\u0161nihkoli dodatkov. Je tako reko\u010d \u010dista snov, hkrati naraven konzervans in celovita zakladnica esencialnih sestavin. Zaradi izbrane metode pridobivanja je serum bogatej\u0161i in polnej\u0161i izvle\u010dek od hladno stiskanega olja. Pri slednjih se z mehanskim\u00a0 stiskanjem uni\u010di veliko klju\u010dnih sestavin.<\/p>\n<p>V serumu vsebovana vitamina A in E skrbita za antioksidativne lastnosti,\u00a0 malina pa nasploh velja za najbolj\u0161o naravno za\u0161\u010dito pred UV \u017earki. Profil blagodejnih sestavin dopolnjujejo esencialne ma\u0161\u010dobne kisline (linolna kislina (omega\u20136), oleinska kislina (omega-9), alfa-linolenska kislina (omega-3)), minerali bakra, \u017eeleza in kalija ter spojine ketona, fitosterola, kumarina in folne kisline.<\/p>\n<p>Manj\u0161a molekularna sestava seruma zagotavlja optimalno absorpcijo in posledi\u010dno visoko hranljivost tega izjemnega izvle\u010dka.<\/p>\n<p><strong>LASTNOSTI:<\/strong><\/p>\n<ul class=\"alineja\">\n<li>pridobljeno z najnovej\u0161o metodo ekstrakcije, ki ohranja celoten rastlinski spekter<\/li>\n<li>100% rastlinskega izvora<\/li>\n<li><strong>Organsko pridelano<\/strong><\/li>\n<li>pridelano in polnjeno v Sloveniji<\/li>\n<li>visoka vsebnost vitaminov A in E ter ostalih mineralov in esencialnih ma\u0161\u010dobnih kislin<\/li>\n<li>ro\u010dno obrano in obdelano<\/li>\n<li>brez GSO, konzervansov, glutena ter umetnih sladil<\/li>\n<li>izdelek je laboratorijsko testiran in v skladu s strogimi evropskimi predpisi<\/li>\n<li>brez vsebnosti alkohola ali kakr\u0161nihkoli ostankov topil<\/li>\n<\/ul>\n<p><strong>UPORABA:<\/strong><\/p>\n<ul class=\"alineja\">\n<li>ena kapljica samostojno ali kot dodatek kremam<\/li>\n<li>shranjujte v temnem in hladnem prostoru<\/li>\n<li>izdelek uporabljajte po potrebi, lahko tudi ve\u010dkrat dnevno<\/li>\n<li>rok uporabnosti: 18 mesecev<\/li>\n<\/ul>\n<p><strong>OPOZORILA:<br \/>\n<\/strong>Izdelka ne uporabljajte, \u010de ste alergi\u010dni na katerokoli od sestavin. Prenehajte z jemanjem ob preob\u010dutljivosti. Priporo\u010dene dnevne koli\u010dine oz. odmerka se ne sme prekora\u010diti. Prehransko dopolnilo ni namenjeno prepre\u010devanju in zdravljenju bolezni in bolezenskih stanj.<\/p>\n","protected":false},"excerpt":{"rendered":"<p>Oljni serum malina je naraven serum, pridobljen izklju\u010dno iz kaljivih, zdravih semen maline in brez kakr\u0161nihkoli dodatkov. Z najsodobnej\u0161o metodo ekstrakcije je ohranjen bogatej\u0161i spekter esencialnih u\u010dinkovin kot pri navadnih hladno stiskanih oljih.<\/p>\n<ul class=\"alineja\">\n<li><strong>Za\u0161\u010dita pred son\u010dnimi \u017earki<\/strong><\/li>\n<li><strong>Za suho ali zrelo ko\u017eo<\/strong><\/li>\n<li><strong>Protivnetni u\u010dinek<\/strong><\/li>\n<li><strong>Gladi gube<\/strong><\/li>\n<li><strong>Izredna absorpcija<\/strong><\/li>\n<li><strong>Visoka vsebnost vitamina A in E<\/strong><\/li>\n<li><strong>Slovenski proizvod<\/strong><\/li>\n<li><strong>Ne vsebuje alkohola in drugih ostankov topil<\/strong><\/li>\n<\/ul>\n","protected":false},"featured_media":3684,"comment_status":"open","ping_status":"closed","template":"","meta":[],"product_brand":[],"product_cat":[102,144],"product_tag":[],"class_list":{"0":"post-3680","1":"product","2":"type-product","3":"status-publish","4":"has-post-thumbnail","6":"product_cat-erbecare-sl","7":"product_cat-oljni-serumi","9":"first","10":"instock","11":"taxable","12":"shipping-taxable","13":"purchasable","14":"product-type-simple"},"yoast_head":"<!-- This site is optimized with the Yoast SEO plugin v27.6 - https:\/\/yoast.com\/product\/yoast-seo-wordpress\/ -->\n<title>Ekstrakt Malina - Malinine pe\u0161ke - Oljni Serum Rubus idaeus - Erbetix.com<\/title>\n<meta name=\"description\" content=\"Ekstrakt Maline [20ml] - 100% Oljni Serum iz malininih pe\u0161k (Rubus idaeus) - Naravna zakladnica blagodejnih u\u010dinkovin - Erbetix.com\" \/>\n<meta name=\"robots\" content=\"index, follow, max-snippet:-1, max-image-preview:large, max-video-preview:-1\" \/>\n<link rel=\"canonical\" href=\"https:\/\/erbetix.com\/sl\/izdelek\/oljni-serum-malina-rubus-idaeus-10ml\/\" \/>\n<meta property=\"og:locale\" content=\"sl_SI\" \/>\n<meta property=\"og:type\" content=\"article\" \/>\n<meta property=\"og:title\" content=\"Ekstrakt Malina - Malinine pe\u0161ke - Oljni Serum Rubus idaeus - Erbetix.com\" \/>\n<meta property=\"og:description\" content=\"Ekstrakt Maline [20ml] - 100% Oljni Serum iz malininih pe\u0161k (Rubus idaeus) - Naravna zakladnica blagodejnih u\u010dinkovin - Erbetix.com\" \/>\n<meta property=\"og:url\" content=\"https:\/\/erbetix.com\/sl\/izdelek\/oljni-serum-malina-rubus-idaeus-10ml\/\" \/>\n<meta property=\"og:site_name\" content=\"Erbetix\" \/>\n<meta property=\"article:modified_time\" content=\"2025-04-13T01:03:30+00:00\" \/>\n<meta property=\"og:image\" content=\"https:\/\/erbetix.com\/wp-content\/uploads\/2021\/01\/Raspberry-2.jpg\" \/>\n\t<meta property=\"og:image:width\" content=\"800\" \/>\n\t<meta property=\"og:image:height\" content=\"800\" \/>\n\t<meta property=\"og:image:type\" content=\"image\/jpeg\" \/>\n<meta name=\"twitter:card\" content=\"summary_large_image\" \/>\n<meta name=\"twitter:label1\" content=\"Est. reading time\" \/>\n\t<meta name=\"twitter:data1\" content=\"2 minuti\" \/>\n<script type=\"application\/ld+json\" class=\"yoast-schema-graph\">{\"@context\":\"https:\\\/\\\/schema.org\",\"@graph\":[{\"@type\":\"WebPage\",\"@id\":\"https:\\\/\\\/erbetix.com\\\/sl\\\/izdelek\\\/oljni-serum-malina-rubus-idaeus-10ml\\\/\",\"url\":\"https:\\\/\\\/erbetix.com\\\/sl\\\/izdelek\\\/oljni-serum-malina-rubus-idaeus-10ml\\\/\",\"name\":\"Ekstrakt Malina - Malinine pe\u0161ke - Oljni Serum Rubus idaeus - Erbetix.com\",\"isPartOf\":{\"@id\":\"https:\\\/\\\/erbetix.com\\\/sl\\\/#website\"},\"primaryImageOfPage\":{\"@id\":\"https:\\\/\\\/erbetix.com\\\/sl\\\/izdelek\\\/oljni-serum-malina-rubus-idaeus-10ml\\\/#primaryimage\"},\"image\":{\"@id\":\"https:\\\/\\\/erbetix.com\\\/sl\\\/izdelek\\\/oljni-serum-malina-rubus-idaeus-10ml\\\/#primaryimage\"},\"thumbnailUrl\":\"https:\\\/\\\/erbetix.com\\\/wp-content\\\/uploads\\\/2021\\\/01\\\/Raspberry-2.jpg\",\"datePublished\":\"2021-01-14T08:34:30+00:00\",\"dateModified\":\"2025-04-13T01:03:30+00:00\",\"description\":\"Ekstrakt Maline [20ml] - 100% Oljni Serum iz malininih pe\u0161k (Rubus idaeus) - Naravna zakladnica blagodejnih u\u010dinkovin - Erbetix.com\",\"breadcrumb\":{\"@id\":\"https:\\\/\\\/erbetix.com\\\/sl\\\/izdelek\\\/oljni-serum-malina-rubus-idaeus-10ml\\\/#breadcrumb\"},\"inLanguage\":\"sl-SI\",\"potentialAction\":[{\"@type\":\"ReadAction\",\"target\":[\"https:\\\/\\\/erbetix.com\\\/sl\\\/izdelek\\\/oljni-serum-malina-rubus-idaeus-10ml\\\/\"]}]},{\"@type\":\"ImageObject\",\"inLanguage\":\"sl-SI\",\"@id\":\"https:\\\/\\\/erbetix.com\\\/sl\\\/izdelek\\\/oljni-serum-malina-rubus-idaeus-10ml\\\/#primaryimage\",\"url\":\"https:\\\/\\\/erbetix.com\\\/wp-content\\\/uploads\\\/2021\\\/01\\\/Raspberry-2.jpg\",\"contentUrl\":\"https:\\\/\\\/erbetix.com\\\/wp-content\\\/uploads\\\/2021\\\/01\\\/Raspberry-2.jpg\",\"width\":800,\"height\":800,\"caption\":\"Ekstrakt Malina, malinine pe\u0161ke Rubus idaeus\"},{\"@type\":\"BreadcrumbList\",\"@id\":\"https:\\\/\\\/erbetix.com\\\/sl\\\/izdelek\\\/oljni-serum-malina-rubus-idaeus-10ml\\\/#breadcrumb\",\"itemListElement\":[{\"@type\":\"ListItem\",\"position\":1,\"name\":\"Home\",\"item\":\"https:\\\/\\\/erbetix.com\\\/sl\\\/\"},{\"@type\":\"ListItem\",\"position\":2,\"name\":\"Trgovina\",\"item\":\"https:\\\/\\\/erbetix.com\\\/sl\\\/trgovina\\\/\"},{\"@type\":\"ListItem\",\"position\":3,\"name\":\"Oljni serum Malina (Rubus idaeus) [10ml]\"}]},{\"@type\":\"WebSite\",\"@id\":\"https:\\\/\\\/erbetix.com\\\/sl\\\/#website\",\"url\":\"https:\\\/\\\/erbetix.com\\\/sl\\\/\",\"name\":\"Erbetix\",\"description\":\"The highest quality products and services in the herbal extract industry.\",\"potentialAction\":[{\"@type\":\"SearchAction\",\"target\":{\"@type\":\"EntryPoint\",\"urlTemplate\":\"https:\\\/\\\/erbetix.com\\\/sl\\\/?s={search_term_string}\"},\"query-input\":{\"@type\":\"PropertyValueSpecification\",\"valueRequired\":true,\"valueName\":\"search_term_string\"}}],\"inLanguage\":\"sl-SI\"}]}<\/script>\n<!-- \/ Yoast SEO plugin. -->","yoast_head_json":{"title":"Ekstrakt Malina - Malinine pe\u0161ke - Oljni Serum Rubus idaeus - Erbetix.com","description":"Ekstrakt Maline [20ml] - 100% Oljni Serum iz malininih pe\u0161k (Rubus idaeus) - Naravna zakladnica blagodejnih u\u010dinkovin - Erbetix.com","robots":{"index":"index","follow":"follow","max-snippet":"max-snippet:-1","max-image-preview":"max-image-preview:large","max-video-preview":"max-video-preview:-1"},"canonical":"https:\/\/erbetix.com\/sl\/izdelek\/oljni-serum-malina-rubus-idaeus-10ml\/","og_locale":"sl_SI","og_type":"article","og_title":"Ekstrakt Malina - Malinine pe\u0161ke - Oljni Serum Rubus idaeus - Erbetix.com","og_description":"Ekstrakt Maline [20ml] - 100% Oljni Serum iz malininih pe\u0161k (Rubus idaeus) - Naravna zakladnica blagodejnih u\u010dinkovin - Erbetix.com","og_url":"https:\/\/erbetix.com\/sl\/izdelek\/oljni-serum-malina-rubus-idaeus-10ml\/","og_site_name":"Erbetix","article_modified_time":"2025-04-13T01:03:30+00:00","og_image":[{"width":800,"height":800,"url":"https:\/\/erbetix.com\/wp-content\/uploads\/2021\/01\/Raspberry-2.jpg","type":"image\/jpeg"}],"twitter_card":"summary_large_image","twitter_misc":{"Est. reading time":"2 minuti"},"schema":{"@context":"https:\/\/schema.org","@graph":[{"@type":"WebPage","@id":"https:\/\/erbetix.com\/sl\/izdelek\/oljni-serum-malina-rubus-idaeus-10ml\/","url":"https:\/\/erbetix.com\/sl\/izdelek\/oljni-serum-malina-rubus-idaeus-10ml\/","name":"Ekstrakt Malina - Malinine pe\u0161ke - Oljni Serum Rubus idaeus - Erbetix.com","isPartOf":{"@id":"https:\/\/erbetix.com\/sl\/#website"},"primaryImageOfPage":{"@id":"https:\/\/erbetix.com\/sl\/izdelek\/oljni-serum-malina-rubus-idaeus-10ml\/#primaryimage"},"image":{"@id":"https:\/\/erbetix.com\/sl\/izdelek\/oljni-serum-malina-rubus-idaeus-10ml\/#primaryimage"},"thumbnailUrl":"https:\/\/erbetix.com\/wp-content\/uploads\/2021\/01\/Raspberry-2.jpg","datePublished":"2021-01-14T08:34:30+00:00","dateModified":"2025-04-13T01:03:30+00:00","description":"Ekstrakt Maline [20ml] - 100% Oljni Serum iz malininih pe\u0161k (Rubus idaeus) - Naravna zakladnica blagodejnih u\u010dinkovin - Erbetix.com","breadcrumb":{"@id":"https:\/\/erbetix.com\/sl\/izdelek\/oljni-serum-malina-rubus-idaeus-10ml\/#breadcrumb"},"inLanguage":"sl-SI","potentialAction":[{"@type":"ReadAction","target":["https:\/\/erbetix.com\/sl\/izdelek\/oljni-serum-malina-rubus-idaeus-10ml\/"]}]},{"@type":"ImageObject","inLanguage":"sl-SI","@id":"https:\/\/erbetix.com\/sl\/izdelek\/oljni-serum-malina-rubus-idaeus-10ml\/#primaryimage","url":"https:\/\/erbetix.com\/wp-content\/uploads\/2021\/01\/Raspberry-2.jpg","contentUrl":"https:\/\/erbetix.com\/wp-content\/uploads\/2021\/01\/Raspberry-2.jpg","width":800,"height":800,"caption":"Ekstrakt Malina, malinine pe\u0161ke Rubus idaeus"},{"@type":"BreadcrumbList","@id":"https:\/\/erbetix.com\/sl\/izdelek\/oljni-serum-malina-rubus-idaeus-10ml\/#breadcrumb","itemListElement":[{"@type":"ListItem","position":1,"name":"Home","item":"https:\/\/erbetix.com\/sl\/"},{"@type":"ListItem","position":2,"name":"Trgovina","item":"https:\/\/erbetix.com\/sl\/trgovina\/"},{"@type":"ListItem","position":3,"name":"Oljni serum Malina (Rubus idaeus) [10ml]"}]},{"@type":"WebSite","@id":"https:\/\/erbetix.com\/sl\/#website","url":"https:\/\/erbetix.com\/sl\/","name":"Erbetix","description":"The highest quality products and services in the herbal extract industry.","potentialAction":[{"@type":"SearchAction","target":{"@type":"EntryPoint","urlTemplate":"https:\/\/erbetix.com\/sl\/?s={search_term_string}"},"query-input":{"@type":"PropertyValueSpecification","valueRequired":true,"valueName":"search_term_string"}}],"inLanguage":"sl-SI"}]}},"_links":{"self":[{"href":"https:\/\/erbetix.com\/sl\/wp-json\/wp\/v2\/product\/3680","targetHints":{"allow":["GET"]}}],"collection":[{"href":"https:\/\/erbetix.com\/sl\/wp-json\/wp\/v2\/product"}],"about":[{"href":"https:\/\/erbetix.com\/sl\/wp-json\/wp\/v2\/types\/product"}],"replies":[{"embeddable":true,"href":"https:\/\/erbetix.com\/sl\/wp-json\/wp\/v2\/comments?post=3680"}],"wp:featuredmedia":[{"embeddable":true,"href":"https:\/\/erbetix.com\/sl\/wp-json\/wp\/v2\/media\/3684"}],"wp:attachment":[{"href":"https:\/\/erbetix.com\/sl\/wp-json\/wp\/v2\/media?parent=3680"}],"wp:term":[{"taxonomy":"product_brand","embeddable":true,"href":"https:\/\/erbetix.com\/sl\/wp-json\/wp\/v2\/product_brand?post=3680"},{"taxonomy":"product_cat","embeddable":true,"href":"https:\/\/erbetix.com\/sl\/wp-json\/wp\/v2\/product_cat?post=3680"},{"taxonomy":"product_tag","embeddable":true,"href":"https:\/\/erbetix.com\/sl\/wp-json\/wp\/v2\/product_tag?post=3680"}],"curies":[{"name":"wp","href":"https:\/\/api.w.org\/{rel}","templated":true}]}}