{"id":3691,"date":"2021-01-14T09:57:44","date_gmt":"2021-01-14T08:57:45","guid":{"rendered":"https:\/\/erbetix.com\/?post_type=product&#038;p=3691"},"modified":"2024-12-09T00:07:39","modified_gmt":"2024-12-08T23:07:39","slug":"oljni-serum-grozdne-pecke-10ml","status":"publish","type":"product","link":"https:\/\/erbetix.com\/sl\/izdelek\/oljni-serum-grozdne-pecke-10ml\/","title":{"rendered":"Oljni serum Grozdne pe\u010dke [10ml]"},"content":{"rendered":"<p>ERBETIX oljni serum grozdnih pe\u010dk je pridelan iz grozdnih pe\u010dk. Pridobljen je z visokotehnolo\u0161ko metodo ekstrakcije. Serum je popolnoma naraven in brez kakr\u0161nihkoli dodatkov, saj jih kot \u010dista snov ne potrebuje. Je naraven konzervans in zakladnica esencialnih sestavin obenem. Zaradi posebne metode pridobivanja je bogatej\u0161i in polnej\u0161i od hladno stiskanega olja, pri katerem se zaradi mehanskega stiskanja uni\u010di veliko klju\u010dnih sestavin.<\/p>\n<p>Oljni serum grozdnih pe\u010dk krasi predvsem visoka vsebnost vitaminov E in C, ter tudi A, ki botruje izrednemu antioksidativnemu u\u010dinkovanju. Kombinacija vitaminov omogo\u010da 20-krat ve\u010dje u\u010dinkovanje kot sam vitamin C in kar 50-krat ve\u010dje od samega vitamina E.<\/p>\n<p>Olja grozdnih pe\u010dk z razlogom uporabljajo \u017ee vse od antike.\u00a0 Napredna metoda pridobivanja zgolj omogo\u010da dodaten nivo izkoristka, saj je serum toliko mo\u010dnej\u0161i ter polnej\u0161i od olja samega. Lupina pe\u010dk je izredno trdna in dobro \u0161\u010diti esencialne sestavine pred zunanjimi dejavniki (raznimi onesna\u017eevalci in drugimi strupi). S tem je tudi serum kot izvle\u010dek pe\u010dk mo\u010dnej\u0161i in bolj \u010dist.<\/p>\n<p>Ob \u017ee na\u0161tetih vitaminih serum vsebuje \u0161e mnogo ostalih mineralov ter nenazadnje tudi veliko zalogo nenasi\u010denih ma\u0161\u010dobnih kislin (omega 6 in omega 9), ki izredno pripomorejo na\u0161emu organizmu. Vsebuje veliko flavonoidov, linolske kisline (omega 6) in sestavin imenovanih procianidini (poznanih tudi pod imenom konzervirani tanini, piknogenoli in oligomeri\u010dni proantocianidi). Zelo pomemben antioksidant (bioflavonoid), ki ga vsebujejo grozdne pe\u010dke, je OPC (oligomerni proantocianidni kompleks). Gre za vodotopni antioksidant, ki se hitro absorbira in raznese po telesu.<\/p>\n<p>Najve\u010d koristi v olju grozdnih pe\u010dk je vsekakor v visoki vsebnosti vitamina E in omega 6 in omega 9 ma\u0161\u010dobnih kislinah. Prosti radikali, ki jih povzro\u010dajo sonce, veter in razna onesna\u017eenja \u0161kodijo na\u0161i ko\u017ei. Omega 6 in omega 9 ma\u0161\u010dobne kisline pa so izredno pomembne za nemoteno obnovo in izgled ko\u017ee. \u010ce \u017eelimo ko\u017ei vse to privo\u0161\u010diti, ni bolj\u0161e izbire od izjemnega seruma grozdnih pe\u010dk Erbetix.<\/p>\n<p><strong>LASTNOSTI:<\/strong><\/p>\n<ul class=\"alineja\">\n<li>pridobljen z najnovej\u0161o metodo ekstrakcije, ki ohranja celoten rastlinski spekter<\/li>\n<li>100% rastlinskega izvora<\/li>\n<li>organsko pridelano<\/li>\n<li>pridelan in polnjen v Sloveniji<\/li>\n<li>visoka vsebnost vitaminov C, E in A ter ostalih mineralov in esencialnih ma\u0161\u010dobnih kislin<\/li>\n<li>ro\u010dno obrano in obdelano<\/li>\n<li>brez GSO, konzervansov, glutena ter umetnih sladil<\/li>\n<li>izdelek je laboratorijsko testiran in v skladu s strogimi evropskimi predpisi<\/li>\n<li>brez vsebnosti alkohola ali kakr\u0161nihkoli ostankov topil<\/li>\n<li>serum je nestrupen in hipoalergijski<\/li>\n<\/ul>\n<p><strong>UPORABA:<\/strong><\/p>\n<ul class=\"alineja\">\n<li>ena kapljica samostojno ali kot dodatek kremam<\/li>\n<li>shranjujte v temnem in hladnem prostoru<\/li>\n<li>izdelek uporabljajte po potrebi, lahko tudi ve\u010dkrat dnevno<\/li>\n<li>rok uporabnosti: 18 mesecev<\/li>\n<\/ul>\n<p><strong>OPOZORILA:<br \/>\n<\/strong>Izdelka ne uporabljajte, \u010de ste alergi\u010dni na katerokoli od sestavin. Prenehajte z jemanjem ob preob\u010dutljivosti. Priporo\u010dene dnevne koli\u010dine oz. odmerka se ne sme prekora\u010diti. Prehransko dopolnilo ni namenjeno prepre\u010devanju in zdravljenju bolezni in bolezenskih stanj. Ne smemo u\u017eivati ali mazati seruma, \u010de smo pod vplivom alkohola ali drog, ker je v tej kombinaciji mo\u010dno po\u017eivilo.<\/p>\n","protected":false},"excerpt":{"rendered":"<p>Oljni serum iz grozdnih pe\u010dk je samostojen serum, pridelan iz grozdnih pe\u010dk. Izvle\u010dek je pridobljen z najnovej\u0161o tehnologijo in povsem naraven. Za razliko od olja, poznanega \u0161e iz anti\u010dnih \u010dasov, je serum veliko popolnej\u0161i in bolj obogaten z vitamini, minerali ter ostalimi hranilnimi snovmi.<\/p>\n<ul class=\"alineja\">\n<li><strong>Za \u010dvrst in mladostni videz ko\u017ee<\/strong><\/li>\n<li><strong>Nega vseh vrst ko\u017ee<\/strong><\/li>\n<li><strong>Pove\u010duje elasti\u010dnost ko\u017ee<\/strong><\/li>\n<li><strong>Izredna absorpcija<\/strong><\/li>\n<li><strong>Visoka vsebnost vitamina E in C, ter A<\/strong><\/li>\n<li><strong>Pospe\u0161uje tvorbo kolagena<\/strong><\/li>\n<li><strong>Ne vsebuje alkohola in drugih ostankov topil<\/strong><\/li>\n<\/ul>\n","protected":false},"featured_media":3695,"comment_status":"closed","ping_status":"closed","template":"","meta":[],"product_brand":[],"product_cat":[102,144],"product_tag":[],"class_list":{"0":"post-3691","1":"product","2":"type-product","3":"status-publish","4":"has-post-thumbnail","6":"product_cat-erbecare-sl","7":"product_cat-oljni-serumi","9":"first","10":"instock","11":"featured","12":"taxable","13":"shipping-taxable","14":"purchasable","15":"product-type-simple"},"yoast_head":"<!-- This site is optimized with the Yoast SEO plugin v27.6 - https:\/\/yoast.com\/product\/yoast-seo-wordpress\/ -->\n<title>Izvle\u010dek grozdnih pe\u010dk - OPC kapljice - Ekstrakt - Oljni serum - Erbetix.com<\/title>\n<meta name=\"description\" content=\"Izvle\u010dek grozdnih pe\u010dk - OPC kapljice - izjemen antioksidant - 100% naravni ekstrakt z visoko vsebnostjo blagodejnih u\u010dinkovin - Erbetix.com\" \/>\n<meta name=\"robots\" content=\"index, follow, max-snippet:-1, max-image-preview:large, max-video-preview:-1\" \/>\n<link rel=\"canonical\" href=\"https:\/\/erbetix.com\/sl\/izdelek\/oljni-serum-grozdne-pecke-10ml\/\" \/>\n<meta property=\"og:locale\" content=\"sl_SI\" \/>\n<meta property=\"og:type\" content=\"article\" \/>\n<meta property=\"og:title\" content=\"Izvle\u010dek grozdnih pe\u010dk - OPC kapljice - Ekstrakt - Oljni serum - Erbetix.com\" \/>\n<meta property=\"og:description\" content=\"Izvle\u010dek grozdnih pe\u010dk - OPC kapljice - izjemen antioksidant - 100% naravni ekstrakt z visoko vsebnostjo blagodejnih u\u010dinkovin - Erbetix.com\" \/>\n<meta property=\"og:url\" content=\"https:\/\/erbetix.com\/sl\/izdelek\/oljni-serum-grozdne-pecke-10ml\/\" \/>\n<meta property=\"og:site_name\" content=\"Erbetix\" \/>\n<meta property=\"article:modified_time\" content=\"2024-12-08T23:07:39+00:00\" \/>\n<meta property=\"og:image\" content=\"https:\/\/erbetix.com\/wp-content\/uploads\/2021\/01\/Red-Grapes-2.jpg\" \/>\n\t<meta property=\"og:image:width\" content=\"800\" \/>\n\t<meta property=\"og:image:height\" content=\"800\" \/>\n\t<meta property=\"og:image:type\" content=\"image\/jpeg\" \/>\n<meta name=\"twitter:card\" content=\"summary_large_image\" \/>\n<meta name=\"twitter:label1\" content=\"Est. reading time\" \/>\n\t<meta name=\"twitter:data1\" content=\"3 minute\" \/>\n<script type=\"application\/ld+json\" class=\"yoast-schema-graph\">{\"@context\":\"https:\\\/\\\/schema.org\",\"@graph\":[{\"@type\":\"WebPage\",\"@id\":\"https:\\\/\\\/erbetix.com\\\/sl\\\/izdelek\\\/oljni-serum-grozdne-pecke-10ml\\\/\",\"url\":\"https:\\\/\\\/erbetix.com\\\/sl\\\/izdelek\\\/oljni-serum-grozdne-pecke-10ml\\\/\",\"name\":\"Izvle\u010dek grozdnih pe\u010dk - OPC kapljice - Ekstrakt - Oljni serum - Erbetix.com\",\"isPartOf\":{\"@id\":\"https:\\\/\\\/erbetix.com\\\/sl\\\/#website\"},\"primaryImageOfPage\":{\"@id\":\"https:\\\/\\\/erbetix.com\\\/sl\\\/izdelek\\\/oljni-serum-grozdne-pecke-10ml\\\/#primaryimage\"},\"image\":{\"@id\":\"https:\\\/\\\/erbetix.com\\\/sl\\\/izdelek\\\/oljni-serum-grozdne-pecke-10ml\\\/#primaryimage\"},\"thumbnailUrl\":\"https:\\\/\\\/erbetix.com\\\/wp-content\\\/uploads\\\/2021\\\/01\\\/Red-Grapes-2.jpg\",\"datePublished\":\"2021-01-14T08:57:45+00:00\",\"dateModified\":\"2024-12-08T23:07:39+00:00\",\"description\":\"Izvle\u010dek grozdnih pe\u010dk - OPC kapljice - izjemen antioksidant - 100% naravni ekstrakt z visoko vsebnostjo blagodejnih u\u010dinkovin - Erbetix.com\",\"breadcrumb\":{\"@id\":\"https:\\\/\\\/erbetix.com\\\/sl\\\/izdelek\\\/oljni-serum-grozdne-pecke-10ml\\\/#breadcrumb\"},\"inLanguage\":\"sl-SI\",\"potentialAction\":[{\"@type\":\"ReadAction\",\"target\":[\"https:\\\/\\\/erbetix.com\\\/sl\\\/izdelek\\\/oljni-serum-grozdne-pecke-10ml\\\/\"]}]},{\"@type\":\"ImageObject\",\"inLanguage\":\"sl-SI\",\"@id\":\"https:\\\/\\\/erbetix.com\\\/sl\\\/izdelek\\\/oljni-serum-grozdne-pecke-10ml\\\/#primaryimage\",\"url\":\"https:\\\/\\\/erbetix.com\\\/wp-content\\\/uploads\\\/2021\\\/01\\\/Red-Grapes-2.jpg\",\"contentUrl\":\"https:\\\/\\\/erbetix.com\\\/wp-content\\\/uploads\\\/2021\\\/01\\\/Red-Grapes-2.jpg\",\"width\":800,\"height\":800,\"caption\":\"Izvle\u010dek grozdnih pe\u0161k ekstrakt OPC kapljice\"},{\"@type\":\"BreadcrumbList\",\"@id\":\"https:\\\/\\\/erbetix.com\\\/sl\\\/izdelek\\\/oljni-serum-grozdne-pecke-10ml\\\/#breadcrumb\",\"itemListElement\":[{\"@type\":\"ListItem\",\"position\":1,\"name\":\"Home\",\"item\":\"https:\\\/\\\/erbetix.com\\\/sl\\\/\"},{\"@type\":\"ListItem\",\"position\":2,\"name\":\"Trgovina\",\"item\":\"https:\\\/\\\/erbetix.com\\\/sl\\\/trgovina\\\/\"},{\"@type\":\"ListItem\",\"position\":3,\"name\":\"Oljni serum Grozdne pe\u010dke [10ml]\"}]},{\"@type\":\"WebSite\",\"@id\":\"https:\\\/\\\/erbetix.com\\\/sl\\\/#website\",\"url\":\"https:\\\/\\\/erbetix.com\\\/sl\\\/\",\"name\":\"Erbetix\",\"description\":\"The highest quality products and services in the herbal extract industry.\",\"potentialAction\":[{\"@type\":\"SearchAction\",\"target\":{\"@type\":\"EntryPoint\",\"urlTemplate\":\"https:\\\/\\\/erbetix.com\\\/sl\\\/?s={search_term_string}\"},\"query-input\":{\"@type\":\"PropertyValueSpecification\",\"valueRequired\":true,\"valueName\":\"search_term_string\"}}],\"inLanguage\":\"sl-SI\"}]}<\/script>\n<!-- \/ Yoast SEO plugin. -->","yoast_head_json":{"title":"Izvle\u010dek grozdnih pe\u010dk - OPC kapljice - Ekstrakt - Oljni serum - Erbetix.com","description":"Izvle\u010dek grozdnih pe\u010dk - OPC kapljice - izjemen antioksidant - 100% naravni ekstrakt z visoko vsebnostjo blagodejnih u\u010dinkovin - Erbetix.com","robots":{"index":"index","follow":"follow","max-snippet":"max-snippet:-1","max-image-preview":"max-image-preview:large","max-video-preview":"max-video-preview:-1"},"canonical":"https:\/\/erbetix.com\/sl\/izdelek\/oljni-serum-grozdne-pecke-10ml\/","og_locale":"sl_SI","og_type":"article","og_title":"Izvle\u010dek grozdnih pe\u010dk - OPC kapljice - Ekstrakt - Oljni serum - Erbetix.com","og_description":"Izvle\u010dek grozdnih pe\u010dk - OPC kapljice - izjemen antioksidant - 100% naravni ekstrakt z visoko vsebnostjo blagodejnih u\u010dinkovin - Erbetix.com","og_url":"https:\/\/erbetix.com\/sl\/izdelek\/oljni-serum-grozdne-pecke-10ml\/","og_site_name":"Erbetix","article_modified_time":"2024-12-08T23:07:39+00:00","og_image":[{"width":800,"height":800,"url":"https:\/\/erbetix.com\/wp-content\/uploads\/2021\/01\/Red-Grapes-2.jpg","type":"image\/jpeg"}],"twitter_card":"summary_large_image","twitter_misc":{"Est. reading time":"3 minute"},"schema":{"@context":"https:\/\/schema.org","@graph":[{"@type":"WebPage","@id":"https:\/\/erbetix.com\/sl\/izdelek\/oljni-serum-grozdne-pecke-10ml\/","url":"https:\/\/erbetix.com\/sl\/izdelek\/oljni-serum-grozdne-pecke-10ml\/","name":"Izvle\u010dek grozdnih pe\u010dk - OPC kapljice - Ekstrakt - Oljni serum - Erbetix.com","isPartOf":{"@id":"https:\/\/erbetix.com\/sl\/#website"},"primaryImageOfPage":{"@id":"https:\/\/erbetix.com\/sl\/izdelek\/oljni-serum-grozdne-pecke-10ml\/#primaryimage"},"image":{"@id":"https:\/\/erbetix.com\/sl\/izdelek\/oljni-serum-grozdne-pecke-10ml\/#primaryimage"},"thumbnailUrl":"https:\/\/erbetix.com\/wp-content\/uploads\/2021\/01\/Red-Grapes-2.jpg","datePublished":"2021-01-14T08:57:45+00:00","dateModified":"2024-12-08T23:07:39+00:00","description":"Izvle\u010dek grozdnih pe\u010dk - OPC kapljice - izjemen antioksidant - 100% naravni ekstrakt z visoko vsebnostjo blagodejnih u\u010dinkovin - Erbetix.com","breadcrumb":{"@id":"https:\/\/erbetix.com\/sl\/izdelek\/oljni-serum-grozdne-pecke-10ml\/#breadcrumb"},"inLanguage":"sl-SI","potentialAction":[{"@type":"ReadAction","target":["https:\/\/erbetix.com\/sl\/izdelek\/oljni-serum-grozdne-pecke-10ml\/"]}]},{"@type":"ImageObject","inLanguage":"sl-SI","@id":"https:\/\/erbetix.com\/sl\/izdelek\/oljni-serum-grozdne-pecke-10ml\/#primaryimage","url":"https:\/\/erbetix.com\/wp-content\/uploads\/2021\/01\/Red-Grapes-2.jpg","contentUrl":"https:\/\/erbetix.com\/wp-content\/uploads\/2021\/01\/Red-Grapes-2.jpg","width":800,"height":800,"caption":"Izvle\u010dek grozdnih pe\u0161k ekstrakt OPC kapljice"},{"@type":"BreadcrumbList","@id":"https:\/\/erbetix.com\/sl\/izdelek\/oljni-serum-grozdne-pecke-10ml\/#breadcrumb","itemListElement":[{"@type":"ListItem","position":1,"name":"Home","item":"https:\/\/erbetix.com\/sl\/"},{"@type":"ListItem","position":2,"name":"Trgovina","item":"https:\/\/erbetix.com\/sl\/trgovina\/"},{"@type":"ListItem","position":3,"name":"Oljni serum Grozdne pe\u010dke [10ml]"}]},{"@type":"WebSite","@id":"https:\/\/erbetix.com\/sl\/#website","url":"https:\/\/erbetix.com\/sl\/","name":"Erbetix","description":"The highest quality products and services in the herbal extract industry.","potentialAction":[{"@type":"SearchAction","target":{"@type":"EntryPoint","urlTemplate":"https:\/\/erbetix.com\/sl\/?s={search_term_string}"},"query-input":{"@type":"PropertyValueSpecification","valueRequired":true,"valueName":"search_term_string"}}],"inLanguage":"sl-SI"}]}},"_links":{"self":[{"href":"https:\/\/erbetix.com\/sl\/wp-json\/wp\/v2\/product\/3691","targetHints":{"allow":["GET"]}}],"collection":[{"href":"https:\/\/erbetix.com\/sl\/wp-json\/wp\/v2\/product"}],"about":[{"href":"https:\/\/erbetix.com\/sl\/wp-json\/wp\/v2\/types\/product"}],"replies":[{"embeddable":true,"href":"https:\/\/erbetix.com\/sl\/wp-json\/wp\/v2\/comments?post=3691"}],"wp:featuredmedia":[{"embeddable":true,"href":"https:\/\/erbetix.com\/sl\/wp-json\/wp\/v2\/media\/3695"}],"wp:attachment":[{"href":"https:\/\/erbetix.com\/sl\/wp-json\/wp\/v2\/media?parent=3691"}],"wp:term":[{"taxonomy":"product_brand","embeddable":true,"href":"https:\/\/erbetix.com\/sl\/wp-json\/wp\/v2\/product_brand?post=3691"},{"taxonomy":"product_cat","embeddable":true,"href":"https:\/\/erbetix.com\/sl\/wp-json\/wp\/v2\/product_cat?post=3691"},{"taxonomy":"product_tag","embeddable":true,"href":"https:\/\/erbetix.com\/sl\/wp-json\/wp\/v2\/product_tag?post=3691"}],"curies":[{"name":"wp","href":"https:\/\/api.w.org\/{rel}","templated":true}]}}