{"id":4212,"date":"2021-08-13T12:47:37","date_gmt":"2021-08-13T10:47:37","guid":{"rendered":"https:\/\/erbetix.com\/?post_type=product&#038;p=4212"},"modified":"2025-04-12T16:40:25","modified_gmt":"2025-04-12T14:40:25","slug":"cbg-kapljice-10-10ml","status":"publish","type":"product","link":"https:\/\/erbetix.com\/sl\/izdelek\/cbg-kapljice-10-10ml\/","title":{"rendered":"CBG Kapljice 10% [10ml]"},"content":{"rendered":"<p>ERBETIX CBG kapljice so narejene iz visokokakovostnega izvle\u010dka konoplje (Cannabis sativa) in olja oljne ogr\u0161\u010dice, katero je posebej izbrano zaradi bolj\u0161ega okusa in same absorpcije.<\/p>\n<p><strong>LASTNOSTI:<\/strong><\/p>\n<ul class=\"alineja\">\n<li>pridobljene z najnaprednej\u0161o metodo ekstrakcije, ki ohranja naj\u0161ir\u0161i mo\u017eni spekter terpenov in ostalih kanabinoidov<\/li>\n<li>zaradi nizke vsebnosti THC ne delujejo psihoaktivno<\/li>\n<li>pridelane in polnjene v Sloveniji<\/li>\n<li>izdelek je laboratorijsko testiran in v skladu s strogimi evropskimi predpisi<\/li>\n<li>brez GSO, glutena, umetnih barvil in arom<\/li>\n<li>izdelek primeren za vegane<\/li>\n<\/ul>\n<p><strong>UPORABA:<\/strong><\/p>\n<ul class=\"alineja\">\n<li>za varno in natan\u010dno odmerjanje je prilo\u017eena kapalka<\/li>\n<li>1 kapljica = 3,4mg CBG<\/li>\n<li>izdelek uporabljajte po potrebi, lahko tudi ve\u010dkrat dnevno<\/li>\n<li>doziranje je odvisno od organizma vsakega posameznika<\/li>\n<li>v primeru preob\u010dutljivosti prenehajte z jemanjem<\/li>\n<li>hranite v temnem in hladnem prostoru<\/li>\n<li>shranjujte nedosegljivo otrokom<\/li>\n<li>rok uporabnosti: 18 mesecev<\/li>\n<\/ul>\n","protected":false},"excerpt":{"rendered":"<p>CBG kapljice so naravni ekstrakt oz. izvle\u010dek organsko pridelane konoplje polnega spektra u\u010dinkovin oz. kanabinoidov, raztopljenega v hladno stiskanem olju oljne ogr\u0161\u010dice, s poudarkom na vi\u0161ji koncentraciji kanabigerola (CBG).<\/p>\n<ul class=\"alineja\">\n<li><strong>1 (kapljica) = 3,4mg CBG<\/strong><\/li>\n<li><strong>THC &lt; 0,2%, ne deluje psihoaktivno<\/strong><\/li>\n<li><strong>Organsko pridelano s celotnim rastlinskim spektrom<\/strong><\/li>\n<li><strong>Za krepitev imunskega sistema<\/strong><\/li>\n<li><strong>Prepre\u010duje bakterijske in virusne oku\u017ebe<\/strong><\/li>\n<li><strong>Za miren spanec<\/strong><\/li>\n<li><strong>Slovenski proizvod<\/strong><\/li>\n<\/ul>\n","protected":false},"featured_media":4249,"comment_status":"open","ping_status":"closed","template":"","meta":[],"product_brand":[],"product_cat":[229,121],"product_tag":[],"class_list":{"0":"post-4212","1":"product","2":"type-product","3":"status-publish","4":"has-post-thumbnail","6":"product_cat-cbg-kapljice","7":"product_cat-erbeoils-sl","9":"first","10":"instock","11":"taxable","12":"shipping-taxable","13":"purchasable","14":"product-type-simple"},"yoast_head":"<!-- This site is optimized with the Yoast SEO plugin v27.3 - https:\/\/yoast.com\/product\/yoast-seo-wordpress\/ -->\n<title>CBG Kapljice 10% [10ml] - Erbetix<\/title>\n<meta name=\"description\" content=\"CBG kapljice - depresija in anksioznost - dober spanec - \u010drevesne te\u017eave - Erbetix - Regeneracija mi\u0161ic - Cannabigerol\" \/>\n<meta name=\"robots\" content=\"index, follow, max-snippet:-1, max-image-preview:large, max-video-preview:-1\" \/>\n<link rel=\"canonical\" href=\"https:\/\/erbetix.com\/sl\/izdelek\/cbg-kapljice-10-10ml\/\" \/>\n<meta property=\"og:locale\" content=\"sl_SI\" \/>\n<meta property=\"og:type\" content=\"article\" \/>\n<meta property=\"og:title\" content=\"CBG Kapljice 10% [10ml] - Erbetix\" \/>\n<meta property=\"og:description\" content=\"CBG kapljice - depresija in anksioznost - dober spanec - \u010drevesne te\u017eave - Erbetix - Regeneracija mi\u0161ic - Cannabigerol\" \/>\n<meta property=\"og:url\" content=\"https:\/\/erbetix.com\/sl\/izdelek\/cbg-kapljice-10-10ml\/\" \/>\n<meta property=\"og:site_name\" content=\"Erbetix\" \/>\n<meta property=\"article:modified_time\" content=\"2025-04-12T14:40:25+00:00\" \/>\n<meta property=\"og:image\" content=\"https:\/\/erbetix.com\/wp-content\/uploads\/2021\/08\/CBG_0001_SLO-10.jpg\" \/>\n\t<meta property=\"og:image:width\" content=\"800\" \/>\n\t<meta property=\"og:image:height\" content=\"800\" \/>\n\t<meta property=\"og:image:type\" content=\"image\/jpeg\" \/>\n<meta name=\"twitter:card\" content=\"summary_large_image\" \/>\n<meta name=\"twitter:label1\" content=\"Est. reading time\" \/>\n\t<meta name=\"twitter:data1\" content=\"1 minuta\" \/>\n<script type=\"application\/ld+json\" class=\"yoast-schema-graph\">{\"@context\":\"https:\\\/\\\/schema.org\",\"@graph\":[{\"@type\":\"WebPage\",\"@id\":\"https:\\\/\\\/erbetix.com\\\/sl\\\/izdelek\\\/cbg-kapljice-10-10ml\\\/\",\"url\":\"https:\\\/\\\/erbetix.com\\\/sl\\\/izdelek\\\/cbg-kapljice-10-10ml\\\/\",\"name\":\"CBG Kapljice 10% [10ml] - Erbetix\",\"isPartOf\":{\"@id\":\"https:\\\/\\\/erbetix.com\\\/sl\\\/#website\"},\"primaryImageOfPage\":{\"@id\":\"https:\\\/\\\/erbetix.com\\\/sl\\\/izdelek\\\/cbg-kapljice-10-10ml\\\/#primaryimage\"},\"image\":{\"@id\":\"https:\\\/\\\/erbetix.com\\\/sl\\\/izdelek\\\/cbg-kapljice-10-10ml\\\/#primaryimage\"},\"thumbnailUrl\":\"https:\\\/\\\/erbetix.com\\\/wp-content\\\/uploads\\\/2021\\\/08\\\/CBG_0001_SLO-10.jpg\",\"datePublished\":\"2021-08-13T10:47:37+00:00\",\"dateModified\":\"2025-04-12T14:40:25+00:00\",\"description\":\"CBG kapljice - depresija in anksioznost - dober spanec - \u010drevesne te\u017eave - Erbetix - Regeneracija mi\u0161ic - Cannabigerol\",\"breadcrumb\":{\"@id\":\"https:\\\/\\\/erbetix.com\\\/sl\\\/izdelek\\\/cbg-kapljice-10-10ml\\\/#breadcrumb\"},\"inLanguage\":\"sl-SI\",\"potentialAction\":[{\"@type\":\"ReadAction\",\"target\":[\"https:\\\/\\\/erbetix.com\\\/sl\\\/izdelek\\\/cbg-kapljice-10-10ml\\\/\"]}]},{\"@type\":\"ImageObject\",\"inLanguage\":\"sl-SI\",\"@id\":\"https:\\\/\\\/erbetix.com\\\/sl\\\/izdelek\\\/cbg-kapljice-10-10ml\\\/#primaryimage\",\"url\":\"https:\\\/\\\/erbetix.com\\\/wp-content\\\/uploads\\\/2021\\\/08\\\/CBG_0001_SLO-10.jpg\",\"contentUrl\":\"https:\\\/\\\/erbetix.com\\\/wp-content\\\/uploads\\\/2021\\\/08\\\/CBG_0001_SLO-10.jpg\",\"width\":800,\"height\":800},{\"@type\":\"BreadcrumbList\",\"@id\":\"https:\\\/\\\/erbetix.com\\\/sl\\\/izdelek\\\/cbg-kapljice-10-10ml\\\/#breadcrumb\",\"itemListElement\":[{\"@type\":\"ListItem\",\"position\":1,\"name\":\"Home\",\"item\":\"https:\\\/\\\/erbetix.com\\\/sl\\\/\"},{\"@type\":\"ListItem\",\"position\":2,\"name\":\"Trgovina\",\"item\":\"https:\\\/\\\/erbetix.com\\\/sl\\\/trgovina\\\/\"},{\"@type\":\"ListItem\",\"position\":3,\"name\":\"CBG Kapljice 10% [10ml]\"}]},{\"@type\":\"WebSite\",\"@id\":\"https:\\\/\\\/erbetix.com\\\/sl\\\/#website\",\"url\":\"https:\\\/\\\/erbetix.com\\\/sl\\\/\",\"name\":\"Erbetix\",\"description\":\"The highest quality products and services in the herbal extract industry.\",\"potentialAction\":[{\"@type\":\"SearchAction\",\"target\":{\"@type\":\"EntryPoint\",\"urlTemplate\":\"https:\\\/\\\/erbetix.com\\\/sl\\\/?s={search_term_string}\"},\"query-input\":{\"@type\":\"PropertyValueSpecification\",\"valueRequired\":true,\"valueName\":\"search_term_string\"}}],\"inLanguage\":\"sl-SI\"}]}<\/script>\n<!-- \/ Yoast SEO plugin. -->","yoast_head_json":{"title":"CBG Kapljice 10% [10ml] - Erbetix","description":"CBG kapljice - depresija in anksioznost - dober spanec - \u010drevesne te\u017eave - Erbetix - Regeneracija mi\u0161ic - Cannabigerol","robots":{"index":"index","follow":"follow","max-snippet":"max-snippet:-1","max-image-preview":"max-image-preview:large","max-video-preview":"max-video-preview:-1"},"canonical":"https:\/\/erbetix.com\/sl\/izdelek\/cbg-kapljice-10-10ml\/","og_locale":"sl_SI","og_type":"article","og_title":"CBG Kapljice 10% [10ml] - Erbetix","og_description":"CBG kapljice - depresija in anksioznost - dober spanec - \u010drevesne te\u017eave - Erbetix - Regeneracija mi\u0161ic - Cannabigerol","og_url":"https:\/\/erbetix.com\/sl\/izdelek\/cbg-kapljice-10-10ml\/","og_site_name":"Erbetix","article_modified_time":"2025-04-12T14:40:25+00:00","og_image":[{"width":800,"height":800,"url":"https:\/\/erbetix.com\/wp-content\/uploads\/2021\/08\/CBG_0001_SLO-10.jpg","type":"image\/jpeg"}],"twitter_card":"summary_large_image","twitter_misc":{"Est. reading time":"1 minuta"},"schema":{"@context":"https:\/\/schema.org","@graph":[{"@type":"WebPage","@id":"https:\/\/erbetix.com\/sl\/izdelek\/cbg-kapljice-10-10ml\/","url":"https:\/\/erbetix.com\/sl\/izdelek\/cbg-kapljice-10-10ml\/","name":"CBG Kapljice 10% [10ml] - Erbetix","isPartOf":{"@id":"https:\/\/erbetix.com\/sl\/#website"},"primaryImageOfPage":{"@id":"https:\/\/erbetix.com\/sl\/izdelek\/cbg-kapljice-10-10ml\/#primaryimage"},"image":{"@id":"https:\/\/erbetix.com\/sl\/izdelek\/cbg-kapljice-10-10ml\/#primaryimage"},"thumbnailUrl":"https:\/\/erbetix.com\/wp-content\/uploads\/2021\/08\/CBG_0001_SLO-10.jpg","datePublished":"2021-08-13T10:47:37+00:00","dateModified":"2025-04-12T14:40:25+00:00","description":"CBG kapljice - depresija in anksioznost - dober spanec - \u010drevesne te\u017eave - Erbetix - Regeneracija mi\u0161ic - Cannabigerol","breadcrumb":{"@id":"https:\/\/erbetix.com\/sl\/izdelek\/cbg-kapljice-10-10ml\/#breadcrumb"},"inLanguage":"sl-SI","potentialAction":[{"@type":"ReadAction","target":["https:\/\/erbetix.com\/sl\/izdelek\/cbg-kapljice-10-10ml\/"]}]},{"@type":"ImageObject","inLanguage":"sl-SI","@id":"https:\/\/erbetix.com\/sl\/izdelek\/cbg-kapljice-10-10ml\/#primaryimage","url":"https:\/\/erbetix.com\/wp-content\/uploads\/2021\/08\/CBG_0001_SLO-10.jpg","contentUrl":"https:\/\/erbetix.com\/wp-content\/uploads\/2021\/08\/CBG_0001_SLO-10.jpg","width":800,"height":800},{"@type":"BreadcrumbList","@id":"https:\/\/erbetix.com\/sl\/izdelek\/cbg-kapljice-10-10ml\/#breadcrumb","itemListElement":[{"@type":"ListItem","position":1,"name":"Home","item":"https:\/\/erbetix.com\/sl\/"},{"@type":"ListItem","position":2,"name":"Trgovina","item":"https:\/\/erbetix.com\/sl\/trgovina\/"},{"@type":"ListItem","position":3,"name":"CBG Kapljice 10% [10ml]"}]},{"@type":"WebSite","@id":"https:\/\/erbetix.com\/sl\/#website","url":"https:\/\/erbetix.com\/sl\/","name":"Erbetix","description":"The highest quality products and services in the herbal extract industry.","potentialAction":[{"@type":"SearchAction","target":{"@type":"EntryPoint","urlTemplate":"https:\/\/erbetix.com\/sl\/?s={search_term_string}"},"query-input":{"@type":"PropertyValueSpecification","valueRequired":true,"valueName":"search_term_string"}}],"inLanguage":"sl-SI"}]}},"_links":{"self":[{"href":"https:\/\/erbetix.com\/sl\/wp-json\/wp\/v2\/product\/4212","targetHints":{"allow":["GET"]}}],"collection":[{"href":"https:\/\/erbetix.com\/sl\/wp-json\/wp\/v2\/product"}],"about":[{"href":"https:\/\/erbetix.com\/sl\/wp-json\/wp\/v2\/types\/product"}],"replies":[{"embeddable":true,"href":"https:\/\/erbetix.com\/sl\/wp-json\/wp\/v2\/comments?post=4212"}],"wp:featuredmedia":[{"embeddable":true,"href":"https:\/\/erbetix.com\/sl\/wp-json\/wp\/v2\/media\/4249"}],"wp:attachment":[{"href":"https:\/\/erbetix.com\/sl\/wp-json\/wp\/v2\/media?parent=4212"}],"wp:term":[{"taxonomy":"product_brand","embeddable":true,"href":"https:\/\/erbetix.com\/sl\/wp-json\/wp\/v2\/product_brand?post=4212"},{"taxonomy":"product_cat","embeddable":true,"href":"https:\/\/erbetix.com\/sl\/wp-json\/wp\/v2\/product_cat?post=4212"},{"taxonomy":"product_tag","embeddable":true,"href":"https:\/\/erbetix.com\/sl\/wp-json\/wp\/v2\/product_tag?post=4212"}],"curies":[{"name":"wp","href":"https:\/\/api.w.org\/{rel}","templated":true}]}}